{"id":465,"date":"2025-12-16T19:33:29","date_gmt":"2025-12-16T19:33:29","guid":{"rendered":"https:\/\/bankofnassau.com\/what-we-do\/"},"modified":"2026-01-28T16:21:46","modified_gmt":"2026-01-28T16:21:46","slug":"what-we-do","status":"publish","type":"page","link":"https:\/\/bankofnassau.com\/pt\/what-we-do\/","title":{"rendered":"O que fazemos"},"content":{"rendered":"<section class=\"pagehead\" data-fls-pagehead=\"\" >\n    <div class=\"pagehead__picture\">\n            <picture class=\"el-picture\">\n        <source media=\"(max-width: 374.99px)\"\n                srcset=\"https:\/\/bankofnassau.com\/wp-content\/uploads\/2026\/01\/whatwedo-375x106.webp, https:\/\/bankofnassau.com\/wp-content\/uploads\/2026\/01\/whatwedo-750x212.webp 2x\">\n        <source media=\"(max-width: 767.99px)\"\n                srcset=\"https:\/\/bankofnassau.com\/wp-content\/uploads\/2026\/01\/whatwedo-768x217.webp, https:\/\/bankofnassau.com\/wp-content\/uploads\/2026\/01\/whatwedo-1536x434.webp 2x\">\n        <source media=\"(max-width: 1023.99px)\"\n                srcset=\"https:\/\/bankofnassau.com\/wp-content\/uploads\/2026\/01\/whatwedo-1024x289.webp, https:\/\/bankofnassau.com\/wp-content\/uploads\/2026\/01\/whatwedo-2048x579.webp 2x\">\n        <source media=\"(max-width: 1199.99px)\"\n                srcset=\"https:\/\/bankofnassau.com\/wp-content\/uploads\/2026\/01\/whatwedo-1200x339.webp, https:\/\/bankofnassau.com\/wp-content\/uploads\/2026\/01\/whatwedo-2400x678.webp 2x\">\n        <source media=\"(max-width: 1599.99px)\"\n                srcset=\"https:\/\/bankofnassau.com\/wp-content\/uploads\/2026\/01\/whatwedo-1600x452.webp, https:\/\/bankofnassau.com\/wp-content\/uploads\/2026\/01\/whatwedo-scaled.webp 2x\">\n        <source media=\"(min-width: 1600px)\"\n                srcset=\"https:\/\/bankofnassau.com\/wp-content\/uploads\/2026\/01\/whatwedo-2000x565.webp, https:\/\/bankofnassau.com\/wp-content\/uploads\/2026\/01\/whatwedo-scaled.webp 2x\">\n\n        <img class=\"pagehead__image el-image\"\n             src=\"https:\/\/bankofnassau.com\/wp-content\/uploads\/2026\/01\/whatwedo-1200x339.webp\"\n             alt=\"whatwedo\"\n             width=\"1200\"\n             height=\"339\"\n             loading=\"lazy\"\n             decoding=\"async\">\n    <\/picture>\n\n    <\/div>\n    <div class=\"pagehead__container\">\n        <div class=\"pagehead__body\">\n                            <section data-fls-breadcrumbs=\"\" class=\"breadcrumbs\">\n                    <ul class=\"breadcrumbs__list\">\n                                                    <li class=\"breadcrumbs__item\">\n                                                                <span class=\"--icon-arrow-left-thin left-icon\"><\/span>\n                                                                                                    <a href=\"\/pt\/\" class=\"breadcrumbs__item-link\">P\u00e1gina inicial<\/a>\n                                                                                                    <span class=\"--icon-arrow-right-thin right-icon\"><\/span>\n                                                            <\/li>\n                                                    <li class=\"breadcrumbs__item\">\n                                                                <span class=\"--icon-arrow-left-thin left-icon\"><\/span>\n                                                                                                    <span class=\"breadcrumbs__item-text\">O que fazemos<\/span>\n                                                                                            <\/li>\n                                            <\/ul>\n                <\/section>\n                        <h4 class=\"pagehead__title\">O que fazemos<\/h4>\n        <\/div>\n    <\/div>\n<\/section>\n\n\n                        \n    <div class=\"page__container\">\n        <div class=\"mt-64-96 pb-32 text text-899-left-to-first-line\">\n            <h2>Banco privado de precis\u00e3o e gest\u00e3o de patrim\u00f4nio alinhados com os objetivos do cliente<\/h2>\n\n        <\/div>\n    <\/div>\n\n\n                        \n    <div class=\"page__container\">\n        <div class=\"pb-32 text text-899-left-to-first-line\">\n            <p>O Bank of Nassau oferece servi\u00e7os globais de banco privado e gest\u00e3o de patrim\u00f4nio, projetados para preservar, otimizar e posicionar estrategicamente o capital dos clientes. Combinamos execu\u00e7\u00e3o meticulosa, aproveitando nossa profunda perspic\u00e1cia em atravessar \u00e1reas financeiras complexas, fornecendo acesso eficiente aos mercados financeiros globais, precifica\u00e7\u00e3o competitiva e intelig\u00eancia oportuna que suporta a tomada de decis\u00f5es.<\/p>\n\n        <\/div>\n    <\/div>\n\n\n                        \n    <div class=\"page__container\">\n        <div class=\"pb-32 text text-899-left-to-first-line\">\n            <p>Nossa abordagem \u00e0 gest\u00e3o de patrim\u00f4nio prioriza as demandas dos clientes: atender a necessidades financeiras complexas por meio de estrat\u00e9gias e estruturas de investimento personalizadas, acesso seletivo ao mercado e an\u00e1lises rigorosas alinhadas com objetivos individuais e metas de longo prazo.<\/p>\n\n        <\/div>\n    <\/div>\n\n\n                        \n    <div class=\"page__container\">\n        <div class=\"mb-64-120 text text-899-left-to-first-line\">\n            <p>O Bank of Nassau concentra-se em indiv\u00edduos de alto patrim\u00f4nio l\u00edquido e escrit\u00f3rios familiares, oferecendo solu\u00e7\u00f5es personalizadas em aloca\u00e7\u00e3o de ativos, gest\u00e3o de risco e valoriza\u00e7\u00e3o de capital a longo prazo. Desde a execu\u00e7\u00e3o precisa de ordens at\u00e9 a curadoria de meios de investimentos individualizados e consultoria prospectiva sobre orienta\u00e7\u00e3o macroecon\u00f4mica, cada relacionamento reflete nosso compromisso com a discri\u00e7\u00e3o, precis\u00e3o e excel\u00eancia.<\/p>\n\n        <\/div>\n    <\/div>\n\n\n        <div class=\"page__container\">\n        <div class=\"page__services services mb-64-120\">\n                            <section data-fls-service=\"\" class=\"service\">\n                    <div class=\"service__body\">\n                                                    \n    <img class=\"service__image el-image\"\n         src=\"https:\/\/bankofnassau.com\/wp-content\/uploads\/2025\/12\/bank.svg\"\n         alt=\"bank\"\n                              loading=\"lazy\"\n         decoding=\"async\">\n\n                                                                            <h3 class=\"service__title\">Servi\u00e7os de banco privado<\/h3>\n                                                                            <p class=\"service__text\">Independentemente da complexidade do seu objetivo financeiro, voc\u00ea conta com uma equipe com o conhecimento e a experi\u00eancia necess\u00e1rios para resolv\u00ea-lo e executar a solu\u00e7\u00e3o com a devida precis\u00e3o e agilidade.<\/p>\n                                            <\/div>\n                                            <div class=\"service__bottom\">\n                            <a data-fls-link=\"\" href=\"\/pt\/private-banking-services\" class=\"link link--icon-right\">\n                                <span class=\"--icon-arrow-left link__icon link__icon-left\"><\/span>\n                                <span class=\"link__text\">Saiba mais<\/span>\n                                <span class=\"--icon-arrow-right link__icon link__icon-right\"><\/span>\n                                <span class=\"--icon-download link__icon link__icon-fdownload\"><\/span>\n                            <\/a>\n                        <\/div>\n                                    <\/section>\n                            <section data-fls-service=\"\" class=\"service\">\n                    <div class=\"service__body\">\n                                                    \n    <img class=\"service__image el-image\"\n         src=\"https:\/\/bankofnassau.com\/wp-content\/uploads\/2025\/12\/global.svg\"\n         alt=\"global\"\n                              loading=\"lazy\"\n         decoding=\"async\">\n\n                                                                            <h3 class=\"service__title\">Acesso aos mercados globais<\/h3>\n                                                                            <p class=\"service__text\">Navegue pelos mercados financeiros para investir a pre\u00e7os em tempo real com taxas competitivas e transparentes, servi\u00e7os de notifica\u00e7\u00f5es personalizados e garantia de execu\u00e7\u00e3o premium.<\/p>\n                                            <\/div>\n                                            <div class=\"service__bottom\">\n                            <a data-fls-link=\"\" href=\"\/pt\/global-markets-access\" class=\"link link--icon-right\">\n                                <span class=\"--icon-arrow-left link__icon link__icon-left\"><\/span>\n                                <span class=\"link__text\">Saiba mais<\/span>\n                                <span class=\"--icon-arrow-right link__icon link__icon-right\"><\/span>\n                                <span class=\"--icon-download link__icon link__icon-fdownload\"><\/span>\n                            <\/a>\n                        <\/div>\n                                    <\/section>\n                            <section data-fls-service=\"\" class=\"service\">\n                    <div class=\"service__body\">\n                                                    \n    <img class=\"service__image el-image\"\n         src=\"https:\/\/bankofnassau.com\/wp-content\/uploads\/2025\/12\/chart.svg\"\n         alt=\"chart\"\n                              loading=\"lazy\"\n         decoding=\"async\">\n\n                                                                            <h3 class=\"service__title\">Gest\u00e3o patrimonial<\/h3>\n                                                                            <p class=\"service__text\">Oferecemos assessoria personalizada e oportunidades de investimentos exclusivas para aprimorar sua estrat\u00e9gia de investimentos e seu quadro financeiro.<\/p>\n                                            <\/div>\n                                            <div class=\"service__bottom\">\n                            <a data-fls-link=\"\" href=\"\/pt\/wealth-management\" class=\"link link--icon-right\">\n                                <span class=\"--icon-arrow-left link__icon link__icon-left\"><\/span>\n                                <span class=\"link__text\">Saiba mais<\/span>\n                                <span class=\"--icon-arrow-right link__icon link__icon-right\"><\/span>\n                                <span class=\"--icon-download link__icon link__icon-fdownload\"><\/span>\n                            <\/a>\n                        <\/div>\n                                    <\/section>\n                    <\/div>\n    <\/div>\n","protected":false},"excerpt":{"rendered":"","protected":false},"author":1,"featured_media":0,"parent":0,"menu_order":0,"comment_status":"closed","ping_status":"closed","template":"","meta":{"_acf_changed":false,"inline_featured_image":false,"footnotes":""},"class_list":["post-465","page","type-page","status-publish","hentry"],"acf":[],"yoast_head":"<!-- This site is optimized with the Yoast SEO plugin v27.4 - https:\/\/yoast.com\/product\/yoast-seo-wordpress\/ -->\n<title>O que fazemos - Bank of Nassau<\/title>\n<meta name=\"robots\" content=\"index, follow, max-snippet:-1, max-image-preview:large, max-video-preview:-1\" \/>\n<link rel=\"canonical\" href=\"https:\/\/bankofnassau.com\/pt\/what-we-do\/\" \/>\n<meta property=\"og:locale\" content=\"pt_PT\" \/>\n<meta property=\"og:type\" content=\"article\" \/>\n<meta property=\"og:title\" content=\"O que fazemos - Bank of Nassau\" \/>\n<meta property=\"og:url\" content=\"https:\/\/bankofnassau.com\/pt\/what-we-do\/\" \/>\n<meta property=\"og:site_name\" content=\"Bank of Nassau\" \/>\n<meta property=\"article:modified_time\" content=\"2026-01-28T16:21:46+00:00\" \/>\n<meta name=\"twitter:card\" content=\"summary_large_image\" \/>\n<script type=\"application\/ld+json\" class=\"yoast-schema-graph\">{\"@context\":\"https:\\\/\\\/schema.org\",\"@graph\":[{\"@type\":\"WebPage\",\"@id\":\"https:\\\/\\\/bankofnassau.com\\\/pt\\\/what-we-do\\\/\",\"url\":\"https:\\\/\\\/bankofnassau.com\\\/pt\\\/what-we-do\\\/\",\"name\":\"O que fazemos - Bank of Nassau\",\"isPartOf\":{\"@id\":\"https:\\\/\\\/bankofnassau.com\\\/pt\\\/#website\"},\"datePublished\":\"2025-12-16T19:33:29+00:00\",\"dateModified\":\"2026-01-28T16:21:46+00:00\",\"breadcrumb\":{\"@id\":\"https:\\\/\\\/bankofnassau.com\\\/pt\\\/what-we-do\\\/#breadcrumb\"},\"inLanguage\":\"pt-PT\",\"potentialAction\":[{\"@type\":\"ReadAction\",\"target\":[\"https:\\\/\\\/bankofnassau.com\\\/pt\\\/what-we-do\\\/\"]}]},{\"@type\":\"BreadcrumbList\",\"@id\":\"https:\\\/\\\/bankofnassau.com\\\/pt\\\/what-we-do\\\/#breadcrumb\",\"itemListElement\":[{\"@type\":\"ListItem\",\"position\":1,\"name\":\"Home\",\"item\":\"https:\\\/\\\/bankofnassau.com\\\/pt\\\/\"},{\"@type\":\"ListItem\",\"position\":2,\"name\":\"O que fazemos\"}]},{\"@type\":\"WebSite\",\"@id\":\"https:\\\/\\\/bankofnassau.com\\\/pt\\\/#website\",\"url\":\"https:\\\/\\\/bankofnassau.com\\\/pt\\\/\",\"name\":\"Bank of Nassau\",\"description\":\"\",\"potentialAction\":[{\"@type\":\"SearchAction\",\"target\":{\"@type\":\"EntryPoint\",\"urlTemplate\":\"https:\\\/\\\/bankofnassau.com\\\/pt\\\/?s={search_term_string}\"},\"query-input\":{\"@type\":\"PropertyValueSpecification\",\"valueRequired\":true,\"valueName\":\"search_term_string\"}}],\"inLanguage\":\"pt-PT\"}]}<\/script>\n<!-- \/ Yoast SEO plugin. -->","yoast_head_json":{"title":"O que fazemos - Bank of Nassau","robots":{"index":"index","follow":"follow","max-snippet":"max-snippet:-1","max-image-preview":"max-image-preview:large","max-video-preview":"max-video-preview:-1"},"canonical":"https:\/\/bankofnassau.com\/pt\/what-we-do\/","og_locale":"pt_PT","og_type":"article","og_title":"O que fazemos - Bank of Nassau","og_url":"https:\/\/bankofnassau.com\/pt\/what-we-do\/","og_site_name":"Bank of Nassau","article_modified_time":"2026-01-28T16:21:46+00:00","twitter_card":"summary_large_image","schema":{"@context":"https:\/\/schema.org","@graph":[{"@type":"WebPage","@id":"https:\/\/bankofnassau.com\/pt\/what-we-do\/","url":"https:\/\/bankofnassau.com\/pt\/what-we-do\/","name":"O que fazemos - Bank of Nassau","isPartOf":{"@id":"https:\/\/bankofnassau.com\/pt\/#website"},"datePublished":"2025-12-16T19:33:29+00:00","dateModified":"2026-01-28T16:21:46+00:00","breadcrumb":{"@id":"https:\/\/bankofnassau.com\/pt\/what-we-do\/#breadcrumb"},"inLanguage":"pt-PT","potentialAction":[{"@type":"ReadAction","target":["https:\/\/bankofnassau.com\/pt\/what-we-do\/"]}]},{"@type":"BreadcrumbList","@id":"https:\/\/bankofnassau.com\/pt\/what-we-do\/#breadcrumb","itemListElement":[{"@type":"ListItem","position":1,"name":"Home","item":"https:\/\/bankofnassau.com\/pt\/"},{"@type":"ListItem","position":2,"name":"O que fazemos"}]},{"@type":"WebSite","@id":"https:\/\/bankofnassau.com\/pt\/#website","url":"https:\/\/bankofnassau.com\/pt\/","name":"Bank of Nassau","description":"","potentialAction":[{"@type":"SearchAction","target":{"@type":"EntryPoint","urlTemplate":"https:\/\/bankofnassau.com\/pt\/?s={search_term_string}"},"query-input":{"@type":"PropertyValueSpecification","valueRequired":true,"valueName":"search_term_string"}}],"inLanguage":"pt-PT"}]}},"_links":{"self":[{"href":"https:\/\/bankofnassau.com\/pt\/wp-json\/wp\/v2\/pages\/465","targetHints":{"allow":["GET"]}}],"collection":[{"href":"https:\/\/bankofnassau.com\/pt\/wp-json\/wp\/v2\/pages"}],"about":[{"href":"https:\/\/bankofnassau.com\/pt\/wp-json\/wp\/v2\/types\/page"}],"author":[{"embeddable":true,"href":"https:\/\/bankofnassau.com\/pt\/wp-json\/wp\/v2\/users\/1"}],"replies":[{"embeddable":true,"href":"https:\/\/bankofnassau.com\/pt\/wp-json\/wp\/v2\/comments?post=465"}],"version-history":[{"count":10,"href":"https:\/\/bankofnassau.com\/pt\/wp-json\/wp\/v2\/pages\/465\/revisions"}],"predecessor-version":[{"id":3839,"href":"https:\/\/bankofnassau.com\/pt\/wp-json\/wp\/v2\/pages\/465\/revisions\/3839"}],"wp:attachment":[{"href":"https:\/\/bankofnassau.com\/pt\/wp-json\/wp\/v2\/media?parent=465"}],"curies":[{"name":"wp","href":"https:\/\/api.w.org\/{rel}","templated":true}]}}