{"id":463,"date":"2025-12-16T19:31:11","date_gmt":"2025-12-16T19:31:11","guid":{"rendered":"https:\/\/bankofnassau.com\/our-approach\/"},"modified":"2026-01-28T16:27:09","modified_gmt":"2026-01-28T16:27:09","slug":"our-approach","status":"publish","type":"page","link":"https:\/\/bankofnassau.com\/pt\/our-approach\/","title":{"rendered":"Nossa abordagem"},"content":{"rendered":"<section class=\"pagehead\" data-fls-pagehead=\"\" >\n    <div class=\"pagehead__picture\">\n            <picture class=\"el-picture\">\n        <source media=\"(max-width: 374.99px)\"\n                srcset=\"https:\/\/bankofnassau.com\/wp-content\/uploads\/2026\/01\/ourapproach-375x106.webp, https:\/\/bankofnassau.com\/wp-content\/uploads\/2026\/01\/ourapproach-750x212.webp 2x\">\n        <source media=\"(max-width: 767.99px)\"\n                srcset=\"https:\/\/bankofnassau.com\/wp-content\/uploads\/2026\/01\/ourapproach-768x217.webp, https:\/\/bankofnassau.com\/wp-content\/uploads\/2026\/01\/ourapproach-1536x434.webp 2x\">\n        <source media=\"(max-width: 1023.99px)\"\n                srcset=\"https:\/\/bankofnassau.com\/wp-content\/uploads\/2026\/01\/ourapproach-1024x289.webp, https:\/\/bankofnassau.com\/wp-content\/uploads\/2026\/01\/ourapproach-2048x579.webp 2x\">\n        <source media=\"(max-width: 1199.99px)\"\n                srcset=\"https:\/\/bankofnassau.com\/wp-content\/uploads\/2026\/01\/ourapproach-1200x339.webp, https:\/\/bankofnassau.com\/wp-content\/uploads\/2026\/01\/ourapproach-2400x678.webp 2x\">\n        <source media=\"(max-width: 1599.99px)\"\n                srcset=\"https:\/\/bankofnassau.com\/wp-content\/uploads\/2026\/01\/ourapproach-1600x452.webp, https:\/\/bankofnassau.com\/wp-content\/uploads\/2026\/01\/ourapproach-scaled.webp 2x\">\n        <source media=\"(min-width: 1600px)\"\n                srcset=\"https:\/\/bankofnassau.com\/wp-content\/uploads\/2026\/01\/ourapproach-2000x565.webp, https:\/\/bankofnassau.com\/wp-content\/uploads\/2026\/01\/ourapproach-scaled.webp 2x\">\n\n        <img class=\"pagehead__image el-image\"\n             src=\"https:\/\/bankofnassau.com\/wp-content\/uploads\/2026\/01\/ourapproach-1200x339.webp\"\n             alt=\"ourapproach\"\n             width=\"1200\"\n             height=\"339\"\n             loading=\"lazy\"\n             decoding=\"async\">\n    <\/picture>\n\n    <\/div>\n    <div class=\"pagehead__container\">\n        <div class=\"pagehead__body\">\n                            <section data-fls-breadcrumbs=\"\" class=\"breadcrumbs\">\n                    <ul class=\"breadcrumbs__list\">\n                                                    <li class=\"breadcrumbs__item\">\n                                                                <span class=\"--icon-arrow-left-thin left-icon\"><\/span>\n                                                                                                    <a href=\"\/pt\/\" class=\"breadcrumbs__item-link\">P\u00e1gina inicial<\/a>\n                                                                                                    <span class=\"--icon-arrow-right-thin right-icon\"><\/span>\n                                                            <\/li>\n                                                    <li class=\"breadcrumbs__item\">\n                                                                <span class=\"--icon-arrow-left-thin left-icon\"><\/span>\n                                                                                                    <span class=\"breadcrumbs__item-text\">Nossa abordagem<\/span>\n                                                                                            <\/li>\n                                            <\/ul>\n                <\/section>\n                        <h4 class=\"pagehead__title\">Nossa abordagem<\/h4>\n        <\/div>\n    <\/div>\n<\/section>\n\n\n                        \n    <div class=\"page__container\">\n        <div class=\"mt-64-96 pb-32 text text-899-left-to-first-line\">\n            <h2>Excel\u00eancia met\u00f3dica em servi\u00e7os de banco privdado e otimiza\u00e7\u00e3o patrimonial<\/h2>\n\n        <\/div>\n    <\/div>\n\n\n                        \n    <div class=\"page__container\">\n        <div class=\"pb-32 text text-899-left-to-first-line\">\n            <p>O Bank of Nassau adota uma metodologia que coloca o cliente em primeiro lugar no segmento de banco privado, criado para construir, preservar e transformar o patrim\u00f4nio dos clientes atrav\u00e9s de uma execu\u00e7\u00e3o excepcional e de uma aten\u00e7\u00e3o especial aos detalhes. Com base em uma profunda experi\u00eancia em mercados financeiros complexos, a companhia oferece um processamento superior de ordens em bolsas globais em tempo real, com uma efici\u00eancia de custos ideal e alertas personalizados para decis\u00f5es informadas e oportunas. A estrat\u00e9gia de otimiza\u00e7\u00e3o do patrim\u00f4nio concentra-se nas prioridades do cliente: resolver desafios complexos com pesquisa de mercado, planos de investimentos personalizados, oportunidades exclusivas e abordagens rigorosas alinhadas aos objetivos pessoais.<\/p>\n\n        <\/div>\n    <\/div>\n\n\n                        \n    <div class=\"page__container\">\n        <div class=\"mb-64-120 text text-899-left-to-first-line\">\n            <p>O Bank of Nassau atende indiv\u00edduos e fam\u00edlias de alto patrim\u00f4nio l\u00edquido, fornecendo solu\u00e7\u00f5es direcionadas em aloca\u00e7\u00e3o de ativos, gest\u00e3o de risco e crescimento de longo prazo. Desde a execu\u00e7\u00e3o impec\u00e1vel de opera\u00e7\u00f5es at\u00e9 a elabora\u00e7\u00e3o de carteiras personalizadas ou consultoria proativa sobre a din\u00e2mica do mercado, cada etapa reflete um compromisso com parcerias duradouras e excel\u00eancia operacional. O patrim\u00f4nio \u00e9 gerenciado estrategicamente \u2014 antecipado, protegido e aprimorado \u2014 para capacitar os clientes a navegar em cen\u00e1rios globais em evolu\u00e7\u00e3o.<\/p>\n\n        <\/div>\n    <\/div>\n","protected":false},"excerpt":{"rendered":"","protected":false},"author":1,"featured_media":0,"parent":0,"menu_order":0,"comment_status":"closed","ping_status":"closed","template":"","meta":{"_acf_changed":false,"inline_featured_image":false,"footnotes":""},"class_list":["post-463","page","type-page","status-publish","hentry"],"acf":[],"yoast_head":"<!-- This site is optimized with the Yoast SEO plugin v27.4 - https:\/\/yoast.com\/product\/yoast-seo-wordpress\/ -->\n<title>Nossa abordagem - Bank of Nassau<\/title>\n<meta name=\"robots\" content=\"index, follow, max-snippet:-1, max-image-preview:large, max-video-preview:-1\" \/>\n<link rel=\"canonical\" href=\"https:\/\/bankofnassau.com\/pt\/our-approach\/\" \/>\n<meta property=\"og:locale\" content=\"pt_PT\" \/>\n<meta property=\"og:type\" content=\"article\" \/>\n<meta property=\"og:title\" content=\"Nossa abordagem - Bank of Nassau\" \/>\n<meta property=\"og:url\" content=\"https:\/\/bankofnassau.com\/pt\/our-approach\/\" \/>\n<meta property=\"og:site_name\" content=\"Bank of Nassau\" \/>\n<meta property=\"article:modified_time\" content=\"2026-01-28T16:27:09+00:00\" \/>\n<meta name=\"twitter:card\" content=\"summary_large_image\" \/>\n<script type=\"application\/ld+json\" class=\"yoast-schema-graph\">{\"@context\":\"https:\\\/\\\/schema.org\",\"@graph\":[{\"@type\":\"WebPage\",\"@id\":\"https:\\\/\\\/bankofnassau.com\\\/pt\\\/our-approach\\\/\",\"url\":\"https:\\\/\\\/bankofnassau.com\\\/pt\\\/our-approach\\\/\",\"name\":\"Nossa abordagem - Bank of Nassau\",\"isPartOf\":{\"@id\":\"https:\\\/\\\/bankofnassau.com\\\/pt\\\/#website\"},\"datePublished\":\"2025-12-16T19:31:11+00:00\",\"dateModified\":\"2026-01-28T16:27:09+00:00\",\"breadcrumb\":{\"@id\":\"https:\\\/\\\/bankofnassau.com\\\/pt\\\/our-approach\\\/#breadcrumb\"},\"inLanguage\":\"pt-PT\",\"potentialAction\":[{\"@type\":\"ReadAction\",\"target\":[\"https:\\\/\\\/bankofnassau.com\\\/pt\\\/our-approach\\\/\"]}]},{\"@type\":\"BreadcrumbList\",\"@id\":\"https:\\\/\\\/bankofnassau.com\\\/pt\\\/our-approach\\\/#breadcrumb\",\"itemListElement\":[{\"@type\":\"ListItem\",\"position\":1,\"name\":\"Home\",\"item\":\"https:\\\/\\\/bankofnassau.com\\\/pt\\\/\"},{\"@type\":\"ListItem\",\"position\":2,\"name\":\"Nossa abordagem\"}]},{\"@type\":\"WebSite\",\"@id\":\"https:\\\/\\\/bankofnassau.com\\\/pt\\\/#website\",\"url\":\"https:\\\/\\\/bankofnassau.com\\\/pt\\\/\",\"name\":\"Bank of Nassau\",\"description\":\"\",\"potentialAction\":[{\"@type\":\"SearchAction\",\"target\":{\"@type\":\"EntryPoint\",\"urlTemplate\":\"https:\\\/\\\/bankofnassau.com\\\/pt\\\/?s={search_term_string}\"},\"query-input\":{\"@type\":\"PropertyValueSpecification\",\"valueRequired\":true,\"valueName\":\"search_term_string\"}}],\"inLanguage\":\"pt-PT\"}]}<\/script>\n<!-- \/ Yoast SEO plugin. -->","yoast_head_json":{"title":"Nossa abordagem - Bank of Nassau","robots":{"index":"index","follow":"follow","max-snippet":"max-snippet:-1","max-image-preview":"max-image-preview:large","max-video-preview":"max-video-preview:-1"},"canonical":"https:\/\/bankofnassau.com\/pt\/our-approach\/","og_locale":"pt_PT","og_type":"article","og_title":"Nossa abordagem - Bank of Nassau","og_url":"https:\/\/bankofnassau.com\/pt\/our-approach\/","og_site_name":"Bank of Nassau","article_modified_time":"2026-01-28T16:27:09+00:00","twitter_card":"summary_large_image","schema":{"@context":"https:\/\/schema.org","@graph":[{"@type":"WebPage","@id":"https:\/\/bankofnassau.com\/pt\/our-approach\/","url":"https:\/\/bankofnassau.com\/pt\/our-approach\/","name":"Nossa abordagem - Bank of Nassau","isPartOf":{"@id":"https:\/\/bankofnassau.com\/pt\/#website"},"datePublished":"2025-12-16T19:31:11+00:00","dateModified":"2026-01-28T16:27:09+00:00","breadcrumb":{"@id":"https:\/\/bankofnassau.com\/pt\/our-approach\/#breadcrumb"},"inLanguage":"pt-PT","potentialAction":[{"@type":"ReadAction","target":["https:\/\/bankofnassau.com\/pt\/our-approach\/"]}]},{"@type":"BreadcrumbList","@id":"https:\/\/bankofnassau.com\/pt\/our-approach\/#breadcrumb","itemListElement":[{"@type":"ListItem","position":1,"name":"Home","item":"https:\/\/bankofnassau.com\/pt\/"},{"@type":"ListItem","position":2,"name":"Nossa abordagem"}]},{"@type":"WebSite","@id":"https:\/\/bankofnassau.com\/pt\/#website","url":"https:\/\/bankofnassau.com\/pt\/","name":"Bank of Nassau","description":"","potentialAction":[{"@type":"SearchAction","target":{"@type":"EntryPoint","urlTemplate":"https:\/\/bankofnassau.com\/pt\/?s={search_term_string}"},"query-input":{"@type":"PropertyValueSpecification","valueRequired":true,"valueName":"search_term_string"}}],"inLanguage":"pt-PT"}]}},"_links":{"self":[{"href":"https:\/\/bankofnassau.com\/pt\/wp-json\/wp\/v2\/pages\/463","targetHints":{"allow":["GET"]}}],"collection":[{"href":"https:\/\/bankofnassau.com\/pt\/wp-json\/wp\/v2\/pages"}],"about":[{"href":"https:\/\/bankofnassau.com\/pt\/wp-json\/wp\/v2\/types\/page"}],"author":[{"embeddable":true,"href":"https:\/\/bankofnassau.com\/pt\/wp-json\/wp\/v2\/users\/1"}],"replies":[{"embeddable":true,"href":"https:\/\/bankofnassau.com\/pt\/wp-json\/wp\/v2\/comments?post=463"}],"version-history":[{"count":7,"href":"https:\/\/bankofnassau.com\/pt\/wp-json\/wp\/v2\/pages\/463\/revisions"}],"predecessor-version":[{"id":3844,"href":"https:\/\/bankofnassau.com\/pt\/wp-json\/wp\/v2\/pages\/463\/revisions\/3844"}],"wp:attachment":[{"href":"https:\/\/bankofnassau.com\/pt\/wp-json\/wp\/v2\/media?parent=463"}],"curies":[{"name":"wp","href":"https:\/\/api.w.org\/{rel}","templated":true}]}}