{"id":453,"date":"2025-12-16T19:27:13","date_gmt":"2025-12-16T19:27:13","guid":{"rendered":"https:\/\/bankofnassau.com\/history\/"},"modified":"2026-01-28T16:29:15","modified_gmt":"2026-01-28T16:29:15","slug":"about","status":"publish","type":"page","link":"https:\/\/bankofnassau.com\/pt\/about\/","title":{"rendered":"Sobre n\u00f3s"},"content":{"rendered":"<section class=\"pagehead\" data-fls-pagehead=\"\" >\n    <div class=\"pagehead__picture\">\n            <picture class=\"el-picture\">\n        <source media=\"(max-width: 374.99px)\"\n                srcset=\"https:\/\/bankofnassau.com\/wp-content\/uploads\/2026\/01\/about_us_history_banner-2-375x106.webp, https:\/\/bankofnassau.com\/wp-content\/uploads\/2026\/01\/about_us_history_banner-2-750x211.webp 2x\">\n        <source media=\"(max-width: 767.99px)\"\n                srcset=\"https:\/\/bankofnassau.com\/wp-content\/uploads\/2026\/01\/about_us_history_banner-2-768x216.webp, https:\/\/bankofnassau.com\/wp-content\/uploads\/2026\/01\/about_us_history_banner-2-1536x433.webp 2x\">\n        <source media=\"(max-width: 1023.99px)\"\n                srcset=\"https:\/\/bankofnassau.com\/wp-content\/uploads\/2026\/01\/about_us_history_banner-2-1024x289.webp, https:\/\/bankofnassau.com\/wp-content\/uploads\/2026\/01\/about_us_history_banner-2-2048x577.webp 2x\">\n        <source media=\"(max-width: 1199.99px)\"\n                srcset=\"https:\/\/bankofnassau.com\/wp-content\/uploads\/2026\/01\/about_us_history_banner-2-1200x338.webp, https:\/\/bankofnassau.com\/wp-content\/uploads\/2026\/01\/about_us_history_banner-2-2400x677.webp 2x\">\n        <source media=\"(max-width: 1599.99px)\"\n                srcset=\"https:\/\/bankofnassau.com\/wp-content\/uploads\/2026\/01\/about_us_history_banner-2-1600x451.webp, https:\/\/bankofnassau.com\/wp-content\/uploads\/2026\/01\/about_us_history_banner-2-scaled.webp 2x\">\n        <source media=\"(min-width: 1600px)\"\n                srcset=\"https:\/\/bankofnassau.com\/wp-content\/uploads\/2026\/01\/about_us_history_banner-2-2000x564.webp, https:\/\/bankofnassau.com\/wp-content\/uploads\/2026\/01\/about_us_history_banner-2-scaled.webp 2x\">\n\n        <img class=\"pagehead__image el-image\"\n             src=\"https:\/\/bankofnassau.com\/wp-content\/uploads\/2026\/01\/about_us_history_banner-2-1200x338.webp\"\n             alt=\"about_us_history_banner\"\n             width=\"1200\"\n             height=\"338\"\n             loading=\"lazy\"\n             decoding=\"async\">\n    <\/picture>\n\n    <\/div>\n    <div class=\"pagehead__container\">\n        <div class=\"pagehead__body\">\n                            <section data-fls-breadcrumbs=\"\" class=\"breadcrumbs\">\n                    <ul class=\"breadcrumbs__list\">\n                                                    <li class=\"breadcrumbs__item\">\n                                                                <span class=\"--icon-arrow-left-thin left-icon\"><\/span>\n                                                                                                    <a href=\"\/pt\/\" class=\"breadcrumbs__item-link\">P\u00e1gina inicial<\/a>\n                                                                                                    <span class=\"--icon-arrow-right-thin right-icon\"><\/span>\n                                                            <\/li>\n                                                    <li class=\"breadcrumbs__item\">\n                                                                <span class=\"--icon-arrow-left-thin left-icon\"><\/span>\n                                                                                                    <span class=\"breadcrumbs__item-text\">Sobre N\u00f3s<\/span>\n                                                                                            <\/li>\n                                            <\/ul>\n                <\/section>\n                        <h4 class=\"pagehead__title\">Sobre n\u00f3s<\/h4>\n        <\/div>\n    <\/div>\n<\/section>\n\n\n<section data-fls-tabsnavigation=\"\" class=\"tabsnavigation\">\n\t<div class=\"tabsnavigation__container\">\n\t\t<div class=\"tabsnavigation__body\">\n\t\t\t<ul class=\"tabsnavigation__list\">\n\t\t\t\t\t\t\t\t\t<li class=\"tabsnavigation__item \">\n\t\t\t\t\t\t<a href=\"https:\/\/bankofnassau.com\/about\/\" class=\"tabsnavigation__item-link\">About Us<\/a>\n\t\t\t\t\t<\/li>\n\t\t\t\t\t\t\t\t\t<li class=\"tabsnavigation__item \">\n\t\t\t\t\t\t<a href=\"https:\/\/bankofnassau.com\/the-bahamas\/\" class=\"tabsnavigation__item-link\">The Bahamas<\/a>\n\t\t\t\t\t<\/li>\n\t\t\t\t\t\t\t\t\t<li class=\"tabsnavigation__item \">\n\t\t\t\t\t\t<a href=\"https:\/\/bankofnassau.com\/management\/\" class=\"tabsnavigation__item-link\">Management<\/a>\n\t\t\t\t\t<\/li>\n\t\t\t\t\t\t\t\t\t<li class=\"tabsnavigation__item \">\n\t\t\t\t\t\t<a href=\"https:\/\/bankofnassau.com\/compliance-and-regulations\/\" class=\"tabsnavigation__item-link\">Compliance and Regulations<\/a>\n\t\t\t\t\t<\/li>\n\t\t\t\t\t\t\t<\/ul>\n\t\t<\/div>\n\t<\/div>\n<\/section>\n\n\n                                    \n    <div class=\"page__container\">\n        <div class=\"mt-64-96 pb-28-64 text text--medium text-899-left-to-first-line\">\n            <h2><span data-sheets-root=\"1\">O Bank of Nassau \u00e9 um marco da tradi\u00e7\u00e3o financeira das Bahamas, com uma hist\u00f3ria que remonta ao final do s\u00e9culo XIX e que hoje o coloca como um dos principais bancos privados do pa\u00eds.<\/span><\/h2>\n\n        <\/div>\n    <\/div>\n\n\n                        \n    <div class=\"page__container\">\n        <div class=\"pb-32 text text-899-left-to-first-line\">\n            <p>O Bank of Nassau, fundado originalmente em 1888, foi o primeiro banco comercial a emitir divisa nas Bahamas, ent\u00e3o uma col\u00f4nia brit\u00e2nica, com o objetivo de estabilizar a economia do pa\u00eds, resolvendo o problema de um sistema monet\u00e1rio fragmentado que dependia da libra esterlina, do d\u00f3lar espanhol e das moedas americanas. Suas notas, lan\u00e7adas em 1890 nos valores de \u00a31, \u00a35 e \u00a310, apresentavam designs elegantes da Rainha Vit\u00f3ria e elementos t\u00edpicos das Bahamas, respaldados por reservas em libras esterlinas. Atreladas ao d\u00f3lar americano na propor\u00e7\u00e3o de 1:1, essas notas estabilizaram o com\u00e9rcio durante a crise da prata da d\u00e9cada de 1890, consolidando o papel do banco na formaliza\u00e7\u00e3o da libra das Bahamas.<\/p>\n\n        <\/div>\n    <\/div>\n\n\n                        \n    <div class=\"page__container\">\n        <div class=\"pb-32 text text-899-left-to-first-line\">\n            <p>O Gonet Bank &amp; Trust Limited (\u201cGonet Bank\u201d), originalmente fundado em 1982, era um banco das Bahamas que operava sob o banco su\u00ed\u00e7o Gonet &amp; Cie SA, fundado em 1845. Operando h\u00e1 mais de 180 anos globalmente e 40 anos nas Bahamas, licenciado pelo Banco Central das Bahamas, o Gonet Bank oferecia servi\u00e7os personalizados de gest\u00e3o de patrim\u00f4nio e servi\u00e7os fiduci\u00e1rios para clientes de alto patrim\u00f4nio l\u00edquido e escrit\u00f3rios familiares, crescendo para US$ 2 bilh\u00f5es em ativos sob gest\u00e3o em 2015. Navegando pela crise da d\u00edvida latina da d\u00e9cada de 1980, pela recess\u00e3o global de 2008 e pela cont\u00ednua reformula\u00e7\u00e3o do cen\u00e1rio tribut\u00e1rio global, o Gonet Bank continuou a inovar, dentro de seu grupo su\u00ed\u00e7o, por sua abordagem discreta e inovadora, incluindo carteiras de investimento sustent\u00e1veis, ganhando o pr\u00eamio WealthBriefing Swiss Awards de \u201cMelhor Plataforma de Gest\u00e3o de Investimentos\u201d em 2022.<\/p>\n\n        <\/div>\n    <\/div>\n\n\n                        \n    <div class=\"page__container\">\n        <div class=\"mb-64-120 text text-899-left-to-first-line\">\n            <p>Em 2025, a LBT Holdings Limited, uma parceria entre a Levant Advisors e a l\u00edder em fintech Quantfury, adquiriu o Gonet Bank. Renomeado como \u201cBank of Nassau 1982 Limited\u201d, o banco honra suas ra\u00edzes hist\u00f3ricas enquanto promove uma vis\u00e3o de servi\u00e7os financeiros inovadores e focados no cliente. Com um compromisso com a gest\u00e3o personalizada de patrim\u00f4nio e excel\u00eancia fiduci\u00e1ria, o banco est\u00e1 pronto para moldar o futuro do banco privado global.<\/p>\n\n        <\/div>\n    <\/div>\n","protected":false},"excerpt":{"rendered":"","protected":false},"author":1,"featured_media":0,"parent":0,"menu_order":0,"comment_status":"closed","ping_status":"closed","template":"","meta":{"_acf_changed":false,"inline_featured_image":false,"footnotes":""},"class_list":["post-453","page","type-page","status-publish","hentry"],"acf":[],"yoast_head":"<!-- This site is optimized with the Yoast SEO plugin v27.4 - https:\/\/yoast.com\/product\/yoast-seo-wordpress\/ -->\n<title>Sobre n\u00f3s - Bank of Nassau<\/title>\n<meta name=\"robots\" content=\"index, follow, max-snippet:-1, max-image-preview:large, max-video-preview:-1\" \/>\n<link rel=\"canonical\" href=\"https:\/\/bankofnassau.com\/pt\/about\/\" \/>\n<meta property=\"og:locale\" content=\"pt_PT\" \/>\n<meta property=\"og:type\" content=\"article\" \/>\n<meta property=\"og:title\" content=\"Sobre n\u00f3s - Bank of Nassau\" \/>\n<meta property=\"og:url\" content=\"https:\/\/bankofnassau.com\/pt\/about\/\" \/>\n<meta property=\"og:site_name\" content=\"Bank of Nassau\" \/>\n<meta property=\"article:modified_time\" content=\"2026-01-28T16:29:15+00:00\" \/>\n<meta name=\"twitter:card\" content=\"summary_large_image\" \/>\n<script type=\"application\/ld+json\" class=\"yoast-schema-graph\">{\"@context\":\"https:\\\/\\\/schema.org\",\"@graph\":[{\"@type\":\"WebPage\",\"@id\":\"https:\\\/\\\/bankofnassau.com\\\/pt\\\/about\\\/\",\"url\":\"https:\\\/\\\/bankofnassau.com\\\/pt\\\/about\\\/\",\"name\":\"Sobre n\u00f3s - Bank of Nassau\",\"isPartOf\":{\"@id\":\"https:\\\/\\\/bankofnassau.com\\\/pt\\\/#website\"},\"datePublished\":\"2025-12-16T19:27:13+00:00\",\"dateModified\":\"2026-01-28T16:29:15+00:00\",\"breadcrumb\":{\"@id\":\"https:\\\/\\\/bankofnassau.com\\\/pt\\\/about\\\/#breadcrumb\"},\"inLanguage\":\"pt-PT\",\"potentialAction\":[{\"@type\":\"ReadAction\",\"target\":[\"https:\\\/\\\/bankofnassau.com\\\/pt\\\/about\\\/\"]}]},{\"@type\":\"BreadcrumbList\",\"@id\":\"https:\\\/\\\/bankofnassau.com\\\/pt\\\/about\\\/#breadcrumb\",\"itemListElement\":[{\"@type\":\"ListItem\",\"position\":1,\"name\":\"Home\",\"item\":\"https:\\\/\\\/bankofnassau.com\\\/pt\\\/\"},{\"@type\":\"ListItem\",\"position\":2,\"name\":\"History\"}]},{\"@type\":\"WebSite\",\"@id\":\"https:\\\/\\\/bankofnassau.com\\\/pt\\\/#website\",\"url\":\"https:\\\/\\\/bankofnassau.com\\\/pt\\\/\",\"name\":\"Bank of Nassau\",\"description\":\"\",\"potentialAction\":[{\"@type\":\"SearchAction\",\"target\":{\"@type\":\"EntryPoint\",\"urlTemplate\":\"https:\\\/\\\/bankofnassau.com\\\/pt\\\/?s={search_term_string}\"},\"query-input\":{\"@type\":\"PropertyValueSpecification\",\"valueRequired\":true,\"valueName\":\"search_term_string\"}}],\"inLanguage\":\"pt-PT\"}]}<\/script>\n<!-- \/ Yoast SEO plugin. -->","yoast_head_json":{"title":"Sobre n\u00f3s - Bank of Nassau","robots":{"index":"index","follow":"follow","max-snippet":"max-snippet:-1","max-image-preview":"max-image-preview:large","max-video-preview":"max-video-preview:-1"},"canonical":"https:\/\/bankofnassau.com\/pt\/about\/","og_locale":"pt_PT","og_type":"article","og_title":"Sobre n\u00f3s - Bank of Nassau","og_url":"https:\/\/bankofnassau.com\/pt\/about\/","og_site_name":"Bank of Nassau","article_modified_time":"2026-01-28T16:29:15+00:00","twitter_card":"summary_large_image","schema":{"@context":"https:\/\/schema.org","@graph":[{"@type":"WebPage","@id":"https:\/\/bankofnassau.com\/pt\/about\/","url":"https:\/\/bankofnassau.com\/pt\/about\/","name":"Sobre n\u00f3s - Bank of Nassau","isPartOf":{"@id":"https:\/\/bankofnassau.com\/pt\/#website"},"datePublished":"2025-12-16T19:27:13+00:00","dateModified":"2026-01-28T16:29:15+00:00","breadcrumb":{"@id":"https:\/\/bankofnassau.com\/pt\/about\/#breadcrumb"},"inLanguage":"pt-PT","potentialAction":[{"@type":"ReadAction","target":["https:\/\/bankofnassau.com\/pt\/about\/"]}]},{"@type":"BreadcrumbList","@id":"https:\/\/bankofnassau.com\/pt\/about\/#breadcrumb","itemListElement":[{"@type":"ListItem","position":1,"name":"Home","item":"https:\/\/bankofnassau.com\/pt\/"},{"@type":"ListItem","position":2,"name":"History"}]},{"@type":"WebSite","@id":"https:\/\/bankofnassau.com\/pt\/#website","url":"https:\/\/bankofnassau.com\/pt\/","name":"Bank of Nassau","description":"","potentialAction":[{"@type":"SearchAction","target":{"@type":"EntryPoint","urlTemplate":"https:\/\/bankofnassau.com\/pt\/?s={search_term_string}"},"query-input":{"@type":"PropertyValueSpecification","valueRequired":true,"valueName":"search_term_string"}}],"inLanguage":"pt-PT"}]}},"_links":{"self":[{"href":"https:\/\/bankofnassau.com\/pt\/wp-json\/wp\/v2\/pages\/453","targetHints":{"allow":["GET"]}}],"collection":[{"href":"https:\/\/bankofnassau.com\/pt\/wp-json\/wp\/v2\/pages"}],"about":[{"href":"https:\/\/bankofnassau.com\/pt\/wp-json\/wp\/v2\/types\/page"}],"author":[{"embeddable":true,"href":"https:\/\/bankofnassau.com\/pt\/wp-json\/wp\/v2\/users\/1"}],"replies":[{"embeddable":true,"href":"https:\/\/bankofnassau.com\/pt\/wp-json\/wp\/v2\/comments?post=453"}],"version-history":[{"count":7,"href":"https:\/\/bankofnassau.com\/pt\/wp-json\/wp\/v2\/pages\/453\/revisions"}],"predecessor-version":[{"id":3846,"href":"https:\/\/bankofnassau.com\/pt\/wp-json\/wp\/v2\/pages\/453\/revisions\/3846"}],"wp:attachment":[{"href":"https:\/\/bankofnassau.com\/pt\/wp-json\/wp\/v2\/media?parent=453"}],"curies":[{"name":"wp","href":"https:\/\/api.w.org\/{rel}","templated":true}]}}