{"id":445,"date":"2025-12-16T19:27:13","date_gmt":"2025-12-16T19:27:13","guid":{"rendered":"https:\/\/bankofnassau.com\/inicio\/"},"modified":"2026-04-16T17:56:45","modified_gmt":"2026-04-16T17:56:45","slug":"inicio","status":"publish","type":"page","link":"https:\/\/bankofnassau.com\/pt\/","title":{"rendered":"In\u00edcio"},"content":{"rendered":"<section class=\"hero\" data-fls-hero=\"\">\n    <div class=\"hero__picture\">\n            <picture class=\"el-picture\">\n        <source media=\"(max-width: 374.99px)\"\n                srcset=\"https:\/\/bankofnassau.com\/wp-content\/uploads\/2026\/01\/main_page_banner-375x173.webp, https:\/\/bankofnassau.com\/wp-content\/uploads\/2026\/01\/main_page_banner-750x347.webp 2x\">\n        <source media=\"(max-width: 767.99px)\"\n                srcset=\"https:\/\/bankofnassau.com\/wp-content\/uploads\/2026\/01\/main_page_banner-768x355.webp, https:\/\/bankofnassau.com\/wp-content\/uploads\/2026\/01\/main_page_banner-1536x710.webp 2x\">\n        <source media=\"(max-width: 1023.99px)\"\n                srcset=\"https:\/\/bankofnassau.com\/wp-content\/uploads\/2026\/01\/main_page_banner-1024x474.webp, https:\/\/bankofnassau.com\/wp-content\/uploads\/2026\/01\/main_page_banner-2048x947.webp 2x\">\n        <source media=\"(max-width: 1199.99px)\"\n                srcset=\"https:\/\/bankofnassau.com\/wp-content\/uploads\/2026\/01\/main_page_banner-1200x555.webp, https:\/\/bankofnassau.com\/wp-content\/uploads\/2026\/01\/main_page_banner-2400x1110.webp 2x\">\n        <source media=\"(max-width: 1599.99px)\"\n                srcset=\"https:\/\/bankofnassau.com\/wp-content\/uploads\/2026\/01\/main_page_banner-1600x740.webp, https:\/\/bankofnassau.com\/wp-content\/uploads\/2026\/01\/main_page_banner-scaled.webp 2x\">\n        <source media=\"(min-width: 1600px)\"\n                srcset=\"https:\/\/bankofnassau.com\/wp-content\/uploads\/2026\/01\/main_page_banner-2000x925.webp, https:\/\/bankofnassau.com\/wp-content\/uploads\/2026\/01\/main_page_banner-scaled.webp 2x\">\n\n        <img class=\"hero__image el-image\"\n             src=\"https:\/\/bankofnassau.com\/wp-content\/uploads\/2026\/01\/main_page_banner-1200x555.webp\"\n             alt=\"main_page_banner\"\n             width=\"1200\"\n             height=\"555\"\n             loading=\"lazy\"\n             decoding=\"async\">\n    <\/picture>\n\n    <\/div>\n    <div class=\"hero__container\">\n        <div class=\"hero__body\">\n                            <h1 class=\"hero__title\">Expanda seu patrim\u00f4nio total com um banco privado global inigual\u00e1vel<\/h1>\n                    <\/div>\n    <\/div>\n<\/section>\n\n\n<div class=\"page__container\">\n    <section data-fls-announcement=\"\" class=\"announcement mt-62-120 mb-48-96\">\n        <div class=\"announcement__picture\">\n                <picture class=\"el-picture\">\n        <source media=\"(max-width: 374.99px)\"\n                srcset=\"https:\/\/bankofnassau.com\/wp-content\/uploads\/2025\/12\/main_page_economy_view-1-375x226.webp, https:\/\/bankofnassau.com\/wp-content\/uploads\/2025\/12\/main_page_economy_view-1.webp 2x\">\n        <source media=\"(max-width: 767.99px)\"\n                srcset=\"https:\/\/bankofnassau.com\/wp-content\/uploads\/2025\/12\/main_page_economy_view-1-768x464.webp, https:\/\/bankofnassau.com\/wp-content\/uploads\/2025\/12\/main_page_economy_view-1.webp 2x\">\n        <source media=\"(max-width: 1023.99px)\"\n                srcset=\"https:\/\/bankofnassau.com\/wp-content\/uploads\/2025\/12\/main_page_economy_view-1-1024x618.webp, https:\/\/bankofnassau.com\/wp-content\/uploads\/2025\/12\/main_page_economy_view-1.webp 2x\">\n        <source media=\"(max-width: 1199.99px)\"\n                srcset=\"https:\/\/bankofnassau.com\/wp-content\/uploads\/2025\/12\/main_page_economy_view-1-1200x725.webp, https:\/\/bankofnassau.com\/wp-content\/uploads\/2025\/12\/main_page_economy_view-1.webp 2x\">\n        <source media=\"(max-width: 1599.99px)\"\n                srcset=\"https:\/\/bankofnassau.com\/wp-content\/uploads\/2025\/12\/main_page_economy_view-1.webp, https:\/\/bankofnassau.com\/wp-content\/uploads\/2025\/12\/main_page_economy_view-1.webp 2x\">\n        <source media=\"(min-width: 1600px)\"\n                srcset=\"https:\/\/bankofnassau.com\/wp-content\/uploads\/2025\/12\/main_page_economy_view-1.webp, https:\/\/bankofnassau.com\/wp-content\/uploads\/2025\/12\/main_page_economy_view-1.webp 2x\">\n\n        <img class=\"announcement__image el-image\"\n             src=\"https:\/\/bankofnassau.com\/wp-content\/uploads\/2025\/12\/main_page_economy_view-1-1200x725.webp\"\n             alt=\"main_page_economy_view\"\n             width=\"1200\"\n             height=\"725\"\n             loading=\"lazy\"\n             decoding=\"async\">\n    <\/picture>\n\n        <\/div>\n        <div class=\"announcement__body\">\n                            <h2 class=\"announcement__text\">Perspectivas de mercado e economia para o segundo trimestre de 2026<\/h2>\n                                        <a data-fls-button=\"\" href=\"https:\/\/bankofnassau.com\/wp-content\/uploads\/2026\/04\/Perspectivas-para-o-Segundo-Trimestre-de-2026.pdf\" class=\"announcement__button button\">Leia mais<\/a>\n                    <\/div>\n    <\/section>\n<\/div>\n\n\n        <div class=\"page__container\">\n        <div class=\"page__services services mb-64-120\">\n                            <section data-fls-service=\"\" class=\"service\">\n                    <div class=\"service__body\">\n                                                    \n    <img class=\"service__image el-image\"\n         src=\"https:\/\/bankofnassau.com\/wp-content\/uploads\/2025\/12\/bank.svg\"\n         alt=\"bank\"\n                              loading=\"lazy\"\n         decoding=\"async\">\n\n                                                                            <h3 class=\"service__title\">Servi\u00e7os de banco privado<\/h3>\n                                                                            <p class=\"service__text\">Independentemente da complexidade do seu objetivo financeiro, voc\u00ea conta com uma equipe com o conhecimento e a experi\u00eancia necess\u00e1rios para resolv\u00ea-lo e executar a solu\u00e7\u00e3o com a devida precis\u00e3o e agilidade.<\/p>\n                                            <\/div>\n                                            <div class=\"service__bottom\">\n                            <a data-fls-link=\"\" href=\"\/pt\/private-banking-services\" class=\"link link--icon-right\">\n                                <span class=\"--icon-arrow-left link__icon link__icon-left\"><\/span>\n                                <span class=\"link__text\">Saiba mais<\/span>\n                                <span class=\"--icon-arrow-right link__icon link__icon-right\"><\/span>\n                                <span class=\"--icon-download link__icon link__icon-fdownload\"><\/span>\n                            <\/a>\n                        <\/div>\n                                    <\/section>\n                            <section data-fls-service=\"\" class=\"service\">\n                    <div class=\"service__body\">\n                                                    \n    <img class=\"service__image el-image\"\n         src=\"https:\/\/bankofnassau.com\/wp-content\/uploads\/2025\/12\/global.svg\"\n         alt=\"global\"\n                              loading=\"lazy\"\n         decoding=\"async\">\n\n                                                                            <h3 class=\"service__title\">Acesso aos mercados globais<\/h3>\n                                                                            <p class=\"service__text\">Navegue pelos mercados financeiros para investir a pre\u00e7os em tempo real com taxas competitivas e transparentes, servi\u00e7os de notifica\u00e7\u00f5es personalizados e garantia de execu\u00e7\u00e3o premium.<\/p>\n                                            <\/div>\n                                            <div class=\"service__bottom\">\n                            <a data-fls-link=\"\" href=\"\/pt\/global-markets-access\" class=\"link link--icon-right\">\n                                <span class=\"--icon-arrow-left link__icon link__icon-left\"><\/span>\n                                <span class=\"link__text\">Saiba mais<\/span>\n                                <span class=\"--icon-arrow-right link__icon link__icon-right\"><\/span>\n                                <span class=\"--icon-download link__icon link__icon-fdownload\"><\/span>\n                            <\/a>\n                        <\/div>\n                                    <\/section>\n                            <section data-fls-service=\"\" class=\"service\">\n                    <div class=\"service__body\">\n                                                    \n    <img class=\"service__image el-image\"\n         src=\"https:\/\/bankofnassau.com\/wp-content\/uploads\/2025\/12\/chart.svg\"\n         alt=\"chart\"\n                              loading=\"lazy\"\n         decoding=\"async\">\n\n                                                                            <h3 class=\"service__title\">Gest\u00e3o patrimonial<\/h3>\n                                                                            <p class=\"service__text\">Oferecemos assessoria personalizada e oportunidades de investimentos exclusivas para aprimorar sua estrat\u00e9gia de investimentos e seu quadro financeiro.<\/p>\n                                            <\/div>\n                                            <div class=\"service__bottom\">\n                            <a data-fls-link=\"\" href=\"\/pt\/wealth-management\" class=\"link link--icon-right\">\n                                <span class=\"--icon-arrow-left link__icon link__icon-left\"><\/span>\n                                <span class=\"link__text\">Saiba mais<\/span>\n                                <span class=\"--icon-arrow-right link__icon link__icon-right\"><\/span>\n                                <span class=\"--icon-download link__icon link__icon-fdownload\"><\/span>\n                            <\/a>\n                        <\/div>\n                                    <\/section>\n                    <\/div>\n    <\/div>\n\n\n<section class=\"banner\" data-fls-banner=\"\">\n    <div class=\"banner__picture\">\n                    <picture class=\"el-picture\">\n        <source media=\"(max-width: 374.99px)\"\n                srcset=\"https:\/\/bankofnassau.com\/wp-content\/uploads\/2025\/12\/main_page_banner_bottom-1-375x113.webp, https:\/\/bankofnassau.com\/wp-content\/uploads\/2025\/12\/main_page_banner_bottom-1-scaled.webp 2x\">\n        <source media=\"(max-width: 767.99px)\"\n                srcset=\"https:\/\/bankofnassau.com\/wp-content\/uploads\/2025\/12\/main_page_banner_bottom-1-768x231.webp, https:\/\/bankofnassau.com\/wp-content\/uploads\/2025\/12\/main_page_banner_bottom-1-scaled.webp 2x\">\n        <source media=\"(max-width: 1023.99px)\"\n                srcset=\"https:\/\/bankofnassau.com\/wp-content\/uploads\/2025\/12\/main_page_banner_bottom-1-1024x308.webp, https:\/\/bankofnassau.com\/wp-content\/uploads\/2025\/12\/main_page_banner_bottom-1-scaled.webp 2x\">\n        <source media=\"(max-width: 1199.99px)\"\n                srcset=\"https:\/\/bankofnassau.com\/wp-content\/uploads\/2025\/12\/main_page_banner_bottom-1-1200x362.webp, https:\/\/bankofnassau.com\/wp-content\/uploads\/2025\/12\/main_page_banner_bottom-1-scaled.webp 2x\">\n        <source media=\"(max-width: 1599.99px)\"\n                srcset=\"https:\/\/bankofnassau.com\/wp-content\/uploads\/2025\/12\/main_page_banner_bottom-1-scaled.webp, https:\/\/bankofnassau.com\/wp-content\/uploads\/2025\/12\/main_page_banner_bottom-1-scaled.webp 2x\">\n        <source media=\"(min-width: 1600px)\"\n                srcset=\"https:\/\/bankofnassau.com\/wp-content\/uploads\/2025\/12\/main_page_banner_bottom-1-scaled.webp, https:\/\/bankofnassau.com\/wp-content\/uploads\/2025\/12\/main_page_banner_bottom-1-scaled.webp 2x\">\n\n        <img class=\"banner__image el-image\"\n             src=\"https:\/\/bankofnassau.com\/wp-content\/uploads\/2025\/12\/main_page_banner_bottom-1-1200x362.webp\"\n             alt=\"main_page_banner_bottom\"\n             width=\"1200\"\n             height=\"362\"\n             loading=\"lazy\"\n             decoding=\"async\">\n    <\/picture>\n\n    <\/div>\n    <div class=\"banner__container\">\n        <div class=\"banner__body\">\n                            <h4 class=\"banner__title\">Preserve, desfrute e aumente seu patrim\u00f4nio<\/h4>\n                                        <p class=\"banner__text\">Com base em profundo conhecimento e vis\u00e3o disciplinada, ajudamos voc\u00ea a preservar seu capital, ampliar suas oportunidades financeiras e alcan\u00e7ar um crescimento sustent\u00e1vel a longo prazo com confian\u00e7a.<\/p>\n                                        <a data-fls-button=\"\" href=\"\/pt\/what-we-do\" class=\"banner__button button\">Conhe\u00e7a o que fazemos<\/a>\n                    <\/div>\n    <\/div>\n<\/section>\n","protected":false},"excerpt":{"rendered":"","protected":false},"author":1,"featured_media":0,"parent":0,"menu_order":0,"comment_status":"closed","ping_status":"closed","template":"","meta":{"_acf_changed":false,"inline_featured_image":false,"footnotes":""},"class_list":["post-445","page","type-page","status-publish","hentry"],"acf":[],"yoast_head":"<!-- This site is optimized with the Yoast SEO plugin v27.4 - https:\/\/yoast.com\/product\/yoast-seo-wordpress\/ -->\n<title>Bank of Nassau \u2013 Unmatched Global Private Banking<\/title>\n<meta name=\"description\" content=\"Expanda seu patrim\u00f4nio total com um banco privado global inigual\u00e1vel\" \/>\n<meta name=\"robots\" content=\"index, follow, max-snippet:-1, max-image-preview:large, max-video-preview:-1\" \/>\n<link rel=\"canonical\" href=\"https:\/\/bankofnassau.com\/pt\/\" \/>\n<meta property=\"og:locale\" content=\"pt_PT\" \/>\n<meta property=\"og:type\" content=\"article\" \/>\n<meta property=\"og:title\" content=\"Bank of Nassau \u2013 Unmatched Global Private Banking\" \/>\n<meta property=\"og:description\" content=\"Expanda seu patrim\u00f4nio total com um banco privado global inigual\u00e1vel\" \/>\n<meta property=\"og:url\" content=\"https:\/\/bankofnassau.com\/pt\/\" \/>\n<meta property=\"og:site_name\" content=\"Bank of Nassau\" \/>\n<meta property=\"article:modified_time\" content=\"2026-04-16T17:56:45+00:00\" \/>\n<meta property=\"og:image\" content=\"http:\/\/bankofnassau.com\/wp-content\/uploads\/2025\/05\/BofN-1024x538.png\" \/>\n<meta name=\"twitter:card\" content=\"summary_large_image\" \/>\n<meta name=\"twitter:title\" content=\"Bank of Nassau \u2013 Unmatched Global Private Banking\" \/>\n<meta name=\"twitter:description\" content=\"Expand your overall wealth with unmatched global private banking.\" \/>\n<meta name=\"twitter:image\" content=\"http:\/\/bankofnassau.com\/wp-content\/uploads\/2025\/05\/BofN-1024x538.png\" \/>\n<script type=\"application\/ld+json\" class=\"yoast-schema-graph\">{\"@context\":\"https:\\\/\\\/schema.org\",\"@graph\":[{\"@type\":\"WebPage\",\"@id\":\"https:\\\/\\\/bankofnassau.com\\\/pt\\\/\",\"url\":\"https:\\\/\\\/bankofnassau.com\\\/pt\\\/\",\"name\":\"Bank of Nassau \u2013 Unmatched Global Private Banking\",\"isPartOf\":{\"@id\":\"https:\\\/\\\/bankofnassau.com\\\/pt\\\/#website\"},\"datePublished\":\"2025-12-16T19:27:13+00:00\",\"dateModified\":\"2026-04-16T17:56:45+00:00\",\"description\":\"Expanda seu patrim\u00f4nio total com um banco privado global inigual\u00e1vel\",\"breadcrumb\":{\"@id\":\"https:\\\/\\\/bankofnassau.com\\\/pt\\\/#breadcrumb\"},\"inLanguage\":\"pt-PT\",\"potentialAction\":[{\"@type\":\"ReadAction\",\"target\":[\"https:\\\/\\\/bankofnassau.com\\\/pt\\\/\"]}]},{\"@type\":\"BreadcrumbList\",\"@id\":\"https:\\\/\\\/bankofnassau.com\\\/pt\\\/#breadcrumb\",\"itemListElement\":[{\"@type\":\"ListItem\",\"position\":1,\"name\":\"Home\",\"item\":\"https:\\\/\\\/bankofnassau.com\\\/pt\\\/\"},{\"@type\":\"ListItem\",\"position\":2,\"name\":\"In\u00edcio\"}]},{\"@type\":\"WebSite\",\"@id\":\"https:\\\/\\\/bankofnassau.com\\\/pt\\\/#website\",\"url\":\"https:\\\/\\\/bankofnassau.com\\\/pt\\\/\",\"name\":\"Bank of Nassau\",\"description\":\"\",\"potentialAction\":[{\"@type\":\"SearchAction\",\"target\":{\"@type\":\"EntryPoint\",\"urlTemplate\":\"https:\\\/\\\/bankofnassau.com\\\/pt\\\/?s={search_term_string}\"},\"query-input\":{\"@type\":\"PropertyValueSpecification\",\"valueRequired\":true,\"valueName\":\"search_term_string\"}}],\"inLanguage\":\"pt-PT\"}]}<\/script>\n<!-- \/ Yoast SEO plugin. -->","yoast_head_json":{"title":"Bank of Nassau \u2013 Unmatched Global Private Banking","description":"Expanda seu patrim\u00f4nio total com um banco privado global inigual\u00e1vel","robots":{"index":"index","follow":"follow","max-snippet":"max-snippet:-1","max-image-preview":"max-image-preview:large","max-video-preview":"max-video-preview:-1"},"canonical":"https:\/\/bankofnassau.com\/pt\/","og_locale":"pt_PT","og_type":"article","og_title":"Bank of Nassau \u2013 Unmatched Global Private Banking","og_description":"Expanda seu patrim\u00f4nio total com um banco privado global inigual\u00e1vel","og_url":"https:\/\/bankofnassau.com\/pt\/","og_site_name":"Bank of Nassau","article_modified_time":"2026-04-16T17:56:45+00:00","og_image":[{"url":"http:\/\/bankofnassau.com\/wp-content\/uploads\/2025\/05\/BofN-1024x538.png","type":"","width":"","height":""}],"twitter_card":"summary_large_image","twitter_title":"Bank of Nassau \u2013 Unmatched Global Private Banking","twitter_description":"Expand your overall wealth with unmatched global private banking.","twitter_image":"http:\/\/bankofnassau.com\/wp-content\/uploads\/2025\/05\/BofN-1024x538.png","schema":{"@context":"https:\/\/schema.org","@graph":[{"@type":"WebPage","@id":"https:\/\/bankofnassau.com\/pt\/","url":"https:\/\/bankofnassau.com\/pt\/","name":"Bank of Nassau \u2013 Unmatched Global Private Banking","isPartOf":{"@id":"https:\/\/bankofnassau.com\/pt\/#website"},"datePublished":"2025-12-16T19:27:13+00:00","dateModified":"2026-04-16T17:56:45+00:00","description":"Expanda seu patrim\u00f4nio total com um banco privado global inigual\u00e1vel","breadcrumb":{"@id":"https:\/\/bankofnassau.com\/pt\/#breadcrumb"},"inLanguage":"pt-PT","potentialAction":[{"@type":"ReadAction","target":["https:\/\/bankofnassau.com\/pt\/"]}]},{"@type":"BreadcrumbList","@id":"https:\/\/bankofnassau.com\/pt\/#breadcrumb","itemListElement":[{"@type":"ListItem","position":1,"name":"Home","item":"https:\/\/bankofnassau.com\/pt\/"},{"@type":"ListItem","position":2,"name":"In\u00edcio"}]},{"@type":"WebSite","@id":"https:\/\/bankofnassau.com\/pt\/#website","url":"https:\/\/bankofnassau.com\/pt\/","name":"Bank of Nassau","description":"","potentialAction":[{"@type":"SearchAction","target":{"@type":"EntryPoint","urlTemplate":"https:\/\/bankofnassau.com\/pt\/?s={search_term_string}"},"query-input":{"@type":"PropertyValueSpecification","valueRequired":true,"valueName":"search_term_string"}}],"inLanguage":"pt-PT"}]}},"_links":{"self":[{"href":"https:\/\/bankofnassau.com\/pt\/wp-json\/wp\/v2\/pages\/445","targetHints":{"allow":["GET"]}}],"collection":[{"href":"https:\/\/bankofnassau.com\/pt\/wp-json\/wp\/v2\/pages"}],"about":[{"href":"https:\/\/bankofnassau.com\/pt\/wp-json\/wp\/v2\/types\/page"}],"author":[{"embeddable":true,"href":"https:\/\/bankofnassau.com\/pt\/wp-json\/wp\/v2\/users\/1"}],"replies":[{"embeddable":true,"href":"https:\/\/bankofnassau.com\/pt\/wp-json\/wp\/v2\/comments?post=445"}],"version-history":[{"count":8,"href":"https:\/\/bankofnassau.com\/pt\/wp-json\/wp\/v2\/pages\/445\/revisions"}],"predecessor-version":[{"id":4223,"href":"https:\/\/bankofnassau.com\/pt\/wp-json\/wp\/v2\/pages\/445\/revisions\/4223"}],"wp:attachment":[{"href":"https:\/\/bankofnassau.com\/pt\/wp-json\/wp\/v2\/media?parent=445"}],"curies":[{"name":"wp","href":"https:\/\/api.w.org\/{rel}","templated":true}]}}