{"id":3234,"date":"2026-01-25T23:38:15","date_gmt":"2026-01-25T23:38:15","guid":{"rendered":"https:\/\/bankofnassau.com\/compliance-and-regulations\/"},"modified":"2026-01-28T16:31:35","modified_gmt":"2026-01-28T16:31:35","slug":"compliance-and-regulations","status":"publish","type":"page","link":"https:\/\/bankofnassau.com\/pt\/compliance-and-regulations\/","title":{"rendered":"Conformidade e regulamenta\u00e7\u00f5es"},"content":{"rendered":"<section class=\"pagehead\" data-fls-pagehead=\"\" >\n    <div class=\"pagehead__picture\">\n            <picture class=\"el-picture\">\n        <source media=\"(max-width: 374.99px)\"\n                srcset=\"https:\/\/bankofnassau.com\/wp-content\/uploads\/2026\/01\/about_us_history_banner-375x106.webp, https:\/\/bankofnassau.com\/wp-content\/uploads\/2026\/01\/about_us_history_banner-750x211.webp 2x\">\n        <source media=\"(max-width: 767.99px)\"\n                srcset=\"https:\/\/bankofnassau.com\/wp-content\/uploads\/2026\/01\/about_us_history_banner-768x216.webp, https:\/\/bankofnassau.com\/wp-content\/uploads\/2026\/01\/about_us_history_banner-1536x433.webp 2x\">\n        <source media=\"(max-width: 1023.99px)\"\n                srcset=\"https:\/\/bankofnassau.com\/wp-content\/uploads\/2026\/01\/about_us_history_banner-1024x289.webp, https:\/\/bankofnassau.com\/wp-content\/uploads\/2026\/01\/about_us_history_banner-2048x577.webp 2x\">\n        <source media=\"(max-width: 1199.99px)\"\n                srcset=\"https:\/\/bankofnassau.com\/wp-content\/uploads\/2026\/01\/about_us_history_banner-1200x338.webp, https:\/\/bankofnassau.com\/wp-content\/uploads\/2026\/01\/about_us_history_banner-2400x677.webp 2x\">\n        <source media=\"(max-width: 1599.99px)\"\n                srcset=\"https:\/\/bankofnassau.com\/wp-content\/uploads\/2026\/01\/about_us_history_banner-1600x451.webp, https:\/\/bankofnassau.com\/wp-content\/uploads\/2026\/01\/about_us_history_banner-scaled.webp 2x\">\n        <source media=\"(min-width: 1600px)\"\n                srcset=\"https:\/\/bankofnassau.com\/wp-content\/uploads\/2026\/01\/about_us_history_banner-2000x564.webp, https:\/\/bankofnassau.com\/wp-content\/uploads\/2026\/01\/about_us_history_banner-scaled.webp 2x\">\n\n        <img class=\"pagehead__image el-image\"\n             src=\"https:\/\/bankofnassau.com\/wp-content\/uploads\/2026\/01\/about_us_history_banner-1200x338.webp\"\n             alt=\"about_us_history_banner\"\n             width=\"1200\"\n             height=\"338\"\n             loading=\"lazy\"\n             decoding=\"async\">\n    <\/picture>\n\n    <\/div>\n    <div class=\"pagehead__container\">\n        <div class=\"pagehead__body\">\n                            <section data-fls-breadcrumbs=\"\" class=\"breadcrumbs\">\n                    <ul class=\"breadcrumbs__list\">\n                                                    <li class=\"breadcrumbs__item\">\n                                                                <span class=\"--icon-arrow-left-thin left-icon\"><\/span>\n                                                                                                    <a href=\"\/pt\/\" class=\"breadcrumbs__item-link\">P\u00e1gina inicial<\/a>\n                                                                                                    <span class=\"--icon-arrow-right-thin right-icon\"><\/span>\n                                                            <\/li>\n                                                    <li class=\"breadcrumbs__item\">\n                                                                <span class=\"--icon-arrow-left-thin left-icon\"><\/span>\n                                                                                                    <span class=\"breadcrumbs__item-text\">Conformidade e regulamenta\u00e7\u00f5es<\/span>\n                                                                                            <\/li>\n                                            <\/ul>\n                <\/section>\n                        <h4 class=\"pagehead__title\">Conformidade e regulamenta\u00e7\u00f5es<\/h4>\n        <\/div>\n    <\/div>\n<\/section>\n\n\n<section data-fls-tabsnavigation=\"\" class=\"tabsnavigation\">\n\t<div class=\"tabsnavigation__container\">\n\t\t<div class=\"tabsnavigation__body\">\n\t\t\t<ul class=\"tabsnavigation__list\">\n\t\t\t\t\t\t\t\t\t<li class=\"tabsnavigation__item \">\n\t\t\t\t\t\t<a href=\"https:\/\/bankofnassau.com\/about\/\" class=\"tabsnavigation__item-link\">About Us<\/a>\n\t\t\t\t\t<\/li>\n\t\t\t\t\t\t\t\t\t<li class=\"tabsnavigation__item \">\n\t\t\t\t\t\t<a href=\"https:\/\/bankofnassau.com\/the-bahamas\/\" class=\"tabsnavigation__item-link\">The Bahamas<\/a>\n\t\t\t\t\t<\/li>\n\t\t\t\t\t\t\t\t\t<li class=\"tabsnavigation__item \">\n\t\t\t\t\t\t<a href=\"https:\/\/bankofnassau.com\/management\/\" class=\"tabsnavigation__item-link\">Management<\/a>\n\t\t\t\t\t<\/li>\n\t\t\t\t\t\t\t\t\t<li class=\"tabsnavigation__item \">\n\t\t\t\t\t\t<a href=\"https:\/\/bankofnassau.com\/compliance-and-regulations\/\" class=\"tabsnavigation__item-link\">Compliance and Regulations<\/a>\n\t\t\t\t\t<\/li>\n\t\t\t\t\t\t\t<\/ul>\n\t\t<\/div>\n\t<\/div>\n<\/section>\n\n\n                                    \n    <div class=\"page__container\">\n        <div class=\"mt-64-96 pb-28-64 text text--medium text-899-left-to-first-line\">\n            <h2><span data-sheets-root=\"1\">Conformidade intransigente e compromisso com a excel\u00eancia na integridade regulat\u00f3ria<br \/>\n<\/span><\/h2>\n\n        <\/div>\n    <\/div>\n\n\n                        \n    <div class=\"page__container\">\n        <div class=\"pb-32 text text-899-left-to-first-line\">\n            <p>No Bank of Nassau, a conformidade e o cumprimento das regulamenta\u00e7\u00f5es constituem a base de nossas opera\u00e7\u00f5es, refletindo um legado de excel\u00eancia desde nossa funda\u00e7\u00e3o em 1982 e nossa reformula\u00e7\u00e3o da marca em 2025. Nossa s\u00f3lida trajet\u00f3ria, enraizada na expertise su\u00ed\u00e7o-bahamiana e no compromisso com a \u00e9tica banc\u00e1ria, garante controles internos rigorosos que protegem os interesses dos clientes e mant\u00eam a integridade operacional. Empregamos uma estrutura robusta de pol\u00edticas, incluindo protocolos avan\u00e7ados de combate \u00e0 lavagem de dinheiro (AML), verifica\u00e7\u00e3o \u201cconhe\u00e7a seu cliente\u201d (KYC) e sistemas de monitoramento de risco em tempo real. Liderados por uma equipe dedicada de conformidade com d\u00e9cadas de experi\u00eancia coletiva em finan\u00e7as globais, nossos processos passam por auditorias internas regulares e revis\u00f5es de terceiros para superar os padr\u00f5es do setor.<\/p>\n\n        <\/div>\n    <\/div>\n\n\n                        \n    <div class=\"page__container\">\n        <div class=\"pb-32 text text-899-left-to-first-line\">\n            <p>As Bahamas, como nossa jurisdi\u00e7\u00e3o, refor\u00e7am essa base com um ambiente regulat\u00f3rio de classe mundial supervisionado pelo Banco Central das Bahamas. Reconhecida por sua estabilidade e transpar\u00eancia, a jurisdi\u00e7\u00e3o est\u00e1 em total conformidade com refer\u00eancias internacionais, como FATCA, CRS e Basileia III, promovendo um ecossistema seguro para prote\u00e7\u00e3o de ativos e gest\u00e3o de patrim\u00f4nio. A neutralidade pol\u00edtica, um regime fiscal neutro e leis rigorosas de privacidade de dados aumentam ainda mais nossa capacidade de fornecer servi\u00e7os em conformidade e centrados no cliente. Juntos, os controles meticulosos do nosso banco e a comprovada for\u00e7a regulat\u00f3ria das Bahamas oferecem uma garantia incompar\u00e1vel, permitindo que os clientes naveguem pelos mercados globais com confian\u00e7a e tranquilidade.<\/p>\n\n        <\/div>\n    <\/div>\n\n\n                        \n    <div class=\"page__container\">\n        <div class=\"mb-64-120 text text-899-left-to-first-line\">\n            <p>O Bank of Nassau \u00e9 licenciado pelo Banco Central das Bahamas, com a licen\u00e7a LIC0117, e pela Comiss\u00e3o de Valores Mobili\u00e1rios das Bahamas.<\/p>\n\n        <\/div>\n    <\/div>\n","protected":false},"excerpt":{"rendered":"","protected":false},"author":1,"featured_media":0,"parent":0,"menu_order":0,"comment_status":"closed","ping_status":"closed","template":"","meta":{"_acf_changed":false,"inline_featured_image":false,"footnotes":""},"class_list":["post-3234","page","type-page","status-publish","hentry"],"acf":[],"yoast_head":"<!-- This site is optimized with the Yoast SEO plugin v27.4 - https:\/\/yoast.com\/product\/yoast-seo-wordpress\/ -->\n<title>Conformidade e regulamenta\u00e7\u00f5es - Bank of Nassau<\/title>\n<meta name=\"robots\" content=\"index, follow, max-snippet:-1, max-image-preview:large, max-video-preview:-1\" \/>\n<link rel=\"canonical\" href=\"https:\/\/bankofnassau.com\/pt\/compliance-and-regulations\/\" \/>\n<meta property=\"og:locale\" content=\"pt_PT\" \/>\n<meta property=\"og:type\" content=\"article\" \/>\n<meta property=\"og:title\" content=\"Conformidade e regulamenta\u00e7\u00f5es - Bank of Nassau\" \/>\n<meta property=\"og:url\" content=\"https:\/\/bankofnassau.com\/pt\/compliance-and-regulations\/\" \/>\n<meta property=\"og:site_name\" content=\"Bank of Nassau\" \/>\n<meta property=\"article:modified_time\" content=\"2026-01-28T16:31:35+00:00\" \/>\n<meta name=\"twitter:card\" content=\"summary_large_image\" \/>\n<script type=\"application\/ld+json\" class=\"yoast-schema-graph\">{\"@context\":\"https:\\\/\\\/schema.org\",\"@graph\":[{\"@type\":\"WebPage\",\"@id\":\"https:\\\/\\\/bankofnassau.com\\\/pt\\\/compliance-and-regulations\\\/\",\"url\":\"https:\\\/\\\/bankofnassau.com\\\/pt\\\/compliance-and-regulations\\\/\",\"name\":\"Conformidade e regulamenta\u00e7\u00f5es - Bank of Nassau\",\"isPartOf\":{\"@id\":\"https:\\\/\\\/bankofnassau.com\\\/pt\\\/#website\"},\"datePublished\":\"2026-01-25T23:38:15+00:00\",\"dateModified\":\"2026-01-28T16:31:35+00:00\",\"breadcrumb\":{\"@id\":\"https:\\\/\\\/bankofnassau.com\\\/pt\\\/compliance-and-regulations\\\/#breadcrumb\"},\"inLanguage\":\"pt-PT\",\"potentialAction\":[{\"@type\":\"ReadAction\",\"target\":[\"https:\\\/\\\/bankofnassau.com\\\/pt\\\/compliance-and-regulations\\\/\"]}]},{\"@type\":\"BreadcrumbList\",\"@id\":\"https:\\\/\\\/bankofnassau.com\\\/pt\\\/compliance-and-regulations\\\/#breadcrumb\",\"itemListElement\":[{\"@type\":\"ListItem\",\"position\":1,\"name\":\"Home\",\"item\":\"https:\\\/\\\/bankofnassau.com\\\/pt\\\/\"},{\"@type\":\"ListItem\",\"position\":2,\"name\":\"Conformidade e regulamenta\u00e7\u00f5es\"}]},{\"@type\":\"WebSite\",\"@id\":\"https:\\\/\\\/bankofnassau.com\\\/pt\\\/#website\",\"url\":\"https:\\\/\\\/bankofnassau.com\\\/pt\\\/\",\"name\":\"Bank of Nassau\",\"description\":\"\",\"potentialAction\":[{\"@type\":\"SearchAction\",\"target\":{\"@type\":\"EntryPoint\",\"urlTemplate\":\"https:\\\/\\\/bankofnassau.com\\\/pt\\\/?s={search_term_string}\"},\"query-input\":{\"@type\":\"PropertyValueSpecification\",\"valueRequired\":true,\"valueName\":\"search_term_string\"}}],\"inLanguage\":\"pt-PT\"}]}<\/script>\n<!-- \/ Yoast SEO plugin. -->","yoast_head_json":{"title":"Conformidade e regulamenta\u00e7\u00f5es - Bank of Nassau","robots":{"index":"index","follow":"follow","max-snippet":"max-snippet:-1","max-image-preview":"max-image-preview:large","max-video-preview":"max-video-preview:-1"},"canonical":"https:\/\/bankofnassau.com\/pt\/compliance-and-regulations\/","og_locale":"pt_PT","og_type":"article","og_title":"Conformidade e regulamenta\u00e7\u00f5es - Bank of Nassau","og_url":"https:\/\/bankofnassau.com\/pt\/compliance-and-regulations\/","og_site_name":"Bank of Nassau","article_modified_time":"2026-01-28T16:31:35+00:00","twitter_card":"summary_large_image","schema":{"@context":"https:\/\/schema.org","@graph":[{"@type":"WebPage","@id":"https:\/\/bankofnassau.com\/pt\/compliance-and-regulations\/","url":"https:\/\/bankofnassau.com\/pt\/compliance-and-regulations\/","name":"Conformidade e regulamenta\u00e7\u00f5es - Bank of Nassau","isPartOf":{"@id":"https:\/\/bankofnassau.com\/pt\/#website"},"datePublished":"2026-01-25T23:38:15+00:00","dateModified":"2026-01-28T16:31:35+00:00","breadcrumb":{"@id":"https:\/\/bankofnassau.com\/pt\/compliance-and-regulations\/#breadcrumb"},"inLanguage":"pt-PT","potentialAction":[{"@type":"ReadAction","target":["https:\/\/bankofnassau.com\/pt\/compliance-and-regulations\/"]}]},{"@type":"BreadcrumbList","@id":"https:\/\/bankofnassau.com\/pt\/compliance-and-regulations\/#breadcrumb","itemListElement":[{"@type":"ListItem","position":1,"name":"Home","item":"https:\/\/bankofnassau.com\/pt\/"},{"@type":"ListItem","position":2,"name":"Conformidade e regulamenta\u00e7\u00f5es"}]},{"@type":"WebSite","@id":"https:\/\/bankofnassau.com\/pt\/#website","url":"https:\/\/bankofnassau.com\/pt\/","name":"Bank of Nassau","description":"","potentialAction":[{"@type":"SearchAction","target":{"@type":"EntryPoint","urlTemplate":"https:\/\/bankofnassau.com\/pt\/?s={search_term_string}"},"query-input":{"@type":"PropertyValueSpecification","valueRequired":true,"valueName":"search_term_string"}}],"inLanguage":"pt-PT"}]}},"_links":{"self":[{"href":"https:\/\/bankofnassau.com\/pt\/wp-json\/wp\/v2\/pages\/3234","targetHints":{"allow":["GET"]}}],"collection":[{"href":"https:\/\/bankofnassau.com\/pt\/wp-json\/wp\/v2\/pages"}],"about":[{"href":"https:\/\/bankofnassau.com\/pt\/wp-json\/wp\/v2\/types\/page"}],"author":[{"embeddable":true,"href":"https:\/\/bankofnassau.com\/pt\/wp-json\/wp\/v2\/users\/1"}],"replies":[{"embeddable":true,"href":"https:\/\/bankofnassau.com\/pt\/wp-json\/wp\/v2\/comments?post=3234"}],"version-history":[{"count":4,"href":"https:\/\/bankofnassau.com\/pt\/wp-json\/wp\/v2\/pages\/3234\/revisions"}],"predecessor-version":[{"id":3849,"href":"https:\/\/bankofnassau.com\/pt\/wp-json\/wp\/v2\/pages\/3234\/revisions\/3849"}],"wp:attachment":[{"href":"https:\/\/bankofnassau.com\/pt\/wp-json\/wp\/v2\/media?parent=3234"}],"curies":[{"name":"wp","href":"https:\/\/api.w.org\/{rel}","templated":true}]}}