{"id":3230,"date":"2026-01-25T23:37:17","date_gmt":"2026-01-25T23:37:17","guid":{"rendered":"https:\/\/bankofnassau.com\/cookie-policy\/"},"modified":"2026-01-28T16:35:05","modified_gmt":"2026-01-28T16:35:05","slug":"cookie-policy","status":"publish","type":"page","link":"https:\/\/bankofnassau.com\/pt\/cookie-policy\/","title":{"rendered":"Pol\u00edtica de Cookies"},"content":{"rendered":"<section class=\"pagehead\" data-fls-pagehead=\"\" >\n    <div class=\"pagehead__picture\">\n            <picture class=\"el-picture\">\n        <source media=\"(max-width: 374.99px)\"\n                srcset=\"https:\/\/bankofnassau.com\/wp-content\/uploads\/2026\/01\/data_privacy-375x106.webp, https:\/\/bankofnassau.com\/wp-content\/uploads\/2026\/01\/data_privacy-750x212.webp 2x\">\n        <source media=\"(max-width: 767.99px)\"\n                srcset=\"https:\/\/bankofnassau.com\/wp-content\/uploads\/2026\/01\/data_privacy-768x217.webp, https:\/\/bankofnassau.com\/wp-content\/uploads\/2026\/01\/data_privacy-1536x434.webp 2x\">\n        <source media=\"(max-width: 1023.99px)\"\n                srcset=\"https:\/\/bankofnassau.com\/wp-content\/uploads\/2026\/01\/data_privacy-1024x289.webp, https:\/\/bankofnassau.com\/wp-content\/uploads\/2026\/01\/data_privacy-2048x579.webp 2x\">\n        <source media=\"(max-width: 1199.99px)\"\n                srcset=\"https:\/\/bankofnassau.com\/wp-content\/uploads\/2026\/01\/data_privacy-1200x339.webp, https:\/\/bankofnassau.com\/wp-content\/uploads\/2026\/01\/data_privacy-2400x678.webp 2x\">\n        <source media=\"(max-width: 1599.99px)\"\n                srcset=\"https:\/\/bankofnassau.com\/wp-content\/uploads\/2026\/01\/data_privacy-1600x452.webp, https:\/\/bankofnassau.com\/wp-content\/uploads\/2026\/01\/data_privacy-scaled.webp 2x\">\n        <source media=\"(min-width: 1600px)\"\n                srcset=\"https:\/\/bankofnassau.com\/wp-content\/uploads\/2026\/01\/data_privacy-2000x565.webp, https:\/\/bankofnassau.com\/wp-content\/uploads\/2026\/01\/data_privacy-scaled.webp 2x\">\n\n        <img class=\"pagehead__image el-image\"\n             src=\"https:\/\/bankofnassau.com\/wp-content\/uploads\/2026\/01\/data_privacy-1200x339.webp\"\n             alt=\"data_privacy\"\n             width=\"1200\"\n             height=\"339\"\n             loading=\"lazy\"\n             decoding=\"async\">\n    <\/picture>\n\n    <\/div>\n    <div class=\"pagehead__container\">\n        <div class=\"pagehead__body\">\n                            <section data-fls-breadcrumbs=\"\" class=\"breadcrumbs\">\n                    <ul class=\"breadcrumbs__list\">\n                                                    <li class=\"breadcrumbs__item\">\n                                                                <span class=\"--icon-arrow-left-thin left-icon\"><\/span>\n                                                                                                    <a href=\"\/pt\/\" class=\"breadcrumbs__item-link\">P\u00e1gina inicial<\/a>\n                                                                                                    <span class=\"--icon-arrow-right-thin right-icon\"><\/span>\n                                                            <\/li>\n                                                    <li class=\"breadcrumbs__item\">\n                                                                <span class=\"--icon-arrow-left-thin left-icon\"><\/span>\n                                                                                                    <span class=\"breadcrumbs__item-text\">Pol\u00edtica de Cookies<\/span>\n                                                                                            <\/li>\n                                            <\/ul>\n                <\/section>\n                        <h4 class=\"pagehead__title\">Pol\u00edtica de Cookies<\/h4>\n        <\/div>\n    <\/div>\n<\/section>\n\n\n                        \n    <div class=\"page__container\">\n        <div class=\"mt-64-96 pb-16 text text-1129-left-to-first-line\">\n            <p>Como nos preocupamos com a confidencialidade dos dados pessoais e a prote\u00e7\u00e3o dos direitos de privacidade, pedimos que voc\u00ea leia esta Pol\u00edtica de Cookies antes de usar o site do Bank of Nassau 1982 Limited. Voc\u00ea tamb\u00e9m pode visitar nossa p\u00e1gina sobre Privacidade de Dados para saber como seus dados pessoais s\u00e3o usados.<\/p>\n\n        <\/div>\n    <\/div>\n\n\n                        \n    <div class=\"page__container\">\n        <div class=\"pb-16 text text-1129-left-to-first-line\">\n            <p><a href=\"https:\/\/bankofnassau.com\/pt\/data-privacy\/\">Saiba mais sobre Privacidade de Dados<\/a><\/p>\n\n        <\/div>\n    <\/div>\n\n\n                        \n    <div class=\"page__container\">\n        <div class=\"mb-40 text text-1129-left-to-first-line\">\n            <p>Esta pol\u00edtica de cookies descreve como lidamos com as informa\u00e7\u00f5es coletadas durante suas visitas ao site. Ela n\u00e3o abrange links dentro do nosso site para quaisquer outros sites de terceiros.<\/p>\n\n        <\/div>\n    <\/div>\n\n\n        <div class=\"page__container\">\n        <section class=\"s-accordion accordion-container mb-64-120 text-1129-left-to-first-line\">\n                            <div class=\"ac\">\n                    <h3 class=\"ac-header\">\n                        <button type=\"button\" class=\"ac-trigger\">O que \u00e9 um cookie?<\/button>\n                    <\/h3>\n                    <div class=\"ac-panel\">\n                        <div class=\"ac-line\"><\/div>\n                        <div class=\"ac-text\"><p>Um cookie \u00e9 um arquivo de texto, geralmente criptografado, enviado por um site e armazenado no seu terminal de TI (por exemplo, computador, celular ou tablet) quando voc\u00ea acessa o site. A maioria dos sites usa cookies, por exemplo, para salvar certas prefer\u00eancias do usu\u00e1rio (idioma, localiza\u00e7\u00e3o, tipo de usu\u00e1rio, etc.).<\/p>\n<p>Um cookie permite que seu emissor identifique o terminal no qual est\u00e1 armazenado, durante o per\u00edodo de validade e armazenamento do cookie.<\/p>\n<\/div>\n                    <\/div>\n                <\/div>\n                            <div class=\"ac\">\n                    <h3 class=\"ac-header\">\n                        <button type=\"button\" class=\"ac-trigger\">Para que usamos cookies?<\/button>\n                    <\/h3>\n                    <div class=\"ac-panel\">\n                        <div class=\"ac-line\"><\/div>\n                        <div class=\"ac-text\"><p>Em geral, os cookies s\u00e3o utilizados para otimizar a sua navega\u00e7\u00e3o num site. Sujeito \u00e0 sua escolha modific\u00e1vel, utilizamos cookies no nosso site a qualquer momento para permitir uma navega\u00e7\u00e3o mais eficiente para os usu\u00e1rios. Os cookies permitem-lhe escolher as suas prefer\u00eancias de login (por exemplo, idioma) ou fazer login em determinados servi\u00e7os (por exemplo,banco digital).<\/p>\n<p>Os cookies que emitimos tamb\u00e9m nos permitem estabelecer estat\u00edsticas e volumes de visitas e utiliza\u00e7\u00e3o dos v\u00e1rios elementos e p\u00e1ginas do nosso site, permitindo-nos assim melhorar o interesse e a usabilidade dos nossos servi\u00e7os e adaptar a apresenta\u00e7\u00e3o do nosso site \u00e0s refer\u00eancias de exibi\u00e7\u00e3o do seu terminal (por exemplo, resolu\u00e7\u00e3o de tela, sistema operacional utilizado) quando voc\u00ea visita o nosso site.<\/p>\n<\/div>\n                    <\/div>\n                <\/div>\n                            <div class=\"ac\">\n                    <h3 class=\"ac-header\">\n                        <button type=\"button\" class=\"ac-trigger\">Que cookies utilizamos?<\/button>\n                    <\/h3>\n                    <div class=\"ac-panel\">\n                        <div class=\"ac-line\"><\/div>\n                        <div class=\"ac-text\"><h2>Cookies t\u00e9cnicos<\/h2>\n<p>Os cookies t\u00e9cnicos s\u00e3o essenciais para o bom funcionamento do site. Estes cookies permitem-lhe navegar no nosso site e tirar partido das suas funcionalidades. Por conseguinte, estas configura\u00e7\u00f5es n\u00e3o podem ser alteradas.<\/p>\n<h2>Cookies anal\u00edticos<\/h2>\n<p>Estes cookies permitem o recolhimento de informa\u00e7\u00f5es sobre a forma como os visitantes utilizam um site (por exemplo, n\u00famero de visitas, p\u00e1ginas mais visitadas, conte\u00fados mais consultados). Permitem-nos saber como o nosso site \u00e9 utilizado e qual o seu desempenho, recolher estat\u00edsticas e monitorizar os volumes de tr\u00e1fego, a fim de melhorar o interesse e a ergonomia dos nossos servi\u00e7os.<\/p>\n<p>Esses cookies s\u00e3o apenas para uso interno.<\/p>\n<h2>Cookies compartilhados<\/h2>\n<p>Nosso site cont\u00e9m links de compartilhamento para sites de m\u00eddia social externos, permitindo que voc\u00ea compartilhe o conte\u00fado do nosso site com outras pessoas. Quando voc\u00ea concorda com o uso de cookies em geral, um cookie de terceiros, relacionado \u00e0 rede social em quest\u00e3o, pode ser instalado. Os bot\u00f5es de compartilhamento permitem que o conte\u00fado visualizado seja vinculado \u00e0 sua conta de usu\u00e1rio, se voc\u00ea estiver conectado simultaneamente \u00e0 rede social.<\/p>\n<p>Terceiros, como o Google, tamb\u00e9m podem instalar cookies quando voc\u00ea acessa v\u00eddeos hospedados em uma plataforma de terceiros, como YouTube, Facebook, Instagram, etc.<\/p>\n<p>Por favor, observe que os sites de terceiros t\u00eam suas pr\u00f3prias pol\u00edticas de privacidade e voc\u00ea deve estar ciente delas.<\/p>\n<\/div>\n                    <\/div>\n                <\/div>\n                            <div class=\"ac\">\n                    <h3 class=\"ac-header\">\n                        <button type=\"button\" class=\"ac-trigger\">Como configurar os cookies?<\/button>\n                    <\/h3>\n                    <div class=\"ac-panel\">\n                        <div class=\"ac-line\"><\/div>\n                        <div class=\"ac-text\"><p>O registro de um cookie em um terminal est\u00e1, em princ\u00edpio, sujeito ao consentimento do usu\u00e1rio do terminal. V\u00e1rias possibilidades s\u00e3o oferecidas para gerenciar cookies: o usu\u00e1rio pode escolher, a qualquer momento, expressar e modificar seus desejos em rela\u00e7\u00e3o aos cookies atrav\u00e9s do seu navegador ou, para o nosso site, usando as ferramentas de configura\u00e7\u00e3o.<\/p>\n<p>Em rela\u00e7\u00e3o aos cookies utilizados no nosso site, voc\u00ea pode configur\u00e1-los individualmente, dependendo do seu tipo.<\/p>\n<p>A configura\u00e7\u00e3o de cada navegador \u00e9 diferente, o menu de ajuda do seu navegador ir\u00e1 inform\u00e1-lo sobre como gerenciar suas prefer\u00eancias de cookies.<\/p>\n<p>Ao aceitar salvar cookies em seu terminal, os cookies integrados \u00e0s p\u00e1ginas e conte\u00fados que voc\u00ea consultou podem ser armazenados temporariamente, dependendo de sua configura\u00e7\u00e3o pessoal, em um espa\u00e7o dedicado em seu terminal. Ao recusar salvar cookies em seu terminal ou ao excluir aqueles salvos em seu terminal, voc\u00ea n\u00e3o poder\u00e1 mais se beneficiar de certos recursos do nosso site.<\/p>\n<p>O usu\u00e1rio aceita o risco de que, ao acessar o site e seus servi\u00e7os, terceiros possam deduzir que existe uma rela\u00e7\u00e3o com o Bank of Nassau 1982 Limited.<\/p>\n<p>Mais informa\u00e7\u00f5es sobre cookies e como gerenciar seu uso configurando as defini\u00e7\u00f5es do seu navegador est\u00e3o dispon\u00edveis em <a href=\"http:\/\/www.allaboutcookies.org\">www.allaboutcookies.org<\/a><\/p>\n<\/div>\n                    <\/div>\n                <\/div>\n                            <div class=\"ac\">\n                    <h3 class=\"ac-header\">\n                        <button type=\"button\" class=\"ac-trigger\">Renova\u00e7\u00e3o do seu consentimento<\/button>\n                    <\/h3>\n                    <div class=\"ac-panel\">\n                        <div class=\"ac-line\"><\/div>\n                        <div class=\"ac-text\"><p><span data-sheets-root=\"1\">Quando voc\u00ea concorda com o uso de cookies, esse consentimento \u00e9 v\u00e1lido por um per\u00edodo m\u00e1ximo de 14 meses, ap\u00f3s o qual voc\u00ea ser\u00e1 solicitado a renovar seu consentimento. Essa renova\u00e7\u00e3o tamb\u00e9m pode ser necess\u00e1ria quando voc\u00ea se conectar de outro terminal, alterar as configura\u00e7\u00f5es do seu navegador ou quando o site for atualizado.<\/span><\/p>\n<\/div>\n                    <\/div>\n                <\/div>\n                            <div class=\"ac\">\n                    <h3 class=\"ac-header\">\n                        <button type=\"button\" class=\"ac-trigger\">Altera\u00e7\u00f5es na pol\u00edtica de cookies<\/button>\n                    <\/h3>\n                    <div class=\"ac-panel\">\n                        <div class=\"ac-line\"><\/div>\n                        <div class=\"ac-text\"><p><span data-sheets-root=\"1\">O Bank of Nassau 1982 Limited pode alterar esta Pol\u00edtica de Cookies a qualquer momento.<\/span><\/p>\n<\/div>\n                    <\/div>\n                <\/div>\n                    <\/section>\n    <\/div>\n","protected":false},"excerpt":{"rendered":"","protected":false},"author":1,"featured_media":0,"parent":0,"menu_order":0,"comment_status":"closed","ping_status":"closed","template":"","meta":{"_acf_changed":false,"inline_featured_image":false,"footnotes":""},"class_list":["post-3230","page","type-page","status-publish","hentry"],"acf":[],"yoast_head":"<!-- This site is optimized with the Yoast SEO plugin v27.4 - https:\/\/yoast.com\/product\/yoast-seo-wordpress\/ -->\n<title>Pol\u00edtica de Cookies - Bank of Nassau<\/title>\n<meta name=\"robots\" content=\"index, follow, max-snippet:-1, max-image-preview:large, max-video-preview:-1\" \/>\n<link rel=\"canonical\" href=\"https:\/\/bankofnassau.com\/pt\/cookie-policy\/\" \/>\n<meta property=\"og:locale\" content=\"pt_PT\" \/>\n<meta property=\"og:type\" content=\"article\" \/>\n<meta property=\"og:title\" content=\"Pol\u00edtica de Cookies - Bank of Nassau\" \/>\n<meta property=\"og:url\" content=\"https:\/\/bankofnassau.com\/pt\/cookie-policy\/\" \/>\n<meta property=\"og:site_name\" content=\"Bank of Nassau\" \/>\n<meta property=\"article:modified_time\" content=\"2026-01-28T16:35:05+00:00\" \/>\n<meta name=\"twitter:card\" content=\"summary_large_image\" \/>\n<script type=\"application\/ld+json\" class=\"yoast-schema-graph\">{\"@context\":\"https:\\\/\\\/schema.org\",\"@graph\":[{\"@type\":\"WebPage\",\"@id\":\"https:\\\/\\\/bankofnassau.com\\\/pt\\\/cookie-policy\\\/\",\"url\":\"https:\\\/\\\/bankofnassau.com\\\/pt\\\/cookie-policy\\\/\",\"name\":\"Pol\u00edtica de Cookies - Bank of Nassau\",\"isPartOf\":{\"@id\":\"https:\\\/\\\/bankofnassau.com\\\/pt\\\/#website\"},\"datePublished\":\"2026-01-25T23:37:17+00:00\",\"dateModified\":\"2026-01-28T16:35:05+00:00\",\"breadcrumb\":{\"@id\":\"https:\\\/\\\/bankofnassau.com\\\/pt\\\/cookie-policy\\\/#breadcrumb\"},\"inLanguage\":\"pt-PT\",\"potentialAction\":[{\"@type\":\"ReadAction\",\"target\":[\"https:\\\/\\\/bankofnassau.com\\\/pt\\\/cookie-policy\\\/\"]}]},{\"@type\":\"BreadcrumbList\",\"@id\":\"https:\\\/\\\/bankofnassau.com\\\/pt\\\/cookie-policy\\\/#breadcrumb\",\"itemListElement\":[{\"@type\":\"ListItem\",\"position\":1,\"name\":\"Home\",\"item\":\"https:\\\/\\\/bankofnassau.com\\\/pt\\\/\"},{\"@type\":\"ListItem\",\"position\":2,\"name\":\"Pol\u00edtica de Cookies\"}]},{\"@type\":\"WebSite\",\"@id\":\"https:\\\/\\\/bankofnassau.com\\\/pt\\\/#website\",\"url\":\"https:\\\/\\\/bankofnassau.com\\\/pt\\\/\",\"name\":\"Bank of Nassau\",\"description\":\"\",\"potentialAction\":[{\"@type\":\"SearchAction\",\"target\":{\"@type\":\"EntryPoint\",\"urlTemplate\":\"https:\\\/\\\/bankofnassau.com\\\/pt\\\/?s={search_term_string}\"},\"query-input\":{\"@type\":\"PropertyValueSpecification\",\"valueRequired\":true,\"valueName\":\"search_term_string\"}}],\"inLanguage\":\"pt-PT\"}]}<\/script>\n<!-- \/ Yoast SEO plugin. -->","yoast_head_json":{"title":"Pol\u00edtica de Cookies - Bank of Nassau","robots":{"index":"index","follow":"follow","max-snippet":"max-snippet:-1","max-image-preview":"max-image-preview:large","max-video-preview":"max-video-preview:-1"},"canonical":"https:\/\/bankofnassau.com\/pt\/cookie-policy\/","og_locale":"pt_PT","og_type":"article","og_title":"Pol\u00edtica de Cookies - Bank of Nassau","og_url":"https:\/\/bankofnassau.com\/pt\/cookie-policy\/","og_site_name":"Bank of Nassau","article_modified_time":"2026-01-28T16:35:05+00:00","twitter_card":"summary_large_image","schema":{"@context":"https:\/\/schema.org","@graph":[{"@type":"WebPage","@id":"https:\/\/bankofnassau.com\/pt\/cookie-policy\/","url":"https:\/\/bankofnassau.com\/pt\/cookie-policy\/","name":"Pol\u00edtica de Cookies - Bank of Nassau","isPartOf":{"@id":"https:\/\/bankofnassau.com\/pt\/#website"},"datePublished":"2026-01-25T23:37:17+00:00","dateModified":"2026-01-28T16:35:05+00:00","breadcrumb":{"@id":"https:\/\/bankofnassau.com\/pt\/cookie-policy\/#breadcrumb"},"inLanguage":"pt-PT","potentialAction":[{"@type":"ReadAction","target":["https:\/\/bankofnassau.com\/pt\/cookie-policy\/"]}]},{"@type":"BreadcrumbList","@id":"https:\/\/bankofnassau.com\/pt\/cookie-policy\/#breadcrumb","itemListElement":[{"@type":"ListItem","position":1,"name":"Home","item":"https:\/\/bankofnassau.com\/pt\/"},{"@type":"ListItem","position":2,"name":"Pol\u00edtica de Cookies"}]},{"@type":"WebSite","@id":"https:\/\/bankofnassau.com\/pt\/#website","url":"https:\/\/bankofnassau.com\/pt\/","name":"Bank of Nassau","description":"","potentialAction":[{"@type":"SearchAction","target":{"@type":"EntryPoint","urlTemplate":"https:\/\/bankofnassau.com\/pt\/?s={search_term_string}"},"query-input":{"@type":"PropertyValueSpecification","valueRequired":true,"valueName":"search_term_string"}}],"inLanguage":"pt-PT"}]}},"_links":{"self":[{"href":"https:\/\/bankofnassau.com\/pt\/wp-json\/wp\/v2\/pages\/3230","targetHints":{"allow":["GET"]}}],"collection":[{"href":"https:\/\/bankofnassau.com\/pt\/wp-json\/wp\/v2\/pages"}],"about":[{"href":"https:\/\/bankofnassau.com\/pt\/wp-json\/wp\/v2\/types\/page"}],"author":[{"embeddable":true,"href":"https:\/\/bankofnassau.com\/pt\/wp-json\/wp\/v2\/users\/1"}],"replies":[{"embeddable":true,"href":"https:\/\/bankofnassau.com\/pt\/wp-json\/wp\/v2\/comments?post=3230"}],"version-history":[{"count":4,"href":"https:\/\/bankofnassau.com\/pt\/wp-json\/wp\/v2\/pages\/3230\/revisions"}],"predecessor-version":[{"id":3851,"href":"https:\/\/bankofnassau.com\/pt\/wp-json\/wp\/v2\/pages\/3230\/revisions\/3851"}],"wp:attachment":[{"href":"https:\/\/bankofnassau.com\/pt\/wp-json\/wp\/v2\/media?parent=3230"}],"curies":[{"name":"wp","href":"https:\/\/api.w.org\/{rel}","templated":true}]}}