{"id":3220,"date":"2026-01-25T23:31:57","date_gmt":"2026-01-25T23:31:57","guid":{"rendered":"https:\/\/bankofnassau.com\/terms-of-use\/"},"modified":"2026-01-28T16:33:02","modified_gmt":"2026-01-28T16:33:02","slug":"terms-of-use","status":"publish","type":"page","link":"https:\/\/bankofnassau.com\/pt\/terms-of-use\/","title":{"rendered":"Termos de Uso"},"content":{"rendered":"<section class=\"pagehead\" data-fls-pagehead=\"\" >\n    <div class=\"pagehead__picture\">\n            <picture class=\"el-picture\">\n        <source media=\"(max-width: 374.99px)\"\n                srcset=\"https:\/\/bankofnassau.com\/wp-content\/uploads\/2026\/01\/data_privacy-375x106.webp, https:\/\/bankofnassau.com\/wp-content\/uploads\/2026\/01\/data_privacy-750x212.webp 2x\">\n        <source media=\"(max-width: 767.99px)\"\n                srcset=\"https:\/\/bankofnassau.com\/wp-content\/uploads\/2026\/01\/data_privacy-768x217.webp, https:\/\/bankofnassau.com\/wp-content\/uploads\/2026\/01\/data_privacy-1536x434.webp 2x\">\n        <source media=\"(max-width: 1023.99px)\"\n                srcset=\"https:\/\/bankofnassau.com\/wp-content\/uploads\/2026\/01\/data_privacy-1024x289.webp, https:\/\/bankofnassau.com\/wp-content\/uploads\/2026\/01\/data_privacy-2048x579.webp 2x\">\n        <source media=\"(max-width: 1199.99px)\"\n                srcset=\"https:\/\/bankofnassau.com\/wp-content\/uploads\/2026\/01\/data_privacy-1200x339.webp, https:\/\/bankofnassau.com\/wp-content\/uploads\/2026\/01\/data_privacy-2400x678.webp 2x\">\n        <source media=\"(max-width: 1599.99px)\"\n                srcset=\"https:\/\/bankofnassau.com\/wp-content\/uploads\/2026\/01\/data_privacy-1600x452.webp, https:\/\/bankofnassau.com\/wp-content\/uploads\/2026\/01\/data_privacy-scaled.webp 2x\">\n        <source media=\"(min-width: 1600px)\"\n                srcset=\"https:\/\/bankofnassau.com\/wp-content\/uploads\/2026\/01\/data_privacy-2000x565.webp, https:\/\/bankofnassau.com\/wp-content\/uploads\/2026\/01\/data_privacy-scaled.webp 2x\">\n\n        <img class=\"pagehead__image el-image\"\n             src=\"https:\/\/bankofnassau.com\/wp-content\/uploads\/2026\/01\/data_privacy-1200x339.webp\"\n             alt=\"data_privacy\"\n             width=\"1200\"\n             height=\"339\"\n             loading=\"lazy\"\n             decoding=\"async\">\n    <\/picture>\n\n    <\/div>\n    <div class=\"pagehead__container\">\n        <div class=\"pagehead__body\">\n                            <section data-fls-breadcrumbs=\"\" class=\"breadcrumbs\">\n                    <ul class=\"breadcrumbs__list\">\n                                                    <li class=\"breadcrumbs__item\">\n                                                                <span class=\"--icon-arrow-left-thin left-icon\"><\/span>\n                                                                                                    <a href=\"\/pt\/\" class=\"breadcrumbs__item-link\">P\u00e1gina inicial<\/a>\n                                                                                                    <span class=\"--icon-arrow-right-thin right-icon\"><\/span>\n                                                            <\/li>\n                                                    <li class=\"breadcrumbs__item\">\n                                                                <span class=\"--icon-arrow-left-thin left-icon\"><\/span>\n                                                                                                    <span class=\"breadcrumbs__item-text\">Termos de Uso<\/span>\n                                                                                            <\/li>\n                                            <\/ul>\n                <\/section>\n                        <h4 class=\"pagehead__title\">Termos de Uso<\/h4>\n        <\/div>\n    <\/div>\n<\/section>\n\n\n                        \n    <div class=\"page__container\">\n        <div class=\"mt-64-96 pb-16 text text-1129-left-to-first-line\">\n            <h3><span data-sheets-root=\"1\">\u00daLTIMA ATUALIZA\u00c7\u00c3O: 8 de janeiro de 2026<\/span><\/h3>\n\n        <\/div>\n    <\/div>\n\n\n                        \n    <div class=\"page__container\">\n        <div class=\"mt-64-96 mb-64-120 pb-16 text text-1129-left-to-first-line\">\n            <ol>\n<li>Somos o <strong>Bank of Nassau 1982 Limited<\/strong>\u00a0(o \u201c<strong>Banco<\/strong>\u201d), uma sociedade de responsabilidade limitada constitu\u00edda sob o n\u00famero 28107, de acordo com as leis da Comunidade das Bahamas, e somos propriet\u00e1rios e operadores deste site (o \u201cSite\u201d).<\/li>\n<li><strong>Termos vinculativos<\/strong>: O uso do Site est\u00e1 sujeito a estes termos de uso. Ao usar o Site, voc\u00ea ser\u00e1 considerado como tendo aceitado e concordado em se comprometer com estes Termos de Uso e dever\u00e1 cumprir todas as leis e regulamentos aplic\u00e1veis. Se voc\u00ea n\u00e3o concordar com estes Termos de Uso, por favor n\u00e3o use este Site e interrompa imediatamente seu acesso.<\/li>\n<li><strong>Altera\u00e7\u00f5es<\/strong>: Podemos fazer altera\u00e7\u00f5es nestes Termos de Uso esporadicamente. Podemos notific\u00e1-lo sobre tais altera\u00e7\u00f5es por qualquer meio razo\u00e1vel, incluindo a publica\u00e7\u00e3o da vers\u00e3o revisada destes Termos de Uso no Site ou a data da \u00daLTIMA ATUALIZA\u00c7\u00c3O. Ao utilizar o Site ap\u00f3s as altera\u00e7\u00f5es feitas a estes Termos de Uso, voc\u00ea ser\u00e1 considerado como tendo aceitado essas altera\u00e7\u00f5es.<\/li>\n<li><strong>Seguran\u00e7a na internet<\/strong>: Voc\u00ea \u00e9 respons\u00e1vel por todo o acesso ao Site utilizando sua conex\u00e3o com a internet, mesmo que o acesso seja feito por outra pessoa. O Site \u00e9 um aplicativo baseado na internet e a internet \u00e9 uma rede p\u00fablica sobre a qual o banco n\u00e3o tem controle. Qualquer acesso \u00e0 internet pode acarretar alguns riscos, como v\u00edrus, risco de falsifica\u00e7\u00e3o ou abuso. O Banco n\u00e3o \u00e9 respons\u00e1vel perante voc\u00ea ou terceiros por danos incorridos como resultado de tais riscos e\/ou como resultado de defici\u00eancias t\u00e9cnicas (erro de transmiss\u00e3o, sobrecarga da rede, interfer\u00eancia, manuten\u00e7\u00e3o, acesso n\u00e3o autorizado de terceiros, etc.). Seguran\u00e7a na internet. O Banco n\u00e3o se responsabiliza por quaisquer danos causados ou perdas ao seu equipamento, aos dados nele armazenados ou a quaisquer componentes de software ou hardware utilizados para operar o seu equipamento. Voc\u00ea compromete-se a tomar todas as medidas de seguran\u00e7a necess\u00e1rias e assume todos os riscos relacionados com a utiliza\u00e7\u00e3o n\u00e3o autorizada, incorreta ou fraudulenta do Site. Voc\u00ea utiliza o Site por sua conta e risco e assume toda a responsabilidade pelo cumprimento de quaisquer leis, regras e regulamentos aplic\u00e1veis na sua jurisdi\u00e7\u00e3o de resid\u00eancia ou domic\u00edlio.<\/li>\n<li><strong>Restri\u00e7\u00f5es<\/strong>: Reservamo-nos o direito de restringir seu acesso ao Site ou a parte dele. O acesso a \u00e1reas restritas do Site pode estar sujeito a registro e outras condi\u00e7\u00f5es. Se lhe concedermos permiss\u00e3o para acessar uma \u00e1rea restrita, poderemos realizar o retiro da permiss\u00e3o a qualquer momento (inclusive se voc\u00ea violar qualquer um destes Termos de Uso). Envidaremos todos os esfor\u00e7os razo\u00e1veis para garantir que o Site esteja dispon\u00edvel em todos os momentos. No entanto, n\u00e3o podemos garantir que o Site ou qualquer fun\u00e7\u00e3o ou recurso individual do Site estar\u00e1 sempre dispon\u00edvel e\/ou livre de erros. Em particular, o Site pode ficar indispon\u00edvel durante os per\u00edodos em que estivermos implementando atualiza\u00e7\u00f5es ou realizando manuten\u00e7\u00e3o essencial no Site.<\/li>\n<li><strong>Sem ofertas<\/strong>: O conte\u00fado do Site \u00e9 exclusivamente para fins informativos. As informa\u00e7\u00f5es contidas no Site n\u00e3o constituem e n\u00e3o t\u00eam a inten\u00e7\u00e3o de constituir uma oferta de compra ou solicita\u00e7\u00e3o de oferta de venda ou distribui\u00e7\u00e3o ou recomenda\u00e7\u00e3o de quaisquer t\u00edtulos ou outros produtos ou servi\u00e7os em qualquer jurisdi\u00e7\u00e3o onde isso seja restrito ou contr\u00e1rio \u00e0 lei aplic\u00e1vel.<\/li>\n<li><strong>Sem aconselhamento<\/strong>: o conte\u00fado do Site n\u00e3o pretende ser e n\u00e3o se destina a ser aconselhamento de investimento nem aconselhamento fiscal. Quaisquer informa\u00e7\u00f5es contidas e opini\u00f5es expressas n\u00e3o substituem o aconselhamento de investimento independente que o usu\u00e1rio deve obter. Os usu\u00e1rios do Site s\u00e3o notificados de que devem consultar seus consultores profissionais independentes, advogados, contadores ou outros profissionais financeiros em rela\u00e7\u00e3o a investimentos. Os usu\u00e1rios do Site devem consultar especificamente seus consultores profissionais quanto aos requisitos legais do pa\u00eds de sua resid\u00eancia e quaisquer restri\u00e7\u00f5es cambiais ou outras restri\u00e7\u00f5es e consequ\u00eancias fiscais que possam ser relevantes para tal usu\u00e1rio antes de tomar decis\u00f5es de investimento.<\/li>\n<li><strong>Sem representa\u00e7\u00f5es<\/strong>: n\u00f3s fornecemos o Site \u201ccomo est\u00e1\u201d e n\u00e3o fazemos nenhuma representa\u00e7\u00e3o quanto \u00e0 qualidade, integridade ou precis\u00e3o de qualquer conte\u00fado disponibilizado no Site. Na medida m\u00e1xima permitida por lei, exclu\u00edmos expressamente:\n<ul>\n<li>todas as condi\u00e7\u00f5es, garantias e outros termos que possam estar impl\u00edcitos por lei nestes Termos de Uso;<\/li>\n<li>toda e qualquer responsabilidade perante voc\u00ea, seja decorrente destes Termos de Uso ou de outra forma relacionada ao uso do Site.<\/li>\n<\/ul>\n<\/li>\n<li><strong>Propriedade intelectual<\/strong>: O Banco e seus licenciadores det\u00eam os direitos de propriedade intelectual sobre o conte\u00fado do Site e todos os textos, imagens, v\u00eddeos e outros conte\u00fados disponibilizados nele. Voc\u00ea n\u00e3o pode imprimir, copiar, reproduzir ou distribuir qualquer conte\u00fado deste Site sem a pr\u00e9via autoriza\u00e7\u00e3o expressa por escrito do banco. O Site pode fornecer links para outros sites e recursos online, cuja propriedade intelectual n\u00e3o pertence ao banco nem \u00e9 controlada por ele. N\u00e3o nos responsabilizamos e n\u00e3o endossamos tais sites ou recursos externos. O uso de sites e recursos de terceiros acessados por um link neste Site \u00e9 por sua conta e risco.<\/li>\n<li><strong>Obriga\u00e7\u00f5es do usu\u00e1rio<\/strong>: Sua permiss\u00e3o para usar o Site \u00e9 pessoal e intransfer\u00edvel, voc\u00ea n\u00e3o pode usar o Site para fins comerciais. O uso do Site est\u00e1 condicionado ao cumprimento dos requisitos estabelecidos nestes termos de uso e, ao usar o Site, voc\u00ea concorda que N\u00c3O IR\u00c1:\n<ul>\n<li>usar o Site para qualquer finalidade fraudulenta ou ilegal;<\/li>\n<li>usar o Site para difamar, abusar, assediar, perseguir, amea\u00e7ar ou violar os direitos de terceiros, incluindo, sem limita\u00e7\u00e3o, os direitos de privacidade ou direitos de publicidade de terceiros;<\/li>\n<li>personificar qualquer pessoa ou entidade, declarar falsamente ou de outra forma deturpar sua afilia\u00e7\u00e3o com qualquer pessoa ou entidade em conex\u00e3o com o Site; ou expressar ou sugerir que endossamos qualquer declara\u00e7\u00e3o que voc\u00ea fizer;<\/li>\n<li>interferir ou interromper a opera\u00e7\u00e3o do Site ou dos servidores ou redes usados para disponibilizar o Site; ou violar quaisquer requisitos, procedimentos, pol\u00edticas ou regulamentos de tais redes;<\/li>\n<li>transmitir ou disponibilizar de outra forma em conex\u00e3o com o Site qualquer v\u00edrus, worm, cavalo de tr\u00f3ia ou outro c\u00f3digo de computador que seja prejudicial ou invasivo ou que possa ou tenha a inten\u00e7\u00e3o de danificar a opera\u00e7\u00e3o ou monitorar o uso de qualquer hardware, software ou equipamento;<\/li>\n<li>reproduzir, duplicar, copiar, vender, revender ou explorar de outra forma para quaisquer fins comerciais, qualquer parte, uso ou acesso ao Site;<\/li>\n<li>modificar, adaptar, traduzir, fazer coletagem de dados, fazer engenharia reversa, descompilar ou desmontar qualquer parte do Site ou agregar dados do Site. Se voc\u00ea deseja fazer engenharia reversa em qualquer parte do Site para criar um programa interoper\u00e1vel, voc\u00ea deve entrar em contato conosco, e n\u00f3s podemos fornecer dados de interface, sujeitos \u00e0 verifica\u00e7\u00e3o de sua identidade e outras informa\u00e7\u00f5es;<\/li>\n<li>remover qualquer Aviso de Direitos Autorais, marca registrada ou outros direitos de propriedade do Site ou de materiais origin\u00e1rios do Site;<\/li>\n<li>enquadrar ou espelhar qualquer parte do Site sem o nosso consentimento pr\u00e9vio por escrito;<\/li>\n<li>criar um banco de dados baixando e armazenando sistematicamente o conte\u00fado do Site;<\/li>\n<li>usar qualquer dispositivo manual ou autom\u00e1tico de qualquer forma para coletar o conte\u00fado do Site ou reproduzir ou contornar a estrutura de navega\u00e7\u00e3o ou apresenta\u00e7\u00e3o do Site sem o nosso consentimento pr\u00e9vio por escrito. N\u00e3o obstante o acima exposto, concedemos aos operadores de motores de busca p\u00fablicos online permiss\u00e3o limitada para utilizar aplica\u00e7\u00f5es de recupera\u00e7\u00e3o de pesquisa para reproduzir materiais do Site com o \u00fanico objetivo e exclusivamente na medida do necess\u00e1rio para criar \u00edndices pesquis\u00e1veis publicamente dispon\u00edveis desses materiais, exclusivamente em conex\u00e3o com o servi\u00e7o de pesquisa p\u00fablico online de cada operador. Reservamo-nos o direito de alterar, modificar ou revogar estas exce\u00e7\u00f5es, seja de forma geral ou em casos espec\u00edficos.<\/li>\n<\/ul>\n<\/li>\n<li><strong>Prote\u00e7\u00e3o de dados<\/strong>: Os dados e informa\u00e7\u00f5es sobre voc\u00ea que podem ser coletados em virtude do seu uso do Site est\u00e3o sujeitos \u00e0s leis das Bahamas que regulamentam o uso de informa\u00e7\u00f5es e dados pessoais. Tais dados que podem ser coletados pelo Banco s\u00f3 ser\u00e3o usados, processados e comunicados de acordo com as leis aplic\u00e1veis das Bahamas. De acordo com a Lei de Prote\u00e7\u00e3o de Dados (Privacy of Personal Information) de 2003, Ch324A, e a Lei de Regulamenta\u00e7\u00e3o de Bancos e Empresas Fiduci\u00e1rias (Bank &amp; Trust Companies Regulations Act) de 2020 , ou conforme alterada periodicamente, o Usu\u00e1rio, em troca do uso deste Site, concorda com o compartilhamento e o fornecimento de seus dados e informa\u00e7\u00f5es a outros membros do Banco ou com a transfer\u00eancia de tais dados a terceiros, com o objetivo de auxiliar o Banco na presta\u00e7\u00e3o de servi\u00e7os banc\u00e1rios em seu benef\u00edcio, de acordo com as obriga\u00e7\u00f5es legais, operacionais e contratuais do Banco e suas obriga\u00e7\u00f5es banc\u00e1rias ou de cust\u00f3dia de t\u00edtulos que possam surgir.<br \/>\nO tratamento e a transfer\u00eancia de dados n\u00e3o ser\u00e3o considerados, em caso algum, como uma viola\u00e7\u00e3o do sigilo banc\u00e1rio. As pessoas f\u00edsicas t\u00eam o direito de acesso e retifica\u00e7\u00e3o, conforme previsto pelas leis das Bahamas; quaisquer solicita\u00e7\u00f5es de acesso e retifica\u00e7\u00e3o devem ser feitas por escrito. O Banco tomar\u00e1 todas as medidas razo\u00e1veis para garantir a confidencialidade dos seus dados.<\/li>\n<li><strong>Confidencialidade<\/strong>: O Banco tratar\u00e1 todas as suas informa\u00e7\u00f5es pessoais como privadas e confidenciais, mesmo que o usu\u00e1rio n\u00e3o seja mais um cliente. No entanto, os diretores, executivos e\/ou funcion\u00e1rios do Banco podem ser obrigados pela lei das Bahamas a fornecer provas e informa\u00e7\u00f5es, e o Banco s\u00f3 divulgar\u00e1 essas informa\u00e7\u00f5es sobre voc\u00ea a terceiros quando for obrigado a faz\u00ea-lo pelas leis em vigor nas Bahamas, por uma ordem ou diretiva de uma autoridade reguladora das Bahamas ou de um tribunal da Comunidade das Bahamas, e em qualquer circunst\u00e2ncia em que haja evid\u00eancia de atividades que constituam ou constituiriam, se tivessem ocorrido nas Bahamas, uma ofensa criminal nas Bahamas.<\/li>\n<li><strong>Data de vig\u00eancia<\/strong>: Estes termos de uso permanecem em vigor at\u00e9 serem rescindidos. O Banco pode, a qualquer momento e por qualquer motivo, rescindir seu acesso ou uso do Site. Se rescindirmos seu acesso ao Site, voc\u00ea n\u00e3o ter\u00e1 o direito de apresentar reclama\u00e7\u00f5es contra n\u00f3s ou nossas afiliadas com rela\u00e7\u00e3o a tal rescis\u00e3o. N\u00f3s e nossas afiliadas n\u00e3o seremos respons\u00e1veis por qualquer rescis\u00e3o de seu acesso ao Site.<\/li>\n<li><strong>Lei aplic\u00e1vel<\/strong>: As disposi\u00e7\u00f5es destes termos de uso ser\u00e3o regidas, interpretadas e aplicadas de acordo com as leis da Comunidade das Bahamas. Ao utilizar este Site, os usu\u00e1rios se submetem \u00e0 jurisdi\u00e7\u00e3o e concordam que os tribunais da Comunidade das Bahamas ter\u00e3o jurisdi\u00e7\u00e3o exclusiva sobre qualquer reclama\u00e7\u00e3o, disputa ou quest\u00e3o relacionada a estes Termos de Uso.<\/li>\n<\/ol>\n\n        <\/div>\n    <\/div>\n","protected":false},"excerpt":{"rendered":"","protected":false},"author":1,"featured_media":0,"parent":0,"menu_order":0,"comment_status":"closed","ping_status":"closed","template":"","meta":{"_acf_changed":false,"inline_featured_image":false,"footnotes":""},"class_list":["post-3220","page","type-page","status-publish","hentry"],"acf":[],"yoast_head":"<!-- This site is optimized with the Yoast SEO plugin v27.4 - https:\/\/yoast.com\/product\/yoast-seo-wordpress\/ -->\n<title>Termos de Uso - Bank of Nassau<\/title>\n<meta name=\"robots\" content=\"index, follow, max-snippet:-1, max-image-preview:large, max-video-preview:-1\" \/>\n<link rel=\"canonical\" href=\"https:\/\/bankofnassau.com\/pt\/terms-of-use\/\" \/>\n<meta property=\"og:locale\" content=\"pt_PT\" \/>\n<meta property=\"og:type\" content=\"article\" \/>\n<meta property=\"og:title\" content=\"Termos de Uso - Bank of Nassau\" \/>\n<meta property=\"og:url\" content=\"https:\/\/bankofnassau.com\/pt\/terms-of-use\/\" \/>\n<meta property=\"og:site_name\" content=\"Bank of Nassau\" \/>\n<meta property=\"article:modified_time\" content=\"2026-01-28T16:33:02+00:00\" \/>\n<meta name=\"twitter:card\" content=\"summary_large_image\" \/>\n<script type=\"application\/ld+json\" class=\"yoast-schema-graph\">{\"@context\":\"https:\\\/\\\/schema.org\",\"@graph\":[{\"@type\":\"WebPage\",\"@id\":\"https:\\\/\\\/bankofnassau.com\\\/pt\\\/terms-of-use\\\/\",\"url\":\"https:\\\/\\\/bankofnassau.com\\\/pt\\\/terms-of-use\\\/\",\"name\":\"Termos de Uso - Bank of Nassau\",\"isPartOf\":{\"@id\":\"https:\\\/\\\/bankofnassau.com\\\/pt\\\/#website\"},\"datePublished\":\"2026-01-25T23:31:57+00:00\",\"dateModified\":\"2026-01-28T16:33:02+00:00\",\"breadcrumb\":{\"@id\":\"https:\\\/\\\/bankofnassau.com\\\/pt\\\/terms-of-use\\\/#breadcrumb\"},\"inLanguage\":\"pt-PT\",\"potentialAction\":[{\"@type\":\"ReadAction\",\"target\":[\"https:\\\/\\\/bankofnassau.com\\\/pt\\\/terms-of-use\\\/\"]}]},{\"@type\":\"BreadcrumbList\",\"@id\":\"https:\\\/\\\/bankofnassau.com\\\/pt\\\/terms-of-use\\\/#breadcrumb\",\"itemListElement\":[{\"@type\":\"ListItem\",\"position\":1,\"name\":\"Home\",\"item\":\"https:\\\/\\\/bankofnassau.com\\\/pt\\\/\"},{\"@type\":\"ListItem\",\"position\":2,\"name\":\"Termos de Uso\"}]},{\"@type\":\"WebSite\",\"@id\":\"https:\\\/\\\/bankofnassau.com\\\/pt\\\/#website\",\"url\":\"https:\\\/\\\/bankofnassau.com\\\/pt\\\/\",\"name\":\"Bank of Nassau\",\"description\":\"\",\"potentialAction\":[{\"@type\":\"SearchAction\",\"target\":{\"@type\":\"EntryPoint\",\"urlTemplate\":\"https:\\\/\\\/bankofnassau.com\\\/pt\\\/?s={search_term_string}\"},\"query-input\":{\"@type\":\"PropertyValueSpecification\",\"valueRequired\":true,\"valueName\":\"search_term_string\"}}],\"inLanguage\":\"pt-PT\"}]}<\/script>\n<!-- \/ Yoast SEO plugin. -->","yoast_head_json":{"title":"Termos de Uso - Bank of Nassau","robots":{"index":"index","follow":"follow","max-snippet":"max-snippet:-1","max-image-preview":"max-image-preview:large","max-video-preview":"max-video-preview:-1"},"canonical":"https:\/\/bankofnassau.com\/pt\/terms-of-use\/","og_locale":"pt_PT","og_type":"article","og_title":"Termos de Uso - Bank of Nassau","og_url":"https:\/\/bankofnassau.com\/pt\/terms-of-use\/","og_site_name":"Bank of Nassau","article_modified_time":"2026-01-28T16:33:02+00:00","twitter_card":"summary_large_image","schema":{"@context":"https:\/\/schema.org","@graph":[{"@type":"WebPage","@id":"https:\/\/bankofnassau.com\/pt\/terms-of-use\/","url":"https:\/\/bankofnassau.com\/pt\/terms-of-use\/","name":"Termos de Uso - Bank of Nassau","isPartOf":{"@id":"https:\/\/bankofnassau.com\/pt\/#website"},"datePublished":"2026-01-25T23:31:57+00:00","dateModified":"2026-01-28T16:33:02+00:00","breadcrumb":{"@id":"https:\/\/bankofnassau.com\/pt\/terms-of-use\/#breadcrumb"},"inLanguage":"pt-PT","potentialAction":[{"@type":"ReadAction","target":["https:\/\/bankofnassau.com\/pt\/terms-of-use\/"]}]},{"@type":"BreadcrumbList","@id":"https:\/\/bankofnassau.com\/pt\/terms-of-use\/#breadcrumb","itemListElement":[{"@type":"ListItem","position":1,"name":"Home","item":"https:\/\/bankofnassau.com\/pt\/"},{"@type":"ListItem","position":2,"name":"Termos de Uso"}]},{"@type":"WebSite","@id":"https:\/\/bankofnassau.com\/pt\/#website","url":"https:\/\/bankofnassau.com\/pt\/","name":"Bank of Nassau","description":"","potentialAction":[{"@type":"SearchAction","target":{"@type":"EntryPoint","urlTemplate":"https:\/\/bankofnassau.com\/pt\/?s={search_term_string}"},"query-input":{"@type":"PropertyValueSpecification","valueRequired":true,"valueName":"search_term_string"}}],"inLanguage":"pt-PT"}]}},"_links":{"self":[{"href":"https:\/\/bankofnassau.com\/pt\/wp-json\/wp\/v2\/pages\/3220","targetHints":{"allow":["GET"]}}],"collection":[{"href":"https:\/\/bankofnassau.com\/pt\/wp-json\/wp\/v2\/pages"}],"about":[{"href":"https:\/\/bankofnassau.com\/pt\/wp-json\/wp\/v2\/types\/page"}],"author":[{"embeddable":true,"href":"https:\/\/bankofnassau.com\/pt\/wp-json\/wp\/v2\/users\/1"}],"replies":[{"embeddable":true,"href":"https:\/\/bankofnassau.com\/pt\/wp-json\/wp\/v2\/comments?post=3220"}],"version-history":[{"count":4,"href":"https:\/\/bankofnassau.com\/pt\/wp-json\/wp\/v2\/pages\/3220\/revisions"}],"predecessor-version":[{"id":3850,"href":"https:\/\/bankofnassau.com\/pt\/wp-json\/wp\/v2\/pages\/3220\/revisions\/3850"}],"wp:attachment":[{"href":"https:\/\/bankofnassau.com\/pt\/wp-json\/wp\/v2\/media?parent=3220"}],"curies":[{"name":"wp","href":"https:\/\/api.w.org\/{rel}","templated":true}]}}