{"id":2607,"date":"2025-12-31T10:54:21","date_gmt":"2025-12-31T10:54:21","guid":{"rendered":"https:\/\/bankofnassau.com\/global-markets-access\/"},"modified":"2026-01-28T16:23:17","modified_gmt":"2026-01-28T16:23:17","slug":"global-markets-access","status":"publish","type":"page","link":"https:\/\/bankofnassau.com\/pt\/global-markets-access\/","title":{"rendered":"Acesso aos mercados globais"},"content":{"rendered":"<section class=\"pagehead\" data-fls-pagehead=\"\" style=\"background: #a68e78;\">\n    <div class=\"pagehead__picture\">\n            <picture class=\"el-picture\">\n        <source media=\"(max-width: 374.99px)\"\n                srcset=\"https:\/\/bankofnassau.com\/wp-content\/uploads\/2026\/01\/data_privacy-375x106.webp, https:\/\/bankofnassau.com\/wp-content\/uploads\/2026\/01\/data_privacy-750x212.webp 2x\">\n        <source media=\"(max-width: 767.99px)\"\n                srcset=\"https:\/\/bankofnassau.com\/wp-content\/uploads\/2026\/01\/data_privacy-768x217.webp, https:\/\/bankofnassau.com\/wp-content\/uploads\/2026\/01\/data_privacy-1536x434.webp 2x\">\n        <source media=\"(max-width: 1023.99px)\"\n                srcset=\"https:\/\/bankofnassau.com\/wp-content\/uploads\/2026\/01\/data_privacy-1024x289.webp, https:\/\/bankofnassau.com\/wp-content\/uploads\/2026\/01\/data_privacy-2048x579.webp 2x\">\n        <source media=\"(max-width: 1199.99px)\"\n                srcset=\"https:\/\/bankofnassau.com\/wp-content\/uploads\/2026\/01\/data_privacy-1200x339.webp, https:\/\/bankofnassau.com\/wp-content\/uploads\/2026\/01\/data_privacy-2400x678.webp 2x\">\n        <source media=\"(max-width: 1599.99px)\"\n                srcset=\"https:\/\/bankofnassau.com\/wp-content\/uploads\/2026\/01\/data_privacy-1600x452.webp, https:\/\/bankofnassau.com\/wp-content\/uploads\/2026\/01\/data_privacy-scaled.webp 2x\">\n        <source media=\"(min-width: 1600px)\"\n                srcset=\"https:\/\/bankofnassau.com\/wp-content\/uploads\/2026\/01\/data_privacy-2000x565.webp, https:\/\/bankofnassau.com\/wp-content\/uploads\/2026\/01\/data_privacy-scaled.webp 2x\">\n\n        <img class=\"pagehead__image el-image\"\n             src=\"https:\/\/bankofnassau.com\/wp-content\/uploads\/2026\/01\/data_privacy-1200x339.webp\"\n             alt=\"data_privacy\"\n             width=\"1200\"\n             height=\"339\"\n             loading=\"lazy\"\n             decoding=\"async\">\n    <\/picture>\n\n    <\/div>\n    <div class=\"pagehead__container\">\n        <div class=\"pagehead__body\">\n                            <section data-fls-breadcrumbs=\"\" class=\"breadcrumbs\">\n                    <ul class=\"breadcrumbs__list\">\n                                                    <li class=\"breadcrumbs__item\">\n                                                                <span class=\"--icon-arrow-left-thin left-icon\"><\/span>\n                                                                                                    <a href=\"\/pt\/\" class=\"breadcrumbs__item-link\">P\u00e1gina inicial<\/a>\n                                                                                                    <span class=\"--icon-arrow-right-thin right-icon\"><\/span>\n                                                            <\/li>\n                                                    <li class=\"breadcrumbs__item\">\n                                                                <span class=\"--icon-arrow-left-thin left-icon\"><\/span>\n                                                                                                    <span class=\"breadcrumbs__item-text\">Acesso aos mercados globais<\/span>\n                                                                                            <\/li>\n                                            <\/ul>\n                <\/section>\n                        <h4 class=\"pagehead__title\">Acesso aos mercados globais<\/h4>\n        <\/div>\n    <\/div>\n<\/section>\n\n\n                        \n    <div class=\"page__container\">\n        <div class=\"mt-64-96 pb-32 text text-899-left-to-first-line\">\n            <h2><span data-sheets-root=\"1\">Acesso econ\u00f4mico aos mercados globais para clientes privados<\/span><\/h2>\n\n        <\/div>\n    <\/div>\n\n\n                        \n    <div class=\"page__container\">\n        <div class=\"mb-40 text text-899-left-to-first-line\">\n            <p>Oferecemos aos nossos clientes do banco privado acesso confi\u00e1vel aos mercados financeiros globais, apoiando a execu\u00e7\u00e3o eficiente de investimentos a pre\u00e7os em tempo real com comiss\u00f5es baixas.<\/p>\n\n        <\/div>\n    <\/div>\n\n\n                        \n    <div class=\"page__container\">\n        <div class=\"mb-24 text text-899-left-to-first-line\">\n            <p>As principais caracter\u00edsticas incluem:<\/p>\n\n        <\/div>\n    <\/div>\n\n\n                        \n    <div class=\"page__container\">\n        <div class=\"mb-24 text text-899-left-to-first-line\">\n            <h3>Negocia\u00e7\u00e3o com comiss\u00f5es baixas<\/h3>\n<p>Custos de execu\u00e7\u00e3o competitivos em um amplo espectro de classes de ativos, incluindo a\u00e7\u00f5es, renda fixa, ETFs e derivativos selecionados, ajudando a manter um posicionamento de carteira econ\u00f4mico.<\/p>\n\n        <\/div>\n    <\/div>\n\n\n                        \n    <div class=\"page__container\">\n        <div class=\"mb-24 text text-899-left-to-first-line\">\n            <h3>Pre\u00e7os e execu\u00e7\u00e3o em tempo real<\/h3>\n<p>Dados de mercado em tempo real e execu\u00e7\u00e3o r\u00e1pida de ordens por meio de plataformas de negocia\u00e7\u00e3o estabelecidas, proporcionando qualidade de execu\u00e7\u00e3o alinhada aos padr\u00f5es institucionais.<\/p>\n\n        <\/div>\n    <\/div>\n\n\n                        \n    <div class=\"page__container\">\n        <div class=\"mb-24 text text-899-left-to-first-line\">\n            <h3>Notifica\u00e7\u00f5es de mercado personalizadas<\/h3>\n<p>Alertas e insights personalizados com base em suas participa\u00e7\u00f5es na carteira, listas de observa\u00e7\u00e3o e crit\u00e9rios de investimento, fornecendo atualiza\u00e7\u00f5es oportunas sobre movimentos de pre\u00e7os, a\u00e7\u00f5es corporativas e eventos de mercado para auxiliar na tomada de decis\u00f5es informadas.<\/p>\n\n        <\/div>\n    <\/div>\n\n\n                        \n    <div class=\"page__container\">\n        <div class=\"mb-40 text text-899-left-to-first-line\">\n            <h3>Ampla cobertura de mercado<\/h3>\n<p>Acesso \u00e0s principais bolsas internacionais e mercados de balc\u00e3o, permitindo exposi\u00e7\u00e3o diversificada em diferentes regi\u00f5es geogr\u00e1ficas e tipos de ativos por meio de uma estrutura de conta \u00fanica e consolidada.<\/p>\n\n        <\/div>\n    <\/div>\n\n\n                        \n    <div class=\"page__container\">\n        <div class=\"mb-48-96 text text-899-left-to-first-line\">\n            <p>Este servi\u00e7o foi projetado para clientes sofisticados que buscam acesso pr\u00e1tico, transparente e \u00e1gil aos mercados de capitais globais dentro de um relacionamento banc\u00e1rio privado confi\u00e1vel.<\/p>\n\n        <\/div>\n    <\/div>\n\n\n<section data-fls-calltoaction=\"\" class=\"calltoaction mb-64-120\">\n    <div class=\"calltoaction__container\">\n        <div class=\"calltoaction__content\">\n                            <h3 class=\"announcement__text\">Discuta suas necessidades de gest\u00e3o patrimonial com um membro da nossa equipe.<\/h3>\n                                                            <a data-fls-button=\"\" href=\"\/pt\/contacte-nos\/\" class=\"announcement__button button\">Contate-nos<\/a>\n                                    <\/div>\n    <\/div>\n<\/section>","protected":false},"excerpt":{"rendered":"","protected":false},"author":1,"featured_media":0,"parent":0,"menu_order":0,"comment_status":"closed","ping_status":"closed","template":"","meta":{"_acf_changed":false,"inline_featured_image":false,"footnotes":""},"class_list":["post-2607","page","type-page","status-publish","hentry"],"acf":[],"yoast_head":"<!-- This site is optimized with the Yoast SEO plugin v27.4 - https:\/\/yoast.com\/product\/yoast-seo-wordpress\/ -->\n<title>Acesso aos mercados globais - Bank of Nassau<\/title>\n<meta name=\"robots\" content=\"index, follow, max-snippet:-1, max-image-preview:large, max-video-preview:-1\" \/>\n<link rel=\"canonical\" href=\"https:\/\/bankofnassau.com\/pt\/global-markets-access\/\" \/>\n<meta property=\"og:locale\" content=\"pt_PT\" \/>\n<meta property=\"og:type\" content=\"article\" \/>\n<meta property=\"og:title\" content=\"Acesso aos mercados globais - Bank of Nassau\" \/>\n<meta property=\"og:url\" content=\"https:\/\/bankofnassau.com\/pt\/global-markets-access\/\" \/>\n<meta property=\"og:site_name\" content=\"Bank of Nassau\" \/>\n<meta property=\"article:modified_time\" content=\"2026-01-28T16:23:17+00:00\" \/>\n<meta name=\"twitter:card\" content=\"summary_large_image\" \/>\n<script type=\"application\/ld+json\" class=\"yoast-schema-graph\">{\"@context\":\"https:\\\/\\\/schema.org\",\"@graph\":[{\"@type\":\"WebPage\",\"@id\":\"https:\\\/\\\/bankofnassau.com\\\/pt\\\/global-markets-access\\\/\",\"url\":\"https:\\\/\\\/bankofnassau.com\\\/pt\\\/global-markets-access\\\/\",\"name\":\"Acesso aos mercados globais - Bank of Nassau\",\"isPartOf\":{\"@id\":\"https:\\\/\\\/bankofnassau.com\\\/pt\\\/#website\"},\"datePublished\":\"2025-12-31T10:54:21+00:00\",\"dateModified\":\"2026-01-28T16:23:17+00:00\",\"breadcrumb\":{\"@id\":\"https:\\\/\\\/bankofnassau.com\\\/pt\\\/global-markets-access\\\/#breadcrumb\"},\"inLanguage\":\"pt-PT\",\"potentialAction\":[{\"@type\":\"ReadAction\",\"target\":[\"https:\\\/\\\/bankofnassau.com\\\/pt\\\/global-markets-access\\\/\"]}]},{\"@type\":\"BreadcrumbList\",\"@id\":\"https:\\\/\\\/bankofnassau.com\\\/pt\\\/global-markets-access\\\/#breadcrumb\",\"itemListElement\":[{\"@type\":\"ListItem\",\"position\":1,\"name\":\"Home\",\"item\":\"https:\\\/\\\/bankofnassau.com\\\/pt\\\/\"},{\"@type\":\"ListItem\",\"position\":2,\"name\":\"Global Markets Access\"}]},{\"@type\":\"WebSite\",\"@id\":\"https:\\\/\\\/bankofnassau.com\\\/pt\\\/#website\",\"url\":\"https:\\\/\\\/bankofnassau.com\\\/pt\\\/\",\"name\":\"Bank of Nassau\",\"description\":\"\",\"potentialAction\":[{\"@type\":\"SearchAction\",\"target\":{\"@type\":\"EntryPoint\",\"urlTemplate\":\"https:\\\/\\\/bankofnassau.com\\\/pt\\\/?s={search_term_string}\"},\"query-input\":{\"@type\":\"PropertyValueSpecification\",\"valueRequired\":true,\"valueName\":\"search_term_string\"}}],\"inLanguage\":\"pt-PT\"}]}<\/script>\n<!-- \/ Yoast SEO plugin. -->","yoast_head_json":{"title":"Acesso aos mercados globais - Bank of Nassau","robots":{"index":"index","follow":"follow","max-snippet":"max-snippet:-1","max-image-preview":"max-image-preview:large","max-video-preview":"max-video-preview:-1"},"canonical":"https:\/\/bankofnassau.com\/pt\/global-markets-access\/","og_locale":"pt_PT","og_type":"article","og_title":"Acesso aos mercados globais - Bank of Nassau","og_url":"https:\/\/bankofnassau.com\/pt\/global-markets-access\/","og_site_name":"Bank of Nassau","article_modified_time":"2026-01-28T16:23:17+00:00","twitter_card":"summary_large_image","schema":{"@context":"https:\/\/schema.org","@graph":[{"@type":"WebPage","@id":"https:\/\/bankofnassau.com\/pt\/global-markets-access\/","url":"https:\/\/bankofnassau.com\/pt\/global-markets-access\/","name":"Acesso aos mercados globais - Bank of Nassau","isPartOf":{"@id":"https:\/\/bankofnassau.com\/pt\/#website"},"datePublished":"2025-12-31T10:54:21+00:00","dateModified":"2026-01-28T16:23:17+00:00","breadcrumb":{"@id":"https:\/\/bankofnassau.com\/pt\/global-markets-access\/#breadcrumb"},"inLanguage":"pt-PT","potentialAction":[{"@type":"ReadAction","target":["https:\/\/bankofnassau.com\/pt\/global-markets-access\/"]}]},{"@type":"BreadcrumbList","@id":"https:\/\/bankofnassau.com\/pt\/global-markets-access\/#breadcrumb","itemListElement":[{"@type":"ListItem","position":1,"name":"Home","item":"https:\/\/bankofnassau.com\/pt\/"},{"@type":"ListItem","position":2,"name":"Global Markets Access"}]},{"@type":"WebSite","@id":"https:\/\/bankofnassau.com\/pt\/#website","url":"https:\/\/bankofnassau.com\/pt\/","name":"Bank of Nassau","description":"","potentialAction":[{"@type":"SearchAction","target":{"@type":"EntryPoint","urlTemplate":"https:\/\/bankofnassau.com\/pt\/?s={search_term_string}"},"query-input":{"@type":"PropertyValueSpecification","valueRequired":true,"valueName":"search_term_string"}}],"inLanguage":"pt-PT"}]}},"_links":{"self":[{"href":"https:\/\/bankofnassau.com\/pt\/wp-json\/wp\/v2\/pages\/2607","targetHints":{"allow":["GET"]}}],"collection":[{"href":"https:\/\/bankofnassau.com\/pt\/wp-json\/wp\/v2\/pages"}],"about":[{"href":"https:\/\/bankofnassau.com\/pt\/wp-json\/wp\/v2\/types\/page"}],"author":[{"embeddable":true,"href":"https:\/\/bankofnassau.com\/pt\/wp-json\/wp\/v2\/users\/1"}],"replies":[{"embeddable":true,"href":"https:\/\/bankofnassau.com\/pt\/wp-json\/wp\/v2\/comments?post=2607"}],"version-history":[{"count":6,"href":"https:\/\/bankofnassau.com\/pt\/wp-json\/wp\/v2\/pages\/2607\/revisions"}],"predecessor-version":[{"id":3841,"href":"https:\/\/bankofnassau.com\/pt\/wp-json\/wp\/v2\/pages\/2607\/revisions\/3841"}],"wp:attachment":[{"href":"https:\/\/bankofnassau.com\/pt\/wp-json\/wp\/v2\/media?parent=2607"}],"curies":[{"name":"wp","href":"https:\/\/api.w.org\/{rel}","templated":true}]}}