{"id":2597,"date":"2025-12-31T10:52:07","date_gmt":"2025-12-31T10:52:07","guid":{"rendered":"https:\/\/bankofnassau.com\/private-banking-services\/"},"modified":"2026-01-28T16:22:34","modified_gmt":"2026-01-28T16:22:34","slug":"private-banking-services","status":"publish","type":"page","link":"https:\/\/bankofnassau.com\/pt\/private-banking-services\/","title":{"rendered":"Servi\u00e7os de banco privado"},"content":{"rendered":"<section class=\"pagehead\" data-fls-pagehead=\"\" style=\"background: #a68e78;\">\n    <div class=\"pagehead__picture\">\n            <picture class=\"el-picture\">\n        <source media=\"(max-width: 374.99px)\"\n                srcset=\"https:\/\/bankofnassau.com\/wp-content\/uploads\/2026\/01\/data_privacy-375x106.webp, https:\/\/bankofnassau.com\/wp-content\/uploads\/2026\/01\/data_privacy-750x212.webp 2x\">\n        <source media=\"(max-width: 767.99px)\"\n                srcset=\"https:\/\/bankofnassau.com\/wp-content\/uploads\/2026\/01\/data_privacy-768x217.webp, https:\/\/bankofnassau.com\/wp-content\/uploads\/2026\/01\/data_privacy-1536x434.webp 2x\">\n        <source media=\"(max-width: 1023.99px)\"\n                srcset=\"https:\/\/bankofnassau.com\/wp-content\/uploads\/2026\/01\/data_privacy-1024x289.webp, https:\/\/bankofnassau.com\/wp-content\/uploads\/2026\/01\/data_privacy-2048x579.webp 2x\">\n        <source media=\"(max-width: 1199.99px)\"\n                srcset=\"https:\/\/bankofnassau.com\/wp-content\/uploads\/2026\/01\/data_privacy-1200x339.webp, https:\/\/bankofnassau.com\/wp-content\/uploads\/2026\/01\/data_privacy-2400x678.webp 2x\">\n        <source media=\"(max-width: 1599.99px)\"\n                srcset=\"https:\/\/bankofnassau.com\/wp-content\/uploads\/2026\/01\/data_privacy-1600x452.webp, https:\/\/bankofnassau.com\/wp-content\/uploads\/2026\/01\/data_privacy-scaled.webp 2x\">\n        <source media=\"(min-width: 1600px)\"\n                srcset=\"https:\/\/bankofnassau.com\/wp-content\/uploads\/2026\/01\/data_privacy-2000x565.webp, https:\/\/bankofnassau.com\/wp-content\/uploads\/2026\/01\/data_privacy-scaled.webp 2x\">\n\n        <img class=\"pagehead__image el-image\"\n             src=\"https:\/\/bankofnassau.com\/wp-content\/uploads\/2026\/01\/data_privacy-1200x339.webp\"\n             alt=\"data_privacy\"\n             width=\"1200\"\n             height=\"339\"\n             loading=\"lazy\"\n             decoding=\"async\">\n    <\/picture>\n\n    <\/div>\n    <div class=\"pagehead__container\">\n        <div class=\"pagehead__body\">\n                            <section data-fls-breadcrumbs=\"\" class=\"breadcrumbs\">\n                    <ul class=\"breadcrumbs__list\">\n                                                    <li class=\"breadcrumbs__item\">\n                                                                <span class=\"--icon-arrow-left-thin left-icon\"><\/span>\n                                                                                                    <a href=\"\/pt\/\" class=\"breadcrumbs__item-link\">P\u00e1gina inicial<\/a>\n                                                                                                    <span class=\"--icon-arrow-right-thin right-icon\"><\/span>\n                                                            <\/li>\n                                                    <li class=\"breadcrumbs__item\">\n                                                                <span class=\"--icon-arrow-left-thin left-icon\"><\/span>\n                                                                                                    <span class=\"breadcrumbs__item-text\">Servi\u00e7os de banco privado<\/span>\n                                                                                            <\/li>\n                                            <\/ul>\n                <\/section>\n                        <h4 class=\"pagehead__title\">Servi\u00e7os de banco privado<\/h4>\n        <\/div>\n    <\/div>\n<\/section>\n\n\n                        \n    <div class=\"page__container\">\n        <div class=\"mt-64-96 pb-32 text text-899-left-to-first-line\">\n            <h2><span data-sheets-root=\"1\">Banco privado personalizado para clientes sofisticados<\/span><\/h2>\n\n        <\/div>\n    <\/div>\n\n\n                        \n    <div class=\"page__container\">\n        <div class=\"mb-40 text text-899-left-to-first-line\">\n            <p>Oferecemos aos clientes mais exigentes servi\u00e7os banc\u00e1rios privados diretos e personalizados, com foco no controle, gest\u00e3o profissional e acesso global confi\u00e1vel. Voc\u00ea pode optar por gerenciar seus pr\u00f3prios investimentos por meio de nossa plataforma de execu\u00e7\u00e3o exclusiva (totalmente compat\u00edvel com os gestores de ativos externos selecionados), delegar a supervis\u00e3o discricion\u00e1ria da carteira \u00e0 nossa equipe \u2014 adaptada \u00e0s suas metas de risco e retorno \u2014 ou utilizar nossos servi\u00e7os de consultoria para receber recomenda\u00e7\u00f5es de investimento personalizadas, mantendo o controle da execu\u00e7\u00e3o.<\/p>\n\n        <\/div>\n    <\/div>\n\n\n                        \n    <div class=\"page__container\">\n        <div class=\"mb-40 text text-899-left-to-first-line\">\n            <p>Independentemente da sua linha de servi\u00e7os preferida, todos os servi\u00e7os banc\u00e1rios privados incluem nossos recursos eficientes de transfer\u00eancia eletr\u00f4nica multimoeda para transa\u00e7\u00f5es internacionais tranquilas. Nossa abordagem prioriza a privacidade, a precis\u00e3o e o suporte pr\u00e1tico em um ambiente banc\u00e1rio confi\u00e1vel.<\/p>\n\n        <\/div>\n    <\/div>\n\n\n                        \n    <div class=\"page__container\">\n        <div class=\"mb-40 text text-899-left-to-first-line\">\n            <h3>Servi\u00e7os exclusivamente de execu\u00e7\u00e3o<\/h3>\n<p>Os clientes mant\u00eam controle total sobre as decis\u00f5es de trading de renda vari\u00e1vel, renda fixa e outros instrumentos mantidos em cust\u00f3dia no Banco, sem assessoria da institui\u00e7\u00e3o. A plataforma tamb\u00e9m acomoda gestores de ativos externos (EAMs) nomeados de forma independente e contratados pelos clientes para supervisionar as carteiras em cust\u00f3dia.<\/p>\n\n        <\/div>\n    <\/div>\n\n\n                        \n    <div class=\"page__container\">\n        <div class=\"mb-40 text text-899-left-to-first-line\">\n            <h3>Gest\u00e3o discricion\u00e1ria de carteiras<\/h3>\n<p>Sujeito ao mandato do cliente, o Banco assume total discricionariedade de investimento, construindo e gerenciando carteiras alinhadas com a toler\u00e2ncia ao risco especificada pelo cliente, objetivos de retorno e requisitos de patrim\u00f4nio mais amplos, incluindo acesso a estrat\u00e9gias diversificadas e investimentos alternativos.<\/p>\n\n        <\/div>\n    <\/div>\n\n\n                        \n    <div class=\"page__container\">\n        <div class=\"mb-40 text text-899-left-to-first-line\">\n            <h3>Servi\u00e7os de consultoria<\/h3>\n<p>Adaptado ao conhecimento, \u00e0s necessidades e aos objetivos de investimento do cliente, o Banco recomenda ideias de investimento adequadas, com base em sua pesquisa macroecon\u00f4mica propriet\u00e1ria e insights de investimento. O cliente mant\u00e9m autonomia de execu\u00e7\u00e3o.<\/p>\n\n        <\/div>\n    <\/div>\n\n\n                        \n    <div class=\"page__container\">\n        <div class=\"mb-48-96 text text-899-left-to-first-line\">\n            <h3>Pagamentos internacionais em v\u00e1rias divisas<\/h3>\n<p>Execu\u00e7\u00e3o de transfer\u00eancias banc\u00e1rias internacionais nas principais divisas por meio de redes SWIFT e correspondentes estabelecidas, entregues com efici\u00eancia e prazo de liquida\u00e7\u00e3o de n\u00edvel institucional \u2014 funcionalidade essencial dentro de uma estrutura de banco privado internacional que facilita o gerenciamento cont\u00ednuo da gest\u00e3o de liquidez global.<\/p>\n\n        <\/div>\n    <\/div>\n\n\n<section data-fls-calltoaction=\"\" class=\"calltoaction mb-64-120\">\n    <div class=\"calltoaction__container\">\n        <div class=\"calltoaction__content\">\n                            <h3 class=\"announcement__text\">Discuta suas necessidades de gest\u00e3o patrimonial com um membro da nossa equipe.<\/h3>\n                                                            <a data-fls-button=\"\" href=\"\/pt\/contacte-nos\/\" class=\"announcement__button button\">Contacte-nos<\/a>\n                                    <\/div>\n    <\/div>\n<\/section>","protected":false},"excerpt":{"rendered":"","protected":false},"author":1,"featured_media":0,"parent":0,"menu_order":0,"comment_status":"closed","ping_status":"closed","template":"","meta":{"_acf_changed":false,"inline_featured_image":false,"footnotes":""},"class_list":["post-2597","page","type-page","status-publish","hentry"],"acf":[],"yoast_head":"<!-- This site is optimized with the Yoast SEO plugin v27.4 - https:\/\/yoast.com\/product\/yoast-seo-wordpress\/ -->\n<title>Servi\u00e7os de banco privado - Bank of Nassau<\/title>\n<meta name=\"robots\" content=\"index, follow, max-snippet:-1, max-image-preview:large, max-video-preview:-1\" \/>\n<link rel=\"canonical\" href=\"https:\/\/bankofnassau.com\/pt\/private-banking-services\/\" \/>\n<meta property=\"og:locale\" content=\"pt_PT\" \/>\n<meta property=\"og:type\" content=\"article\" \/>\n<meta property=\"og:title\" content=\"Servi\u00e7os de banco privado - Bank of Nassau\" \/>\n<meta property=\"og:url\" content=\"https:\/\/bankofnassau.com\/pt\/private-banking-services\/\" \/>\n<meta property=\"og:site_name\" content=\"Bank of Nassau\" \/>\n<meta property=\"article:modified_time\" content=\"2026-01-28T16:22:34+00:00\" \/>\n<meta name=\"twitter:card\" content=\"summary_large_image\" \/>\n<script type=\"application\/ld+json\" class=\"yoast-schema-graph\">{\"@context\":\"https:\\\/\\\/schema.org\",\"@graph\":[{\"@type\":\"WebPage\",\"@id\":\"https:\\\/\\\/bankofnassau.com\\\/pt\\\/private-banking-services\\\/\",\"url\":\"https:\\\/\\\/bankofnassau.com\\\/pt\\\/private-banking-services\\\/\",\"name\":\"Servi\u00e7os de banco privado - Bank of Nassau\",\"isPartOf\":{\"@id\":\"https:\\\/\\\/bankofnassau.com\\\/pt\\\/#website\"},\"datePublished\":\"2025-12-31T10:52:07+00:00\",\"dateModified\":\"2026-01-28T16:22:34+00:00\",\"breadcrumb\":{\"@id\":\"https:\\\/\\\/bankofnassau.com\\\/pt\\\/private-banking-services\\\/#breadcrumb\"},\"inLanguage\":\"pt-PT\",\"potentialAction\":[{\"@type\":\"ReadAction\",\"target\":[\"https:\\\/\\\/bankofnassau.com\\\/pt\\\/private-banking-services\\\/\"]}]},{\"@type\":\"BreadcrumbList\",\"@id\":\"https:\\\/\\\/bankofnassau.com\\\/pt\\\/private-banking-services\\\/#breadcrumb\",\"itemListElement\":[{\"@type\":\"ListItem\",\"position\":1,\"name\":\"Home\",\"item\":\"https:\\\/\\\/bankofnassau.com\\\/pt\\\/\"},{\"@type\":\"ListItem\",\"position\":2,\"name\":\"Private Banking Services\"}]},{\"@type\":\"WebSite\",\"@id\":\"https:\\\/\\\/bankofnassau.com\\\/pt\\\/#website\",\"url\":\"https:\\\/\\\/bankofnassau.com\\\/pt\\\/\",\"name\":\"Bank of Nassau\",\"description\":\"\",\"potentialAction\":[{\"@type\":\"SearchAction\",\"target\":{\"@type\":\"EntryPoint\",\"urlTemplate\":\"https:\\\/\\\/bankofnassau.com\\\/pt\\\/?s={search_term_string}\"},\"query-input\":{\"@type\":\"PropertyValueSpecification\",\"valueRequired\":true,\"valueName\":\"search_term_string\"}}],\"inLanguage\":\"pt-PT\"}]}<\/script>\n<!-- \/ Yoast SEO plugin. -->","yoast_head_json":{"title":"Servi\u00e7os de banco privado - Bank of Nassau","robots":{"index":"index","follow":"follow","max-snippet":"max-snippet:-1","max-image-preview":"max-image-preview:large","max-video-preview":"max-video-preview:-1"},"canonical":"https:\/\/bankofnassau.com\/pt\/private-banking-services\/","og_locale":"pt_PT","og_type":"article","og_title":"Servi\u00e7os de banco privado - Bank of Nassau","og_url":"https:\/\/bankofnassau.com\/pt\/private-banking-services\/","og_site_name":"Bank of Nassau","article_modified_time":"2026-01-28T16:22:34+00:00","twitter_card":"summary_large_image","schema":{"@context":"https:\/\/schema.org","@graph":[{"@type":"WebPage","@id":"https:\/\/bankofnassau.com\/pt\/private-banking-services\/","url":"https:\/\/bankofnassau.com\/pt\/private-banking-services\/","name":"Servi\u00e7os de banco privado - Bank of Nassau","isPartOf":{"@id":"https:\/\/bankofnassau.com\/pt\/#website"},"datePublished":"2025-12-31T10:52:07+00:00","dateModified":"2026-01-28T16:22:34+00:00","breadcrumb":{"@id":"https:\/\/bankofnassau.com\/pt\/private-banking-services\/#breadcrumb"},"inLanguage":"pt-PT","potentialAction":[{"@type":"ReadAction","target":["https:\/\/bankofnassau.com\/pt\/private-banking-services\/"]}]},{"@type":"BreadcrumbList","@id":"https:\/\/bankofnassau.com\/pt\/private-banking-services\/#breadcrumb","itemListElement":[{"@type":"ListItem","position":1,"name":"Home","item":"https:\/\/bankofnassau.com\/pt\/"},{"@type":"ListItem","position":2,"name":"Private Banking Services"}]},{"@type":"WebSite","@id":"https:\/\/bankofnassau.com\/pt\/#website","url":"https:\/\/bankofnassau.com\/pt\/","name":"Bank of Nassau","description":"","potentialAction":[{"@type":"SearchAction","target":{"@type":"EntryPoint","urlTemplate":"https:\/\/bankofnassau.com\/pt\/?s={search_term_string}"},"query-input":{"@type":"PropertyValueSpecification","valueRequired":true,"valueName":"search_term_string"}}],"inLanguage":"pt-PT"}]}},"_links":{"self":[{"href":"https:\/\/bankofnassau.com\/pt\/wp-json\/wp\/v2\/pages\/2597","targetHints":{"allow":["GET"]}}],"collection":[{"href":"https:\/\/bankofnassau.com\/pt\/wp-json\/wp\/v2\/pages"}],"about":[{"href":"https:\/\/bankofnassau.com\/pt\/wp-json\/wp\/v2\/types\/page"}],"author":[{"embeddable":true,"href":"https:\/\/bankofnassau.com\/pt\/wp-json\/wp\/v2\/users\/1"}],"replies":[{"embeddable":true,"href":"https:\/\/bankofnassau.com\/pt\/wp-json\/wp\/v2\/comments?post=2597"}],"version-history":[{"count":6,"href":"https:\/\/bankofnassau.com\/pt\/wp-json\/wp\/v2\/pages\/2597\/revisions"}],"predecessor-version":[{"id":3840,"href":"https:\/\/bankofnassau.com\/pt\/wp-json\/wp\/v2\/pages\/2597\/revisions\/3840"}],"wp:attachment":[{"href":"https:\/\/bankofnassau.com\/pt\/wp-json\/wp\/v2\/media?parent=2597"}],"curies":[{"name":"wp","href":"https:\/\/api.w.org\/{rel}","templated":true}]}}