{"id":2591,"date":"2025-12-31T10:50:23","date_gmt":"2025-12-31T10:50:23","guid":{"rendered":"https:\/\/bankofnassau.com\/wealth-management\/"},"modified":"2026-01-28T18:34:44","modified_gmt":"2026-01-28T18:34:44","slug":"wealth-management","status":"publish","type":"page","link":"https:\/\/bankofnassau.com\/pt\/wealth-management\/","title":{"rendered":"Gest\u00e3o patrimonial"},"content":{"rendered":"<section class=\"pagehead\" data-fls-pagehead=\"\" style=\"background: #a68e78;\">\n    <div class=\"pagehead__picture\">\n            <picture class=\"el-picture\">\n        <source media=\"(max-width: 374.99px)\"\n                srcset=\"https:\/\/bankofnassau.com\/wp-content\/uploads\/2026\/01\/data_privacy-375x106.webp, https:\/\/bankofnassau.com\/wp-content\/uploads\/2026\/01\/data_privacy-750x212.webp 2x\">\n        <source media=\"(max-width: 767.99px)\"\n                srcset=\"https:\/\/bankofnassau.com\/wp-content\/uploads\/2026\/01\/data_privacy-768x217.webp, https:\/\/bankofnassau.com\/wp-content\/uploads\/2026\/01\/data_privacy-1536x434.webp 2x\">\n        <source media=\"(max-width: 1023.99px)\"\n                srcset=\"https:\/\/bankofnassau.com\/wp-content\/uploads\/2026\/01\/data_privacy-1024x289.webp, https:\/\/bankofnassau.com\/wp-content\/uploads\/2026\/01\/data_privacy-2048x579.webp 2x\">\n        <source media=\"(max-width: 1199.99px)\"\n                srcset=\"https:\/\/bankofnassau.com\/wp-content\/uploads\/2026\/01\/data_privacy-1200x339.webp, https:\/\/bankofnassau.com\/wp-content\/uploads\/2026\/01\/data_privacy-2400x678.webp 2x\">\n        <source media=\"(max-width: 1599.99px)\"\n                srcset=\"https:\/\/bankofnassau.com\/wp-content\/uploads\/2026\/01\/data_privacy-1600x452.webp, https:\/\/bankofnassau.com\/wp-content\/uploads\/2026\/01\/data_privacy-scaled.webp 2x\">\n        <source media=\"(min-width: 1600px)\"\n                srcset=\"https:\/\/bankofnassau.com\/wp-content\/uploads\/2026\/01\/data_privacy-2000x565.webp, https:\/\/bankofnassau.com\/wp-content\/uploads\/2026\/01\/data_privacy-scaled.webp 2x\">\n\n        <img class=\"pagehead__image el-image\"\n             src=\"https:\/\/bankofnassau.com\/wp-content\/uploads\/2026\/01\/data_privacy-1200x339.webp\"\n             alt=\"data_privacy\"\n             width=\"1200\"\n             height=\"339\"\n             loading=\"lazy\"\n             decoding=\"async\">\n    <\/picture>\n\n    <\/div>\n    <div class=\"pagehead__container\">\n        <div class=\"pagehead__body\">\n                            <section data-fls-breadcrumbs=\"\" class=\"breadcrumbs\">\n                    <ul class=\"breadcrumbs__list\">\n                                                    <li class=\"breadcrumbs__item\">\n                                                                <span class=\"--icon-arrow-left-thin left-icon\"><\/span>\n                                                                                                    <a href=\"\/pt\/\" class=\"breadcrumbs__item-link\">P\u00e1gina inicial<\/a>\n                                                                                                    <span class=\"--icon-arrow-right-thin right-icon\"><\/span>\n                                                            <\/li>\n                                                    <li class=\"breadcrumbs__item\">\n                                                                <span class=\"--icon-arrow-left-thin left-icon\"><\/span>\n                                                                                                    <span class=\"breadcrumbs__item-text\">Gest\u00e3o patrimonial<\/span>\n                                                                                            <\/li>\n                                            <\/ul>\n                <\/section>\n                        <h4 class=\"pagehead__title\">Gest\u00e3o patrimonial<\/h4>\n        <\/div>\n    <\/div>\n<\/section>\n\n\n                        \n    <div class=\"page__container\">\n        <div class=\"mt-64-96 pb-32 text text-899-left-to-first-line\">\n            <h2><span data-sheets-root=\"1\">Gest\u00e3o de patrim\u00f4nio informada para clientes independentes<\/span><\/h2>\n\n        <\/div>\n    <\/div>\n\n\n                        \n    <div class=\"page__container\">\n        <div class=\"mb-40 text text-899-left-to-first-line\">\n            <p>Apoiamos clientes sofisticados que valorizam a autonomia com pesquisas de investimento propriet\u00e1rias de alta qualidade, fornecidas de forma consistente, ajudando a tomar decis\u00f5es confiantes e autodirigidas, alinhadas com seus objetivos pessoais de patrim\u00f4nio.<\/p>\n\n        <\/div>\n    <\/div>\n\n\n                        \n    <div class=\"page__container\">\n        <div class=\"mb-40 text text-899-left-to-first-line\">\n            <h3>Pesquisa propriet\u00e1ria semanal<\/h3>\n<p>An\u00e1lise interna regular dos mercados financeiros e economias globais, desempenho das a\u00e7\u00f5es, tend\u00eancias setoriais e oportunidades de investimento direcionadas, selecionadas para complementar sua estrat\u00e9gia de carteira e perfil de risco.<\/p>\n\n        <\/div>\n    <\/div>\n\n\n                        \n    <div class=\"page__container\">\n        <div class=\"mb-40 text text-899-left-to-first-line\">\n            <h3>Execu\u00e7\u00e3o orientada pelo cliente<\/h3>\n<p>Voc\u00ea analisa as informa\u00e7\u00f5es e ideias de investimento fornecidas e seleciona e instrui o Banco de forma independente sobre as transa\u00e7\u00f5es, mantendo controle total sobre seus investimentos.<\/p>\n\n        <\/div>\n    <\/div>\n\n\n                        \n    <div class=\"page__container\">\n        <div class=\"mb-40 text text-899-left-to-first-line\">\n            <h3>Dedicado a gestores de ativos externos<\/h3>\n<p>Os intermedi\u00e1rios financeiros independentes compreendem a profunda responsabilidade de gerenciar patrim\u00f4nios. No Bank of Nassau, nos dedicamos a apoiar voc\u00ea e seus clientes com acesso direto \u00e0 nossa equipe de especialistas experientes.<\/p>\n<p>Estamos comprometidos em fornecer solu\u00e7\u00f5es personalizadas que permitam que seu neg\u00f3cio prospere. Nossa tecnologia de ponta garante conectividade perfeita e execu\u00e7\u00e3o direcionada, enquanto nossa abordagem proativa \u00e0 conformidade regulat\u00f3ria mant\u00e9m voc\u00ea \u00e0 frente das mudan\u00e7as. Isso permite que voc\u00ea dedique seu tempo e recursos ao que \u00e9 mais importante: atender seus clientes e expandir sua pr\u00e1tica.<\/p>\n\n        <\/div>\n    <\/div>\n\n\n                        \n    <div class=\"page__container\">\n        <div class=\"mb-40 text text-899-left-to-first-line\">\n            <h3>Entrega exclusiva e oportuna dedicada a gestores de ativos externos<\/h3>\n<p>Pesquisas distribu\u00eddas prontamente e exclusivamente aos nossos clientes, proporcionando a voc\u00ea uma vantagem informativa significativa em condi\u00e7\u00f5es de mercado din\u00e2micas.<\/p>\n\n        <\/div>\n    <\/div>\n\n\n                        \n    <div class=\"page__container\">\n        <div class=\"mb-48-96 text text-899-left-to-first-line\">\n            <p>Os servi\u00e7os de gest\u00e3o de patrim\u00f4nio s\u00e3o projetados para investidores experientes que apreciam pesquisas de n\u00edvel institucional, mantendo total autoridade sobre suas decis\u00f5es relativas ao patrim\u00f4nio.<\/p>\n\n        <\/div>\n    <\/div>\n\n\n<section data-fls-calltoaction=\"\" class=\"calltoaction mb-64-120\">\n    <div class=\"calltoaction__container\">\n        <div class=\"calltoaction__content\">\n                            <h3 class=\"announcement__text\">Converse sobre suas necessidades de gest\u00e3o patrimonial com um membro de nossa equipe<\/h3>\n                                                            <a data-fls-button=\"\" href=\"\/pt\/contacte-nos\/\" class=\"announcement__button button\">Contate-nos<\/a>\n                                    <\/div>\n    <\/div>\n<\/section>","protected":false},"excerpt":{"rendered":"","protected":false},"author":1,"featured_media":0,"parent":0,"menu_order":0,"comment_status":"closed","ping_status":"closed","template":"","meta":{"_acf_changed":false,"inline_featured_image":false,"footnotes":""},"class_list":["post-2591","page","type-page","status-publish","hentry"],"acf":[],"yoast_head":"<!-- This site is optimized with the Yoast SEO plugin v27.4 - https:\/\/yoast.com\/product\/yoast-seo-wordpress\/ -->\n<title>Gest\u00e3o patrimonial - Bank of Nassau<\/title>\n<meta name=\"robots\" content=\"index, follow, max-snippet:-1, max-image-preview:large, max-video-preview:-1\" \/>\n<link rel=\"canonical\" href=\"https:\/\/bankofnassau.com\/pt\/wealth-management\/\" \/>\n<meta property=\"og:locale\" content=\"pt_PT\" \/>\n<meta property=\"og:type\" content=\"article\" \/>\n<meta property=\"og:title\" content=\"Gest\u00e3o patrimonial - Bank of Nassau\" \/>\n<meta property=\"og:url\" content=\"https:\/\/bankofnassau.com\/pt\/wealth-management\/\" \/>\n<meta property=\"og:site_name\" content=\"Bank of Nassau\" \/>\n<meta property=\"article:modified_time\" content=\"2026-01-28T18:34:44+00:00\" \/>\n<meta name=\"twitter:card\" content=\"summary_large_image\" \/>\n<script type=\"application\/ld+json\" class=\"yoast-schema-graph\">{\"@context\":\"https:\\\/\\\/schema.org\",\"@graph\":[{\"@type\":\"WebPage\",\"@id\":\"https:\\\/\\\/bankofnassau.com\\\/pt\\\/wealth-management\\\/\",\"url\":\"https:\\\/\\\/bankofnassau.com\\\/pt\\\/wealth-management\\\/\",\"name\":\"Gest\u00e3o patrimonial - Bank of Nassau\",\"isPartOf\":{\"@id\":\"https:\\\/\\\/bankofnassau.com\\\/pt\\\/#website\"},\"datePublished\":\"2025-12-31T10:50:23+00:00\",\"dateModified\":\"2026-01-28T18:34:44+00:00\",\"breadcrumb\":{\"@id\":\"https:\\\/\\\/bankofnassau.com\\\/pt\\\/wealth-management\\\/#breadcrumb\"},\"inLanguage\":\"pt-PT\",\"potentialAction\":[{\"@type\":\"ReadAction\",\"target\":[\"https:\\\/\\\/bankofnassau.com\\\/pt\\\/wealth-management\\\/\"]}]},{\"@type\":\"BreadcrumbList\",\"@id\":\"https:\\\/\\\/bankofnassau.com\\\/pt\\\/wealth-management\\\/#breadcrumb\",\"itemListElement\":[{\"@type\":\"ListItem\",\"position\":1,\"name\":\"Home\",\"item\":\"https:\\\/\\\/bankofnassau.com\\\/pt\\\/\"},{\"@type\":\"ListItem\",\"position\":2,\"name\":\"Wealth Management\"}]},{\"@type\":\"WebSite\",\"@id\":\"https:\\\/\\\/bankofnassau.com\\\/pt\\\/#website\",\"url\":\"https:\\\/\\\/bankofnassau.com\\\/pt\\\/\",\"name\":\"Bank of Nassau\",\"description\":\"\",\"potentialAction\":[{\"@type\":\"SearchAction\",\"target\":{\"@type\":\"EntryPoint\",\"urlTemplate\":\"https:\\\/\\\/bankofnassau.com\\\/pt\\\/?s={search_term_string}\"},\"query-input\":{\"@type\":\"PropertyValueSpecification\",\"valueRequired\":true,\"valueName\":\"search_term_string\"}}],\"inLanguage\":\"pt-PT\"}]}<\/script>\n<!-- \/ Yoast SEO plugin. -->","yoast_head_json":{"title":"Gest\u00e3o patrimonial - Bank of Nassau","robots":{"index":"index","follow":"follow","max-snippet":"max-snippet:-1","max-image-preview":"max-image-preview:large","max-video-preview":"max-video-preview:-1"},"canonical":"https:\/\/bankofnassau.com\/pt\/wealth-management\/","og_locale":"pt_PT","og_type":"article","og_title":"Gest\u00e3o patrimonial - Bank of Nassau","og_url":"https:\/\/bankofnassau.com\/pt\/wealth-management\/","og_site_name":"Bank of Nassau","article_modified_time":"2026-01-28T18:34:44+00:00","twitter_card":"summary_large_image","schema":{"@context":"https:\/\/schema.org","@graph":[{"@type":"WebPage","@id":"https:\/\/bankofnassau.com\/pt\/wealth-management\/","url":"https:\/\/bankofnassau.com\/pt\/wealth-management\/","name":"Gest\u00e3o patrimonial - Bank of Nassau","isPartOf":{"@id":"https:\/\/bankofnassau.com\/pt\/#website"},"datePublished":"2025-12-31T10:50:23+00:00","dateModified":"2026-01-28T18:34:44+00:00","breadcrumb":{"@id":"https:\/\/bankofnassau.com\/pt\/wealth-management\/#breadcrumb"},"inLanguage":"pt-PT","potentialAction":[{"@type":"ReadAction","target":["https:\/\/bankofnassau.com\/pt\/wealth-management\/"]}]},{"@type":"BreadcrumbList","@id":"https:\/\/bankofnassau.com\/pt\/wealth-management\/#breadcrumb","itemListElement":[{"@type":"ListItem","position":1,"name":"Home","item":"https:\/\/bankofnassau.com\/pt\/"},{"@type":"ListItem","position":2,"name":"Wealth Management"}]},{"@type":"WebSite","@id":"https:\/\/bankofnassau.com\/pt\/#website","url":"https:\/\/bankofnassau.com\/pt\/","name":"Bank of Nassau","description":"","potentialAction":[{"@type":"SearchAction","target":{"@type":"EntryPoint","urlTemplate":"https:\/\/bankofnassau.com\/pt\/?s={search_term_string}"},"query-input":{"@type":"PropertyValueSpecification","valueRequired":true,"valueName":"search_term_string"}}],"inLanguage":"pt-PT"}]}},"_links":{"self":[{"href":"https:\/\/bankofnassau.com\/pt\/wp-json\/wp\/v2\/pages\/2591","targetHints":{"allow":["GET"]}}],"collection":[{"href":"https:\/\/bankofnassau.com\/pt\/wp-json\/wp\/v2\/pages"}],"about":[{"href":"https:\/\/bankofnassau.com\/pt\/wp-json\/wp\/v2\/types\/page"}],"author":[{"embeddable":true,"href":"https:\/\/bankofnassau.com\/pt\/wp-json\/wp\/v2\/users\/1"}],"replies":[{"embeddable":true,"href":"https:\/\/bankofnassau.com\/pt\/wp-json\/wp\/v2\/comments?post=2591"}],"version-history":[{"count":6,"href":"https:\/\/bankofnassau.com\/pt\/wp-json\/wp\/v2\/pages\/2591\/revisions"}],"predecessor-version":[{"id":3843,"href":"https:\/\/bankofnassau.com\/pt\/wp-json\/wp\/v2\/pages\/2591\/revisions\/3843"}],"wp:attachment":[{"href":"https:\/\/bankofnassau.com\/pt\/wp-json\/wp\/v2\/media?parent=2591"}],"curies":[{"name":"wp","href":"https:\/\/api.w.org\/{rel}","templated":true}]}}