{"id":55,"date":"2025-12-12T00:00:57","date_gmt":"2025-12-12T00:00:57","guid":{"rendered":"https:\/\/bankofnassau.com\/inicio\/"},"modified":"2026-04-16T17:58:16","modified_gmt":"2026-04-16T17:58:16","slug":"inicio","status":"publish","type":"page","link":"https:\/\/bankofnassau.com\/es\/","title":{"rendered":"Inicio"},"content":{"rendered":"<section class=\"hero\" data-fls-hero=\"\">\n    <div class=\"hero__picture\">\n            <picture class=\"el-picture\">\n        <source media=\"(max-width: 374.99px)\"\n                srcset=\"https:\/\/bankofnassau.com\/wp-content\/uploads\/2026\/01\/main_page_banner-375x173.webp, https:\/\/bankofnassau.com\/wp-content\/uploads\/2026\/01\/main_page_banner-750x347.webp 2x\">\n        <source media=\"(max-width: 767.99px)\"\n                srcset=\"https:\/\/bankofnassau.com\/wp-content\/uploads\/2026\/01\/main_page_banner-768x355.webp, https:\/\/bankofnassau.com\/wp-content\/uploads\/2026\/01\/main_page_banner-1536x710.webp 2x\">\n        <source media=\"(max-width: 1023.99px)\"\n                srcset=\"https:\/\/bankofnassau.com\/wp-content\/uploads\/2026\/01\/main_page_banner-1024x474.webp, https:\/\/bankofnassau.com\/wp-content\/uploads\/2026\/01\/main_page_banner-2048x947.webp 2x\">\n        <source media=\"(max-width: 1199.99px)\"\n                srcset=\"https:\/\/bankofnassau.com\/wp-content\/uploads\/2026\/01\/main_page_banner-1200x555.webp, https:\/\/bankofnassau.com\/wp-content\/uploads\/2026\/01\/main_page_banner-2400x1110.webp 2x\">\n        <source media=\"(max-width: 1599.99px)\"\n                srcset=\"https:\/\/bankofnassau.com\/wp-content\/uploads\/2026\/01\/main_page_banner-1600x740.webp, https:\/\/bankofnassau.com\/wp-content\/uploads\/2026\/01\/main_page_banner-scaled.webp 2x\">\n        <source media=\"(min-width: 1600px)\"\n                srcset=\"https:\/\/bankofnassau.com\/wp-content\/uploads\/2026\/01\/main_page_banner-2000x925.webp, https:\/\/bankofnassau.com\/wp-content\/uploads\/2026\/01\/main_page_banner-scaled.webp 2x\">\n\n        <img class=\"hero__image el-image\"\n             src=\"https:\/\/bankofnassau.com\/wp-content\/uploads\/2026\/01\/main_page_banner-1200x555.webp\"\n             alt=\"main_page_banner\"\n             width=\"1200\"\n             height=\"555\"\n             loading=\"lazy\"\n             decoding=\"async\">\n    <\/picture>\n\n    <\/div>\n    <div class=\"hero__container\">\n        <div class=\"hero__body\">\n                            <h1 class=\"hero__title\">Ampl\u00ede su patrimonio total con una banca privada global inigualable<\/h1>\n                    <\/div>\n    <\/div>\n<\/section>\n\n\n<div class=\"page__container\">\n    <section data-fls-announcement=\"\" class=\"announcement mt-62-120 mb-48-96\">\n        <div class=\"announcement__picture\">\n                <picture class=\"el-picture\">\n        <source media=\"(max-width: 374.99px)\"\n                srcset=\"https:\/\/bankofnassau.com\/wp-content\/uploads\/2025\/12\/main_page_economy_view-1-375x226.webp, https:\/\/bankofnassau.com\/wp-content\/uploads\/2025\/12\/main_page_economy_view-1.webp 2x\">\n        <source media=\"(max-width: 767.99px)\"\n                srcset=\"https:\/\/bankofnassau.com\/wp-content\/uploads\/2025\/12\/main_page_economy_view-1-768x464.webp, https:\/\/bankofnassau.com\/wp-content\/uploads\/2025\/12\/main_page_economy_view-1.webp 2x\">\n        <source media=\"(max-width: 1023.99px)\"\n                srcset=\"https:\/\/bankofnassau.com\/wp-content\/uploads\/2025\/12\/main_page_economy_view-1-1024x618.webp, https:\/\/bankofnassau.com\/wp-content\/uploads\/2025\/12\/main_page_economy_view-1.webp 2x\">\n        <source media=\"(max-width: 1199.99px)\"\n                srcset=\"https:\/\/bankofnassau.com\/wp-content\/uploads\/2025\/12\/main_page_economy_view-1-1200x725.webp, https:\/\/bankofnassau.com\/wp-content\/uploads\/2025\/12\/main_page_economy_view-1.webp 2x\">\n        <source media=\"(max-width: 1599.99px)\"\n                srcset=\"https:\/\/bankofnassau.com\/wp-content\/uploads\/2025\/12\/main_page_economy_view-1.webp, https:\/\/bankofnassau.com\/wp-content\/uploads\/2025\/12\/main_page_economy_view-1.webp 2x\">\n        <source media=\"(min-width: 1600px)\"\n                srcset=\"https:\/\/bankofnassau.com\/wp-content\/uploads\/2025\/12\/main_page_economy_view-1.webp, https:\/\/bankofnassau.com\/wp-content\/uploads\/2025\/12\/main_page_economy_view-1.webp 2x\">\n\n        <img class=\"announcement__image el-image\"\n             src=\"https:\/\/bankofnassau.com\/wp-content\/uploads\/2025\/12\/main_page_economy_view-1-1200x725.webp\"\n             alt=\"main_page_economy_view\"\n             width=\"1200\"\n             height=\"725\"\n             loading=\"lazy\"\n             decoding=\"async\">\n    <\/picture>\n\n        <\/div>\n        <div class=\"announcement__body\">\n                            <h2 class=\"announcement__text\">Perspectivas del mercado y la econom\u00eda para el segundo trimestre de 2026<\/h2>\n                                        <a data-fls-button=\"\" href=\"https:\/\/bankofnassau.com\/wp-content\/uploads\/2026\/04\/Perspectivas-Para-el-Segundo-Trimestre-de-2026.pdf\" class=\"announcement__button button\">Leer m\u00e1s<\/a>\n                    <\/div>\n    <\/section>\n<\/div>\n\n\n        <div class=\"page__container\">\n        <div class=\"page__services services mb-64-120\">\n                            <section data-fls-service=\"\" class=\"service\">\n                    <div class=\"service__body\">\n                                                    \n    <img class=\"service__image el-image\"\n         src=\"https:\/\/bankofnassau.com\/wp-content\/uploads\/2025\/12\/bank.svg\"\n         alt=\"bank\"\n                              loading=\"lazy\"\n         decoding=\"async\">\n\n                                                                            <h3 class=\"service__title\">Servicios de banca privada<\/h3>\n                                                                            <p class=\"service__text\">Sin importar cu\u00e1n complejo sea su desaf\u00edo financiero, usted cuenta con un equipo con el conocimiento y la experiencia necesaria para resolverlo y ejecutar la soluci\u00f3n de manera oportuna y con la precisi\u00f3n adecuada.<\/p>\n                                            <\/div>\n                                            <div class=\"service__bottom\">\n                            <a data-fls-link=\"\" href=\"\/es\/private-banking-services\" class=\"link link--icon-right\">\n                                <span class=\"--icon-arrow-left link__icon link__icon-left\"><\/span>\n                                <span class=\"link__text\">Saber m\u00e1s<\/span>\n                                <span class=\"--icon-arrow-right link__icon link__icon-right\"><\/span>\n                                <span class=\"--icon-download link__icon link__icon-fdownload\"><\/span>\n                            <\/a>\n                        <\/div>\n                                    <\/section>\n                            <section data-fls-service=\"\" class=\"service\">\n                    <div class=\"service__body\">\n                                                    \n    <img class=\"service__image el-image\"\n         src=\"https:\/\/bankofnassau.com\/wp-content\/uploads\/2025\/12\/global.svg\"\n         alt=\"global\"\n                              loading=\"lazy\"\n         decoding=\"async\">\n\n                                                                            <h3 class=\"service__title\">Acceso a mercados globales<\/h3>\n                                                                            <p class=\"service__text\">Navegue los mercados financieros para invertir a precios en tiempo real con tarifas competitivas y transparentes, servicios de notificaciones personalizadas, garantizando una ejecuci\u00f3n pr\u00e9mium.<\/p>\n                                            <\/div>\n                                            <div class=\"service__bottom\">\n                            <a data-fls-link=\"\" href=\"\/es\/global-markets-access\" class=\"link link--icon-right\">\n                                <span class=\"--icon-arrow-left link__icon link__icon-left\"><\/span>\n                                <span class=\"link__text\">Saber m\u00e1s<\/span>\n                                <span class=\"--icon-arrow-right link__icon link__icon-right\"><\/span>\n                                <span class=\"--icon-download link__icon link__icon-fdownload\"><\/span>\n                            <\/a>\n                        <\/div>\n                                    <\/section>\n                            <section data-fls-service=\"\" class=\"service\">\n                    <div class=\"service__body\">\n                                                    \n    <img class=\"service__image el-image\"\n         src=\"https:\/\/bankofnassau.com\/wp-content\/uploads\/2025\/12\/chart.svg\"\n         alt=\"chart\"\n                              loading=\"lazy\"\n         decoding=\"async\">\n\n                                                                            <h3 class=\"service__title\">Gesti\u00f3n patrimonial<\/h3>\n                                                                            <p class=\"service__text\">Ofrecemos asesor\u00eda personalizada y oportunidades \u00fanicas de inversi\u00f3n para potenciar su estrategia de inversi\u00f3n y su situaci\u00f3n financiera.<\/p>\n                                            <\/div>\n                                            <div class=\"service__bottom\">\n                            <a data-fls-link=\"\" href=\"\/es\/wealth-management\" class=\"link link--icon-right\">\n                                <span class=\"--icon-arrow-left link__icon link__icon-left\"><\/span>\n                                <span class=\"link__text\">Saber m\u00e1s<\/span>\n                                <span class=\"--icon-arrow-right link__icon link__icon-right\"><\/span>\n                                <span class=\"--icon-download link__icon link__icon-fdownload\"><\/span>\n                            <\/a>\n                        <\/div>\n                                    <\/section>\n                    <\/div>\n    <\/div>\n\n\n<section class=\"banner\" data-fls-banner=\"\">\n    <div class=\"banner__picture\">\n                    <picture class=\"el-picture\">\n        <source media=\"(max-width: 374.99px)\"\n                srcset=\"https:\/\/bankofnassau.com\/wp-content\/uploads\/2025\/12\/main_page_banner_bottom-1-375x113.webp, https:\/\/bankofnassau.com\/wp-content\/uploads\/2025\/12\/main_page_banner_bottom-1-scaled.webp 2x\">\n        <source media=\"(max-width: 767.99px)\"\n                srcset=\"https:\/\/bankofnassau.com\/wp-content\/uploads\/2025\/12\/main_page_banner_bottom-1-768x231.webp, https:\/\/bankofnassau.com\/wp-content\/uploads\/2025\/12\/main_page_banner_bottom-1-scaled.webp 2x\">\n        <source media=\"(max-width: 1023.99px)\"\n                srcset=\"https:\/\/bankofnassau.com\/wp-content\/uploads\/2025\/12\/main_page_banner_bottom-1-1024x308.webp, https:\/\/bankofnassau.com\/wp-content\/uploads\/2025\/12\/main_page_banner_bottom-1-scaled.webp 2x\">\n        <source media=\"(max-width: 1199.99px)\"\n                srcset=\"https:\/\/bankofnassau.com\/wp-content\/uploads\/2025\/12\/main_page_banner_bottom-1-1200x362.webp, https:\/\/bankofnassau.com\/wp-content\/uploads\/2025\/12\/main_page_banner_bottom-1-scaled.webp 2x\">\n        <source media=\"(max-width: 1599.99px)\"\n                srcset=\"https:\/\/bankofnassau.com\/wp-content\/uploads\/2025\/12\/main_page_banner_bottom-1-scaled.webp, https:\/\/bankofnassau.com\/wp-content\/uploads\/2025\/12\/main_page_banner_bottom-1-scaled.webp 2x\">\n        <source media=\"(min-width: 1600px)\"\n                srcset=\"https:\/\/bankofnassau.com\/wp-content\/uploads\/2025\/12\/main_page_banner_bottom-1-scaled.webp, https:\/\/bankofnassau.com\/wp-content\/uploads\/2025\/12\/main_page_banner_bottom-1-scaled.webp 2x\">\n\n        <img class=\"banner__image el-image\"\n             src=\"https:\/\/bankofnassau.com\/wp-content\/uploads\/2025\/12\/main_page_banner_bottom-1-1200x362.webp\"\n             alt=\"main_page_banner_bottom\"\n             width=\"1200\"\n             height=\"362\"\n             loading=\"lazy\"\n             decoding=\"async\">\n    <\/picture>\n\n    <\/div>\n    <div class=\"banner__container\">\n        <div class=\"banner__body\">\n                            <h4 class=\"banner__title\">Preserve, disfrute y haga crecer su patrimonio<\/h4>\n                                        <p class=\"banner__text\">Con base en una amplia experiencia y una visi\u00f3n disciplinada, le ayudamos a preservar su capital, potenciar sus oportunidades financieras y lograr un crecimiento sostenible a largo plazo con confianza.<\/p>\n                                        <a data-fls-button=\"\" href=\"https:\/\/bankofnassau.com\/es\/what-we-do\/\" class=\"banner__button button\">Descubra lo que hacemos<\/a>\n                    <\/div>\n    <\/div>\n<\/section>\n","protected":false},"excerpt":{"rendered":"","protected":false},"author":1,"featured_media":0,"parent":0,"menu_order":0,"comment_status":"closed","ping_status":"closed","template":"","meta":{"_acf_changed":false,"inline_featured_image":false,"footnotes":""},"class_list":["post-55","page","type-page","status-publish","hentry"],"acf":[],"yoast_head":"<!-- This site is optimized with the Yoast SEO plugin v27.4 - https:\/\/yoast.com\/product\/yoast-seo-wordpress\/ -->\n<title>Bank of Nassau \u2013 Banca privada global sin igual<\/title>\n<meta name=\"description\" content=\"Ampl\u00ede su patrimonio total con una banca privada global inigualable\" \/>\n<meta name=\"robots\" content=\"index, follow, max-snippet:-1, max-image-preview:large, max-video-preview:-1\" \/>\n<link rel=\"canonical\" href=\"https:\/\/bankofnassau.com\/es\/\" \/>\n<meta property=\"og:locale\" content=\"es_ES\" \/>\n<meta property=\"og:type\" content=\"article\" \/>\n<meta property=\"og:title\" content=\"Bank of Nassau \u2013 Banca privada global sin igual\" \/>\n<meta property=\"og:description\" content=\"Aumente su riqueza global con una banca privada global sin igual.\" \/>\n<meta property=\"og:url\" content=\"https:\/\/bankofnassau.com\/es\/\" \/>\n<meta property=\"og:site_name\" content=\"Bank of Nassau\" \/>\n<meta property=\"article:modified_time\" content=\"2026-04-16T17:58:16+00:00\" \/>\n<meta property=\"og:image\" content=\"http:\/\/bankofnassau.com\/wp-content\/uploads\/2025\/05\/BofN-1024x538.png\" \/>\n<meta name=\"twitter:card\" content=\"summary_large_image\" \/>\n<meta name=\"twitter:title\" content=\"Bank of Nassau \u2013 Banca privada global sin igual\" \/>\n<meta name=\"twitter:description\" content=\"Aumente su riqueza global con una banca privada global sin igual.\" \/>\n<meta name=\"twitter:image\" content=\"http:\/\/bankofnassau.com\/wp-content\/uploads\/2025\/05\/BofN-1024x538.png\" \/>\n<script type=\"application\/ld+json\" class=\"yoast-schema-graph\">{\"@context\":\"https:\\\/\\\/schema.org\",\"@graph\":[{\"@type\":\"WebPage\",\"@id\":\"https:\\\/\\\/bankofnassau.com\\\/es\\\/\",\"url\":\"https:\\\/\\\/bankofnassau.com\\\/es\\\/\",\"name\":\"Bank of Nassau \u2013 Banca privada global sin igual\",\"isPartOf\":{\"@id\":\"https:\\\/\\\/bankofnassau.com\\\/es\\\/#website\"},\"datePublished\":\"2025-12-12T00:00:57+00:00\",\"dateModified\":\"2026-04-16T17:58:16+00:00\",\"description\":\"Ampl\u00ede su patrimonio total con una banca privada global inigualable\",\"breadcrumb\":{\"@id\":\"https:\\\/\\\/bankofnassau.com\\\/es\\\/#breadcrumb\"},\"inLanguage\":\"es\",\"potentialAction\":[{\"@type\":\"ReadAction\",\"target\":[\"https:\\\/\\\/bankofnassau.com\\\/es\\\/\"]}]},{\"@type\":\"BreadcrumbList\",\"@id\":\"https:\\\/\\\/bankofnassau.com\\\/es\\\/#breadcrumb\",\"itemListElement\":[{\"@type\":\"ListItem\",\"position\":1,\"name\":\"Home\",\"item\":\"https:\\\/\\\/bankofnassau.com\\\/es\\\/\"},{\"@type\":\"ListItem\",\"position\":2,\"name\":\"Inicio\"}]},{\"@type\":\"WebSite\",\"@id\":\"https:\\\/\\\/bankofnassau.com\\\/es\\\/#website\",\"url\":\"https:\\\/\\\/bankofnassau.com\\\/es\\\/\",\"name\":\"Bank of Nassau\",\"description\":\"\",\"potentialAction\":[{\"@type\":\"SearchAction\",\"target\":{\"@type\":\"EntryPoint\",\"urlTemplate\":\"https:\\\/\\\/bankofnassau.com\\\/es\\\/?s={search_term_string}\"},\"query-input\":{\"@type\":\"PropertyValueSpecification\",\"valueRequired\":true,\"valueName\":\"search_term_string\"}}],\"inLanguage\":\"es\"}]}<\/script>\n<!-- \/ Yoast SEO plugin. -->","yoast_head_json":{"title":"Bank of Nassau \u2013 Banca privada global sin igual","description":"Ampl\u00ede su patrimonio total con una banca privada global inigualable","robots":{"index":"index","follow":"follow","max-snippet":"max-snippet:-1","max-image-preview":"max-image-preview:large","max-video-preview":"max-video-preview:-1"},"canonical":"https:\/\/bankofnassau.com\/es\/","og_locale":"es_ES","og_type":"article","og_title":"Bank of Nassau \u2013 Banca privada global sin igual","og_description":"Aumente su riqueza global con una banca privada global sin igual.","og_url":"https:\/\/bankofnassau.com\/es\/","og_site_name":"Bank of Nassau","article_modified_time":"2026-04-16T17:58:16+00:00","og_image":[{"url":"http:\/\/bankofnassau.com\/wp-content\/uploads\/2025\/05\/BofN-1024x538.png","type":"","width":"","height":""}],"twitter_card":"summary_large_image","twitter_title":"Bank of Nassau \u2013 Banca privada global sin igual","twitter_description":"Aumente su riqueza global con una banca privada global sin igual.","twitter_image":"http:\/\/bankofnassau.com\/wp-content\/uploads\/2025\/05\/BofN-1024x538.png","schema":{"@context":"https:\/\/schema.org","@graph":[{"@type":"WebPage","@id":"https:\/\/bankofnassau.com\/es\/","url":"https:\/\/bankofnassau.com\/es\/","name":"Bank of Nassau \u2013 Banca privada global sin igual","isPartOf":{"@id":"https:\/\/bankofnassau.com\/es\/#website"},"datePublished":"2025-12-12T00:00:57+00:00","dateModified":"2026-04-16T17:58:16+00:00","description":"Ampl\u00ede su patrimonio total con una banca privada global inigualable","breadcrumb":{"@id":"https:\/\/bankofnassau.com\/es\/#breadcrumb"},"inLanguage":"es","potentialAction":[{"@type":"ReadAction","target":["https:\/\/bankofnassau.com\/es\/"]}]},{"@type":"BreadcrumbList","@id":"https:\/\/bankofnassau.com\/es\/#breadcrumb","itemListElement":[{"@type":"ListItem","position":1,"name":"Home","item":"https:\/\/bankofnassau.com\/es\/"},{"@type":"ListItem","position":2,"name":"Inicio"}]},{"@type":"WebSite","@id":"https:\/\/bankofnassau.com\/es\/#website","url":"https:\/\/bankofnassau.com\/es\/","name":"Bank of Nassau","description":"","potentialAction":[{"@type":"SearchAction","target":{"@type":"EntryPoint","urlTemplate":"https:\/\/bankofnassau.com\/es\/?s={search_term_string}"},"query-input":{"@type":"PropertyValueSpecification","valueRequired":true,"valueName":"search_term_string"}}],"inLanguage":"es"}]}},"_links":{"self":[{"href":"https:\/\/bankofnassau.com\/es\/wp-json\/wp\/v2\/pages\/55","targetHints":{"allow":["GET"]}}],"collection":[{"href":"https:\/\/bankofnassau.com\/es\/wp-json\/wp\/v2\/pages"}],"about":[{"href":"https:\/\/bankofnassau.com\/es\/wp-json\/wp\/v2\/types\/page"}],"author":[{"embeddable":true,"href":"https:\/\/bankofnassau.com\/es\/wp-json\/wp\/v2\/users\/1"}],"replies":[{"embeddable":true,"href":"https:\/\/bankofnassau.com\/es\/wp-json\/wp\/v2\/comments?post=55"}],"version-history":[{"count":12,"href":"https:\/\/bankofnassau.com\/es\/wp-json\/wp\/v2\/pages\/55\/revisions"}],"predecessor-version":[{"id":4225,"href":"https:\/\/bankofnassau.com\/es\/wp-json\/wp\/v2\/pages\/55\/revisions\/4225"}],"wp:attachment":[{"href":"https:\/\/bankofnassau.com\/es\/wp-json\/wp\/v2\/media?parent=55"}],"curies":[{"name":"wp","href":"https:\/\/api.w.org\/{rel}","templated":true}]}}