{"id":3236,"date":"2026-01-25T23:38:34","date_gmt":"2026-01-25T23:38:34","guid":{"rendered":"https:\/\/bankofnassau.com\/compliance-and-regulations\/"},"modified":"2026-01-28T20:59:30","modified_gmt":"2026-01-28T20:59:30","slug":"compliance-and-regulations","status":"publish","type":"page","link":"https:\/\/bankofnassau.com\/es\/compliance-and-regulations\/","title":{"rendered":"Cumplimiento y regulaciones"},"content":{"rendered":"<section class=\"pagehead\" data-fls-pagehead=\"\" >\n    <div class=\"pagehead__picture\">\n            <picture class=\"el-picture\">\n        <source media=\"(max-width: 374.99px)\"\n                srcset=\"https:\/\/bankofnassau.com\/wp-content\/uploads\/2026\/01\/about_us_history_banner-375x106.webp, https:\/\/bankofnassau.com\/wp-content\/uploads\/2026\/01\/about_us_history_banner-750x211.webp 2x\">\n        <source media=\"(max-width: 767.99px)\"\n                srcset=\"https:\/\/bankofnassau.com\/wp-content\/uploads\/2026\/01\/about_us_history_banner-768x216.webp, https:\/\/bankofnassau.com\/wp-content\/uploads\/2026\/01\/about_us_history_banner-1536x433.webp 2x\">\n        <source media=\"(max-width: 1023.99px)\"\n                srcset=\"https:\/\/bankofnassau.com\/wp-content\/uploads\/2026\/01\/about_us_history_banner-1024x289.webp, https:\/\/bankofnassau.com\/wp-content\/uploads\/2026\/01\/about_us_history_banner-2048x577.webp 2x\">\n        <source media=\"(max-width: 1199.99px)\"\n                srcset=\"https:\/\/bankofnassau.com\/wp-content\/uploads\/2026\/01\/about_us_history_banner-1200x338.webp, https:\/\/bankofnassau.com\/wp-content\/uploads\/2026\/01\/about_us_history_banner-2400x677.webp 2x\">\n        <source media=\"(max-width: 1599.99px)\"\n                srcset=\"https:\/\/bankofnassau.com\/wp-content\/uploads\/2026\/01\/about_us_history_banner-1600x451.webp, https:\/\/bankofnassau.com\/wp-content\/uploads\/2026\/01\/about_us_history_banner-scaled.webp 2x\">\n        <source media=\"(min-width: 1600px)\"\n                srcset=\"https:\/\/bankofnassau.com\/wp-content\/uploads\/2026\/01\/about_us_history_banner-2000x564.webp, https:\/\/bankofnassau.com\/wp-content\/uploads\/2026\/01\/about_us_history_banner-scaled.webp 2x\">\n\n        <img class=\"pagehead__image el-image\"\n             src=\"https:\/\/bankofnassau.com\/wp-content\/uploads\/2026\/01\/about_us_history_banner-1200x338.webp\"\n             alt=\"about_us_history_banner\"\n             width=\"1200\"\n             height=\"338\"\n             loading=\"lazy\"\n             decoding=\"async\">\n    <\/picture>\n\n    <\/div>\n    <div class=\"pagehead__container\">\n        <div class=\"pagehead__body\">\n                            <section data-fls-breadcrumbs=\"\" class=\"breadcrumbs\">\n                    <ul class=\"breadcrumbs__list\">\n                                                    <li class=\"breadcrumbs__item\">\n                                                                <span class=\"--icon-arrow-left-thin left-icon\"><\/span>\n                                                                                                    <a href=\"\/es\/\" class=\"breadcrumbs__item-link\">Inicio<\/a>\n                                                                                                    <span class=\"--icon-arrow-right-thin right-icon\"><\/span>\n                                                            <\/li>\n                                                    <li class=\"breadcrumbs__item\">\n                                                                <span class=\"--icon-arrow-left-thin left-icon\"><\/span>\n                                                                                                    <span class=\"breadcrumbs__item-text\">Sobre nosotros<\/span>\n                                                                                            <\/li>\n                                            <\/ul>\n                <\/section>\n                        <h4 class=\"pagehead__title\">Cumplimiento y regulaciones<\/h4>\n        <\/div>\n    <\/div>\n<\/section>\n\n\n<section data-fls-tabsnavigation=\"\" class=\"tabsnavigation\">\n\t<div class=\"tabsnavigation__container\">\n\t\t<div class=\"tabsnavigation__body\">\n\t\t\t<ul class=\"tabsnavigation__list\">\n\t\t\t\t\t\t\t\t\t<li class=\"tabsnavigation__item \">\n\t\t\t\t\t\t<a href=\"https:\/\/bankofnassau.com\/about\/\" class=\"tabsnavigation__item-link\">About Us<\/a>\n\t\t\t\t\t<\/li>\n\t\t\t\t\t\t\t\t\t<li class=\"tabsnavigation__item \">\n\t\t\t\t\t\t<a href=\"https:\/\/bankofnassau.com\/the-bahamas\/\" class=\"tabsnavigation__item-link\">The Bahamas<\/a>\n\t\t\t\t\t<\/li>\n\t\t\t\t\t\t\t\t\t<li class=\"tabsnavigation__item \">\n\t\t\t\t\t\t<a href=\"https:\/\/bankofnassau.com\/management\/\" class=\"tabsnavigation__item-link\">Management<\/a>\n\t\t\t\t\t<\/li>\n\t\t\t\t\t\t\t\t\t<li class=\"tabsnavigation__item \">\n\t\t\t\t\t\t<a href=\"https:\/\/bankofnassau.com\/compliance-and-regulations\/\" class=\"tabsnavigation__item-link\">Compliance and Regulations<\/a>\n\t\t\t\t\t<\/li>\n\t\t\t\t\t\t\t<\/ul>\n\t\t<\/div>\n\t<\/div>\n<\/section>\n\n\n                                    \n    <div class=\"page__container\">\n        <div class=\"mt-64-96 pb-28-64 text text--medium text-899-left-to-first-line\">\n            <h2><span data-sheets-root=\"1\">Cumplimiento inquebrantable y compromiso con la excelencia en la integridad regulatoria<\/span><\/h2>\n\n        <\/div>\n    <\/div>\n\n\n                        \n    <div class=\"page__container\">\n        <div class=\"pb-32 text text-899-left-to-first-line\">\n            <p>En Bank of Nassau, el cumplimiento normativo y la adhesi\u00f3n regulatoria constituyen la piedra angular de nuestras operaciones, reflejando un legado de excelencia desde nuestra fundaci\u00f3n en 1982 y el cambio de marca en 2025. Nuestro s\u00f3lido linaje, basado en la experiencia suizo-bahame\u00f1a y en el compromiso con una banca \u00e9tica, garantiza controles internos rigurosos que protegen los intereses del cliente y mantienen la integridad operativa. Implementamos un marco robusto de pol\u00edticas, que incluye protocolos avanzados contra el lavado de dinero (AML), verificaci\u00f3n de \u00abconozca a su cliente\u00bb (KYC) y sistemas de monitoreo de riesgos en tiempo real. Dirigidos por un equipo de cumplimiento dedicado con d\u00e9cadas de experiencia colectiva en finanzas globales, nuestros procesos se someten a auditor\u00edas internas peri\u00f3dicas y revisiones de terceros para superar los est\u00e1ndares de la industria.<\/p>\n\n        <\/div>\n    <\/div>\n\n\n                        \n    <div class=\"page__container\">\n        <div class=\"pb-32 text text-899-left-to-first-line\">\n            <p>Las Bahamas, como nuestra jurisdicci\u00f3n, refuerzan esta base con un entorno regulatorio de clase mundial supervisado por el Banco Central de las Bahamas. Reconocida por su estabilidad y transparencia, la jurisdicci\u00f3n cumple plenamente con referentes internacionales como FATCA, CRS y Basel III, fomentando un ecosistema seguro para la protecci\u00f3n de activos y la gesti\u00f3n patrimonial. La neutralidad pol\u00edtica, un r\u00e9gimen fiscal neutral y estrictas leyes de privacidad de datos fortalecen a\u00fan m\u00e1s nuestra capacidad de ofrecer servicios compatibles y centrados en el cliente. En conjunto, los controles meticulosos de nuestro banco y la fortaleza regulatoria comprobada de las Bahamas brindan una garant\u00eda inigualable, permitiendo que los clientes naveguen los mercados globales con confianza y tranquilidad.<\/p>\n\n        <\/div>\n    <\/div>\n\n\n                        \n    <div class=\"page__container\">\n        <div class=\"mb-64-120 text text-899-left-to-first-line\">\n            <p>Bank of Nassau cuenta con licencia del Banco Central de las Bahamas, bajo la licencia LIC0117, y de la Comisi\u00f3n de Valores de las Bahamas.<\/p>\n\n        <\/div>\n    <\/div>\n","protected":false},"excerpt":{"rendered":"","protected":false},"author":1,"featured_media":0,"parent":0,"menu_order":0,"comment_status":"closed","ping_status":"closed","template":"","meta":{"_acf_changed":false,"inline_featured_image":false,"footnotes":""},"class_list":["post-3236","page","type-page","status-publish","hentry"],"acf":[],"yoast_head":"<!-- This site is optimized with the Yoast SEO plugin v27.4 - https:\/\/yoast.com\/product\/yoast-seo-wordpress\/ -->\n<title>Cumplimiento y regulaciones - Bank of Nassau<\/title>\n<meta name=\"robots\" content=\"index, follow, max-snippet:-1, max-image-preview:large, max-video-preview:-1\" \/>\n<link rel=\"canonical\" href=\"https:\/\/bankofnassau.com\/es\/compliance-and-regulations\/\" \/>\n<meta property=\"og:locale\" content=\"es_ES\" \/>\n<meta property=\"og:type\" content=\"article\" \/>\n<meta property=\"og:title\" content=\"Cumplimiento y regulaciones - Bank of Nassau\" \/>\n<meta property=\"og:url\" content=\"https:\/\/bankofnassau.com\/es\/compliance-and-regulations\/\" \/>\n<meta property=\"og:site_name\" content=\"Bank of Nassau\" \/>\n<meta property=\"article:modified_time\" content=\"2026-01-28T20:59:30+00:00\" \/>\n<meta name=\"twitter:card\" content=\"summary_large_image\" \/>\n<script type=\"application\/ld+json\" class=\"yoast-schema-graph\">{\"@context\":\"https:\\\/\\\/schema.org\",\"@graph\":[{\"@type\":\"WebPage\",\"@id\":\"https:\\\/\\\/bankofnassau.com\\\/es\\\/compliance-and-regulations\\\/\",\"url\":\"https:\\\/\\\/bankofnassau.com\\\/es\\\/compliance-and-regulations\\\/\",\"name\":\"Cumplimiento y regulaciones - Bank of Nassau\",\"isPartOf\":{\"@id\":\"https:\\\/\\\/bankofnassau.com\\\/es\\\/#website\"},\"datePublished\":\"2026-01-25T23:38:34+00:00\",\"dateModified\":\"2026-01-28T20:59:30+00:00\",\"breadcrumb\":{\"@id\":\"https:\\\/\\\/bankofnassau.com\\\/es\\\/compliance-and-regulations\\\/#breadcrumb\"},\"inLanguage\":\"es\",\"potentialAction\":[{\"@type\":\"ReadAction\",\"target\":[\"https:\\\/\\\/bankofnassau.com\\\/es\\\/compliance-and-regulations\\\/\"]}]},{\"@type\":\"BreadcrumbList\",\"@id\":\"https:\\\/\\\/bankofnassau.com\\\/es\\\/compliance-and-regulations\\\/#breadcrumb\",\"itemListElement\":[{\"@type\":\"ListItem\",\"position\":1,\"name\":\"Home\",\"item\":\"https:\\\/\\\/bankofnassau.com\\\/es\\\/\"},{\"@type\":\"ListItem\",\"position\":2,\"name\":\"Cumplimiento y regulaciones\"}]},{\"@type\":\"WebSite\",\"@id\":\"https:\\\/\\\/bankofnassau.com\\\/es\\\/#website\",\"url\":\"https:\\\/\\\/bankofnassau.com\\\/es\\\/\",\"name\":\"Bank of Nassau\",\"description\":\"\",\"potentialAction\":[{\"@type\":\"SearchAction\",\"target\":{\"@type\":\"EntryPoint\",\"urlTemplate\":\"https:\\\/\\\/bankofnassau.com\\\/es\\\/?s={search_term_string}\"},\"query-input\":{\"@type\":\"PropertyValueSpecification\",\"valueRequired\":true,\"valueName\":\"search_term_string\"}}],\"inLanguage\":\"es\"}]}<\/script>\n<!-- \/ Yoast SEO plugin. -->","yoast_head_json":{"title":"Cumplimiento y regulaciones - Bank of Nassau","robots":{"index":"index","follow":"follow","max-snippet":"max-snippet:-1","max-image-preview":"max-image-preview:large","max-video-preview":"max-video-preview:-1"},"canonical":"https:\/\/bankofnassau.com\/es\/compliance-and-regulations\/","og_locale":"es_ES","og_type":"article","og_title":"Cumplimiento y regulaciones - Bank of Nassau","og_url":"https:\/\/bankofnassau.com\/es\/compliance-and-regulations\/","og_site_name":"Bank of Nassau","article_modified_time":"2026-01-28T20:59:30+00:00","twitter_card":"summary_large_image","schema":{"@context":"https:\/\/schema.org","@graph":[{"@type":"WebPage","@id":"https:\/\/bankofnassau.com\/es\/compliance-and-regulations\/","url":"https:\/\/bankofnassau.com\/es\/compliance-and-regulations\/","name":"Cumplimiento y regulaciones - Bank of Nassau","isPartOf":{"@id":"https:\/\/bankofnassau.com\/es\/#website"},"datePublished":"2026-01-25T23:38:34+00:00","dateModified":"2026-01-28T20:59:30+00:00","breadcrumb":{"@id":"https:\/\/bankofnassau.com\/es\/compliance-and-regulations\/#breadcrumb"},"inLanguage":"es","potentialAction":[{"@type":"ReadAction","target":["https:\/\/bankofnassau.com\/es\/compliance-and-regulations\/"]}]},{"@type":"BreadcrumbList","@id":"https:\/\/bankofnassau.com\/es\/compliance-and-regulations\/#breadcrumb","itemListElement":[{"@type":"ListItem","position":1,"name":"Home","item":"https:\/\/bankofnassau.com\/es\/"},{"@type":"ListItem","position":2,"name":"Cumplimiento y regulaciones"}]},{"@type":"WebSite","@id":"https:\/\/bankofnassau.com\/es\/#website","url":"https:\/\/bankofnassau.com\/es\/","name":"Bank of Nassau","description":"","potentialAction":[{"@type":"SearchAction","target":{"@type":"EntryPoint","urlTemplate":"https:\/\/bankofnassau.com\/es\/?s={search_term_string}"},"query-input":{"@type":"PropertyValueSpecification","valueRequired":true,"valueName":"search_term_string"}}],"inLanguage":"es"}]}},"_links":{"self":[{"href":"https:\/\/bankofnassau.com\/es\/wp-json\/wp\/v2\/pages\/3236","targetHints":{"allow":["GET"]}}],"collection":[{"href":"https:\/\/bankofnassau.com\/es\/wp-json\/wp\/v2\/pages"}],"about":[{"href":"https:\/\/bankofnassau.com\/es\/wp-json\/wp\/v2\/types\/page"}],"author":[{"embeddable":true,"href":"https:\/\/bankofnassau.com\/es\/wp-json\/wp\/v2\/users\/1"}],"replies":[{"embeddable":true,"href":"https:\/\/bankofnassau.com\/es\/wp-json\/wp\/v2\/comments?post=3236"}],"version-history":[{"count":5,"href":"https:\/\/bankofnassau.com\/es\/wp-json\/wp\/v2\/pages\/3236\/revisions"}],"predecessor-version":[{"id":3859,"href":"https:\/\/bankofnassau.com\/es\/wp-json\/wp\/v2\/pages\/3236\/revisions\/3859"}],"wp:attachment":[{"href":"https:\/\/bankofnassau.com\/es\/wp-json\/wp\/v2\/media?parent=3236"}],"curies":[{"name":"wp","href":"https:\/\/api.w.org\/{rel}","templated":true}]}}