{"id":3232,"date":"2026-01-25T23:37:52","date_gmt":"2026-01-25T23:37:52","guid":{"rendered":"https:\/\/bankofnassau.com\/cookie-policy\/"},"modified":"2026-01-28T21:01:15","modified_gmt":"2026-01-28T21:01:15","slug":"cookie-policy","status":"publish","type":"page","link":"https:\/\/bankofnassau.com\/es\/cookie-policy\/","title":{"rendered":"Pol\u00edtica de Cookies"},"content":{"rendered":"<section class=\"pagehead\" data-fls-pagehead=\"\" >\n    <div class=\"pagehead__picture\">\n            <picture class=\"el-picture\">\n        <source media=\"(max-width: 374.99px)\"\n                srcset=\"https:\/\/bankofnassau.com\/wp-content\/uploads\/2026\/01\/data_privacy-375x106.webp, https:\/\/bankofnassau.com\/wp-content\/uploads\/2026\/01\/data_privacy-750x212.webp 2x\">\n        <source media=\"(max-width: 767.99px)\"\n                srcset=\"https:\/\/bankofnassau.com\/wp-content\/uploads\/2026\/01\/data_privacy-768x217.webp, https:\/\/bankofnassau.com\/wp-content\/uploads\/2026\/01\/data_privacy-1536x434.webp 2x\">\n        <source media=\"(max-width: 1023.99px)\"\n                srcset=\"https:\/\/bankofnassau.com\/wp-content\/uploads\/2026\/01\/data_privacy-1024x289.webp, https:\/\/bankofnassau.com\/wp-content\/uploads\/2026\/01\/data_privacy-2048x579.webp 2x\">\n        <source media=\"(max-width: 1199.99px)\"\n                srcset=\"https:\/\/bankofnassau.com\/wp-content\/uploads\/2026\/01\/data_privacy-1200x339.webp, https:\/\/bankofnassau.com\/wp-content\/uploads\/2026\/01\/data_privacy-2400x678.webp 2x\">\n        <source media=\"(max-width: 1599.99px)\"\n                srcset=\"https:\/\/bankofnassau.com\/wp-content\/uploads\/2026\/01\/data_privacy-1600x452.webp, https:\/\/bankofnassau.com\/wp-content\/uploads\/2026\/01\/data_privacy-scaled.webp 2x\">\n        <source media=\"(min-width: 1600px)\"\n                srcset=\"https:\/\/bankofnassau.com\/wp-content\/uploads\/2026\/01\/data_privacy-2000x565.webp, https:\/\/bankofnassau.com\/wp-content\/uploads\/2026\/01\/data_privacy-scaled.webp 2x\">\n\n        <img class=\"pagehead__image el-image\"\n             src=\"https:\/\/bankofnassau.com\/wp-content\/uploads\/2026\/01\/data_privacy-1200x339.webp\"\n             alt=\"data_privacy\"\n             width=\"1200\"\n             height=\"339\"\n             loading=\"lazy\"\n             decoding=\"async\">\n    <\/picture>\n\n    <\/div>\n    <div class=\"pagehead__container\">\n        <div class=\"pagehead__body\">\n                            <section data-fls-breadcrumbs=\"\" class=\"breadcrumbs\">\n                    <ul class=\"breadcrumbs__list\">\n                                                    <li class=\"breadcrumbs__item\">\n                                                                <span class=\"--icon-arrow-left-thin left-icon\"><\/span>\n                                                                                                    <a href=\"\/es\/\" class=\"breadcrumbs__item-link\">Inicio<\/a>\n                                                                                                    <span class=\"--icon-arrow-right-thin right-icon\"><\/span>\n                                                            <\/li>\n                                                    <li class=\"breadcrumbs__item\">\n                                                                <span class=\"--icon-arrow-left-thin left-icon\"><\/span>\n                                                                                                    <span class=\"breadcrumbs__item-text\">Pol\u00edtica de Cookies<\/span>\n                                                                                            <\/li>\n                                            <\/ul>\n                <\/section>\n                        <h4 class=\"pagehead__title\">Pol\u00edtica de Cookies<\/h4>\n        <\/div>\n    <\/div>\n<\/section>\n\n\n                        \n    <div class=\"page__container\">\n        <div class=\"mt-64-96 pb-16 text text-1129-left-to-first-line\">\n            <p>Debido a que somos conscientes de la confidencialidad de los datos personales y de la protecci\u00f3n de los derechos de privacidad, le solicitamos amablemente que lea esta Pol\u00edtica de Cookies antes de utilizar el sitio web de Bank of Nassau 1982 Limited. Tambi\u00e9n puede visitar nuestra p\u00e1gina sobre Privacidad de Datos para conocer c\u00f3mo se utilizan sus datos personales.<\/p>\n\n        <\/div>\n    <\/div>\n\n\n                        \n    <div class=\"page__container\">\n        <div class=\"pb-16 text text-1129-left-to-first-line\">\n            <p><a href=\"https:\/\/bankofnassau.com\/es\/data-privacy\/\">Conozca m\u00e1s sobre Privacidad de Datos<\/a><\/p>\n\n        <\/div>\n    <\/div>\n\n\n                        \n    <div class=\"page__container\">\n        <div class=\"mb-40 text text-1129-left-to-first-line\">\n            <p>Esta pol\u00edtica de cookies describe c\u00f3mo gestionamos la informaci\u00f3n recopilada durante sus visitas al sitio web. Esta no cubre los enlaces dentro de nuestro sitio web hacia otros sitios web de terceros.<\/p>\n\n        <\/div>\n    <\/div>\n\n\n        <div class=\"page__container\">\n        <section class=\"s-accordion accordion-container mb-64-120 text-1129-left-to-first-line\">\n                            <div class=\"ac\">\n                    <h3 class=\"ac-header\">\n                        <button type=\"button\" class=\"ac-trigger\">\u00bfQu\u00e9 es una cookie?<\/button>\n                    <\/h3>\n                    <div class=\"ac-panel\">\n                        <div class=\"ac-line\"><\/div>\n                        <div class=\"ac-text\"><p>Una cookie es un archivo de texto, a menudo cifrado, enviado por un sitio web y almacenado en su terminal inform\u00e1tico (por ejemplo, computadora, tel\u00e9fono m\u00f3vil o tableta) cuando accede al sitio web. La mayor\u00eda de los sitios web utilizan cookies, por ejemplo, para guardar ciertas preferencias del usuario (idioma, ubicaci\u00f3n, tipo de usuario, etc.).<\/p>\n<p>Una cookie permite a su emisor identificar el terminal en el que est\u00e1 almacenada, durante el per\u00edodo de validez y almacenamiento de la cookie.<\/p>\n<\/div>\n                    <\/div>\n                <\/div>\n                            <div class=\"ac\">\n                    <h3 class=\"ac-header\">\n                        <button type=\"button\" class=\"ac-trigger\">\u00bfPara qu\u00e9 usamos cookies?<\/button>\n                    <\/h3>\n                    <div class=\"ac-panel\">\n                        <div class=\"ac-line\"><\/div>\n                        <div class=\"ac-text\"><p>En general, las cookies se utilizan para optimizar su navegaci\u00f3n en un sitio web. Sujeto a su elecci\u00f3n modificable, utilizamos cookies en nuestro sitio en todo momento para permitir una navegaci\u00f3n m\u00e1s eficiente para los usuarios. Las cookies le permiten elegir sus preferencias de inicio de sesi\u00f3n (p. ej., idioma) o iniciar sesi\u00f3n en ciertos servicios (p. ej., la banca electr\u00f3nica).<\/p>\n<p>Las cookies que emitimos tambi\u00e9n nos permiten establecer estad\u00edsticas y vol\u00famenes de visitas y uso de los distintos elementos y p\u00e1ginas de nuestro sitio, lo que nos permite mejorar el inter\u00e9s y la ergonom\u00eda de nuestros servicios y adaptar la presentaci\u00f3n de nuestro sitio web a las preferencias de visualizaci\u00f3n de su terminal (p. ej., resoluci\u00f3n de pantalla, sistema operativo utilizado) cuando visita nuestro sitio web.<\/p>\n<\/div>\n                    <\/div>\n                <\/div>\n                            <div class=\"ac\">\n                    <h3 class=\"ac-header\">\n                        <button type=\"button\" class=\"ac-trigger\">\u00bfQu\u00e9 cookies utilizamos?<\/button>\n                    <\/h3>\n                    <div class=\"ac-panel\">\n                        <div class=\"ac-line\"><\/div>\n                        <div class=\"ac-text\"><h2>Cookies t\u00e9cnicas<\/h2>\n<p>Las cookies t\u00e9cnicas son vitales para el correcto funcionamiento del sitio web. Estas cookies le permiten navegar por nuestro sitio web y aprovechar sus funcionalidades. Por lo tanto, estas configuraciones no pueden modificarse.<\/p>\n<h2>Cookies anal\u00edticas<\/h2>\n<p>Estas cookies permiten recopilar informaci\u00f3n sobre c\u00f3mo los visitantes utilizan un sitio web (p. ej., n\u00famero de visitas, p\u00e1ginas m\u00e1s visitadas, contenido m\u00e1s consultado). Nos permiten conocer c\u00f3mo se utiliza nuestro sitio web y c\u00f3mo funciona, recopilar estad\u00edsticas y monitorear los vol\u00famenes de tr\u00e1fico con el fin de mejorar el inter\u00e9s y la ergonom\u00eda de nuestros servicios.<\/p>\n<p>Estas cookies son \u00fanicamente para uso interno.<\/p>\n<h2>Cookies compartidas<\/h2>\n<p>Nuestro sitio contiene enlaces para compartir en redes sociales externas que le permiten compartir contenido de nuestro sitio con otros. Cuando usted acepta el uso de cookies en general, puede instalarse una cookie de terceros, relacionada con la red social en cuesti\u00f3n. Los botones de compartir permiten vincular el contenido visualizado con su cuenta de usuario si usted ha iniciado sesi\u00f3n simult\u00e1neamente en la red social.<\/p>\n<p>Terceros como Google tambi\u00e9n pueden instalar cookies cuando usted accede a videos alojados en una plataforma de terceros como YouTube, Facebook, Instagram, etc.<\/p>\n<p>Tenga en cuenta que los sitios web de terceros tienen sus propias pol\u00edticas de privacidad y usted debe conocerlas.<\/p>\n<\/div>\n                    <\/div>\n                <\/div>\n                            <div class=\"ac\">\n                    <h3 class=\"ac-header\">\n                        <button type=\"button\" class=\"ac-trigger\">\u00bfC\u00f3mo configurar las cookies?<\/button>\n                    <\/h3>\n                    <div class=\"ac-panel\">\n                        <div class=\"ac-line\"><\/div>\n                        <div class=\"ac-text\"><p>El almacenamiento de una cookie en un terminal est\u00e1, en principio, sujeto al consentimiento del usuario del terminal. Se ofrecen varias posibilidades para gestionar las cookies: el usuario puede elegir, en cualquier momento, expresar y modificar sus preferencias respecto a las cookies a trav\u00e9s de su navegador o, para nuestro sitio web, utilizando las herramientas de configuraci\u00f3n.<\/p>\n<p>Con respecto a las cookies utilizadas en nuestro sitio, usted puede configurarlas individualmente, dependiendo de su tipo.<\/p>\n<p>La configuraci\u00f3n de cada navegador es diferente, el men\u00fa de ayuda de su navegador le indicar\u00e1 c\u00f3mo gestionar sus preferencias de cookies.<\/p>\n<p>Al aceptar guardar cookies en su terminal, las cookies integradas en las p\u00e1ginas y contenidos que usted haya consultado podr\u00e1n almacenarse temporalmente, dependiendo de su configuraci\u00f3n personal, en un espacio dedicado dentro de su terminal. Al rechazar guardar cookies en su terminal, o al eliminar aquellas guardadas en su terminal, usted ya no podr\u00e1 beneficiarse de ciertas funcionalidades de nuestro sitio web.<\/p>\n<p>El Usuario acepta el riesgo de que, al acceder al sitio web y a sus servicios, terceros puedan deducir que podr\u00eda existir una relaci\u00f3n con Bank of Nassau 1982 Limited.<\/p>\n<p>M\u00e1s informaci\u00f3n sobre las cookies y c\u00f3mo gestionar su uso configurando los ajustes de su navegador est\u00e1 disponible en www.allaboutcookies.org.<\/p>\n<\/div>\n                    <\/div>\n                <\/div>\n                            <div class=\"ac\">\n                    <h3 class=\"ac-header\">\n                        <button type=\"button\" class=\"ac-trigger\">Renovaci\u00f3n de su consentimiento<\/button>\n                    <\/h3>\n                    <div class=\"ac-panel\">\n                        <div class=\"ac-line\"><\/div>\n                        <div class=\"ac-text\"><p>Cuando usted consiente el uso de cookies, dicho consentimiento es v\u00e1lido por un m\u00e1ximo de 14 meses, tras lo cual se le solicitar\u00e1 renovar su consentimiento. Esta renovaci\u00f3n tambi\u00e9n puede ser requerida cuando usted se conecte desde otro terminal, cambie la configuraci\u00f3n de su navegador o cuando el sitio web sea actualizado.<\/p>\n<\/div>\n                    <\/div>\n                <\/div>\n                            <div class=\"ac\">\n                    <h3 class=\"ac-header\">\n                        <button type=\"button\" class=\"ac-trigger\">Cambios en la pol\u00edtica de cookies<\/button>\n                    <\/h3>\n                    <div class=\"ac-panel\">\n                        <div class=\"ac-line\"><\/div>\n                        <div class=\"ac-text\"><p><span data-sheets-root=\"1\">Bank of Nassau 1982 Limited puede modificar esta Pol\u00edtica de Cookies en cualquier momento.<\/span><\/p>\n<\/div>\n                    <\/div>\n                <\/div>\n                    <\/section>\n    <\/div>\n","protected":false},"excerpt":{"rendered":"","protected":false},"author":1,"featured_media":0,"parent":0,"menu_order":0,"comment_status":"closed","ping_status":"closed","template":"","meta":{"_acf_changed":false,"inline_featured_image":false,"footnotes":""},"class_list":["post-3232","page","type-page","status-publish","hentry"],"acf":[],"yoast_head":"<!-- This site is optimized with the Yoast SEO plugin v27.4 - https:\/\/yoast.com\/product\/yoast-seo-wordpress\/ -->\n<title>Pol\u00edtica de Cookies - Bank of Nassau<\/title>\n<meta name=\"robots\" content=\"index, follow, max-snippet:-1, max-image-preview:large, max-video-preview:-1\" \/>\n<link rel=\"canonical\" href=\"https:\/\/bankofnassau.com\/es\/cookie-policy\/\" \/>\n<meta property=\"og:locale\" content=\"es_ES\" \/>\n<meta property=\"og:type\" content=\"article\" \/>\n<meta property=\"og:title\" content=\"Pol\u00edtica de Cookies - Bank of Nassau\" \/>\n<meta property=\"og:url\" content=\"https:\/\/bankofnassau.com\/es\/cookie-policy\/\" \/>\n<meta property=\"og:site_name\" content=\"Bank of Nassau\" \/>\n<meta property=\"article:modified_time\" content=\"2026-01-28T21:01:15+00:00\" \/>\n<meta name=\"twitter:card\" content=\"summary_large_image\" \/>\n<script type=\"application\/ld+json\" class=\"yoast-schema-graph\">{\"@context\":\"https:\\\/\\\/schema.org\",\"@graph\":[{\"@type\":\"WebPage\",\"@id\":\"https:\\\/\\\/bankofnassau.com\\\/es\\\/cookie-policy\\\/\",\"url\":\"https:\\\/\\\/bankofnassau.com\\\/es\\\/cookie-policy\\\/\",\"name\":\"Pol\u00edtica de Cookies - Bank of Nassau\",\"isPartOf\":{\"@id\":\"https:\\\/\\\/bankofnassau.com\\\/es\\\/#website\"},\"datePublished\":\"2026-01-25T23:37:52+00:00\",\"dateModified\":\"2026-01-28T21:01:15+00:00\",\"breadcrumb\":{\"@id\":\"https:\\\/\\\/bankofnassau.com\\\/es\\\/cookie-policy\\\/#breadcrumb\"},\"inLanguage\":\"es\",\"potentialAction\":[{\"@type\":\"ReadAction\",\"target\":[\"https:\\\/\\\/bankofnassau.com\\\/es\\\/cookie-policy\\\/\"]}]},{\"@type\":\"BreadcrumbList\",\"@id\":\"https:\\\/\\\/bankofnassau.com\\\/es\\\/cookie-policy\\\/#breadcrumb\",\"itemListElement\":[{\"@type\":\"ListItem\",\"position\":1,\"name\":\"Home\",\"item\":\"https:\\\/\\\/bankofnassau.com\\\/es\\\/\"},{\"@type\":\"ListItem\",\"position\":2,\"name\":\"Pol\u00edtica de Cookies\"}]},{\"@type\":\"WebSite\",\"@id\":\"https:\\\/\\\/bankofnassau.com\\\/es\\\/#website\",\"url\":\"https:\\\/\\\/bankofnassau.com\\\/es\\\/\",\"name\":\"Bank of Nassau\",\"description\":\"\",\"potentialAction\":[{\"@type\":\"SearchAction\",\"target\":{\"@type\":\"EntryPoint\",\"urlTemplate\":\"https:\\\/\\\/bankofnassau.com\\\/es\\\/?s={search_term_string}\"},\"query-input\":{\"@type\":\"PropertyValueSpecification\",\"valueRequired\":true,\"valueName\":\"search_term_string\"}}],\"inLanguage\":\"es\"}]}<\/script>\n<!-- \/ Yoast SEO plugin. -->","yoast_head_json":{"title":"Pol\u00edtica de Cookies - Bank of Nassau","robots":{"index":"index","follow":"follow","max-snippet":"max-snippet:-1","max-image-preview":"max-image-preview:large","max-video-preview":"max-video-preview:-1"},"canonical":"https:\/\/bankofnassau.com\/es\/cookie-policy\/","og_locale":"es_ES","og_type":"article","og_title":"Pol\u00edtica de Cookies - Bank of Nassau","og_url":"https:\/\/bankofnassau.com\/es\/cookie-policy\/","og_site_name":"Bank of Nassau","article_modified_time":"2026-01-28T21:01:15+00:00","twitter_card":"summary_large_image","schema":{"@context":"https:\/\/schema.org","@graph":[{"@type":"WebPage","@id":"https:\/\/bankofnassau.com\/es\/cookie-policy\/","url":"https:\/\/bankofnassau.com\/es\/cookie-policy\/","name":"Pol\u00edtica de Cookies - Bank of Nassau","isPartOf":{"@id":"https:\/\/bankofnassau.com\/es\/#website"},"datePublished":"2026-01-25T23:37:52+00:00","dateModified":"2026-01-28T21:01:15+00:00","breadcrumb":{"@id":"https:\/\/bankofnassau.com\/es\/cookie-policy\/#breadcrumb"},"inLanguage":"es","potentialAction":[{"@type":"ReadAction","target":["https:\/\/bankofnassau.com\/es\/cookie-policy\/"]}]},{"@type":"BreadcrumbList","@id":"https:\/\/bankofnassau.com\/es\/cookie-policy\/#breadcrumb","itemListElement":[{"@type":"ListItem","position":1,"name":"Home","item":"https:\/\/bankofnassau.com\/es\/"},{"@type":"ListItem","position":2,"name":"Pol\u00edtica de Cookies"}]},{"@type":"WebSite","@id":"https:\/\/bankofnassau.com\/es\/#website","url":"https:\/\/bankofnassau.com\/es\/","name":"Bank of Nassau","description":"","potentialAction":[{"@type":"SearchAction","target":{"@type":"EntryPoint","urlTemplate":"https:\/\/bankofnassau.com\/es\/?s={search_term_string}"},"query-input":{"@type":"PropertyValueSpecification","valueRequired":true,"valueName":"search_term_string"}}],"inLanguage":"es"}]}},"_links":{"self":[{"href":"https:\/\/bankofnassau.com\/es\/wp-json\/wp\/v2\/pages\/3232","targetHints":{"allow":["GET"]}}],"collection":[{"href":"https:\/\/bankofnassau.com\/es\/wp-json\/wp\/v2\/pages"}],"about":[{"href":"https:\/\/bankofnassau.com\/es\/wp-json\/wp\/v2\/types\/page"}],"author":[{"embeddable":true,"href":"https:\/\/bankofnassau.com\/es\/wp-json\/wp\/v2\/users\/1"}],"replies":[{"embeddable":true,"href":"https:\/\/bankofnassau.com\/es\/wp-json\/wp\/v2\/comments?post=3232"}],"version-history":[{"count":7,"href":"https:\/\/bankofnassau.com\/es\/wp-json\/wp\/v2\/pages\/3232\/revisions"}],"predecessor-version":[{"id":3860,"href":"https:\/\/bankofnassau.com\/es\/wp-json\/wp\/v2\/pages\/3232\/revisions\/3860"}],"wp:attachment":[{"href":"https:\/\/bankofnassau.com\/es\/wp-json\/wp\/v2\/media?parent=3232"}],"curies":[{"name":"wp","href":"https:\/\/api.w.org\/{rel}","templated":true}]}}