{"id":3222,"date":"2026-01-25T23:33:04","date_gmt":"2026-01-25T23:33:04","guid":{"rendered":"https:\/\/bankofnassau.com\/terms-of-use\/"},"modified":"2026-01-28T21:01:35","modified_gmt":"2026-01-28T21:01:35","slug":"terms-of-use","status":"publish","type":"page","link":"https:\/\/bankofnassau.com\/es\/terms-of-use\/","title":{"rendered":"T\u00e9rminos de Uso"},"content":{"rendered":"<section class=\"pagehead\" data-fls-pagehead=\"\" >\n    <div class=\"pagehead__picture\">\n            <picture class=\"el-picture\">\n        <source media=\"(max-width: 374.99px)\"\n                srcset=\"https:\/\/bankofnassau.com\/wp-content\/uploads\/2026\/01\/data_privacy-375x106.webp, https:\/\/bankofnassau.com\/wp-content\/uploads\/2026\/01\/data_privacy-750x212.webp 2x\">\n        <source media=\"(max-width: 767.99px)\"\n                srcset=\"https:\/\/bankofnassau.com\/wp-content\/uploads\/2026\/01\/data_privacy-768x217.webp, https:\/\/bankofnassau.com\/wp-content\/uploads\/2026\/01\/data_privacy-1536x434.webp 2x\">\n        <source media=\"(max-width: 1023.99px)\"\n                srcset=\"https:\/\/bankofnassau.com\/wp-content\/uploads\/2026\/01\/data_privacy-1024x289.webp, https:\/\/bankofnassau.com\/wp-content\/uploads\/2026\/01\/data_privacy-2048x579.webp 2x\">\n        <source media=\"(max-width: 1199.99px)\"\n                srcset=\"https:\/\/bankofnassau.com\/wp-content\/uploads\/2026\/01\/data_privacy-1200x339.webp, https:\/\/bankofnassau.com\/wp-content\/uploads\/2026\/01\/data_privacy-2400x678.webp 2x\">\n        <source media=\"(max-width: 1599.99px)\"\n                srcset=\"https:\/\/bankofnassau.com\/wp-content\/uploads\/2026\/01\/data_privacy-1600x452.webp, https:\/\/bankofnassau.com\/wp-content\/uploads\/2026\/01\/data_privacy-scaled.webp 2x\">\n        <source media=\"(min-width: 1600px)\"\n                srcset=\"https:\/\/bankofnassau.com\/wp-content\/uploads\/2026\/01\/data_privacy-2000x565.webp, https:\/\/bankofnassau.com\/wp-content\/uploads\/2026\/01\/data_privacy-scaled.webp 2x\">\n\n        <img class=\"pagehead__image el-image\"\n             src=\"https:\/\/bankofnassau.com\/wp-content\/uploads\/2026\/01\/data_privacy-1200x339.webp\"\n             alt=\"data_privacy\"\n             width=\"1200\"\n             height=\"339\"\n             loading=\"lazy\"\n             decoding=\"async\">\n    <\/picture>\n\n    <\/div>\n    <div class=\"pagehead__container\">\n        <div class=\"pagehead__body\">\n                            <section data-fls-breadcrumbs=\"\" class=\"breadcrumbs\">\n                    <ul class=\"breadcrumbs__list\">\n                                                    <li class=\"breadcrumbs__item\">\n                                                                <span class=\"--icon-arrow-left-thin left-icon\"><\/span>\n                                                                                                    <a href=\"\/es\/\" class=\"breadcrumbs__item-link\">Inicio<\/a>\n                                                                                                    <span class=\"--icon-arrow-right-thin right-icon\"><\/span>\n                                                            <\/li>\n                                                    <li class=\"breadcrumbs__item\">\n                                                                <span class=\"--icon-arrow-left-thin left-icon\"><\/span>\n                                                                                                    <span class=\"breadcrumbs__item-text\">Privacidad de Datos<\/span>\n                                                                                            <\/li>\n                                            <\/ul>\n                <\/section>\n                        <h4 class=\"pagehead__title\"> T\u00e9rminos de Uso<\/h4>\n        <\/div>\n    <\/div>\n<\/section>\n\n\n                        \n    <div class=\"page__container\">\n        <div class=\"mt-64-96 pb-16 text text-1129-left-to-first-line\">\n            <h3><span data-sheets-root=\"1\">\u00daLTIMA ACTUALIZACI\u00d3N: 8 de enero de 2026<\/span><\/h3>\n\n        <\/div>\n    <\/div>\n\n\n                        \n    <div class=\"page__container\">\n        <div class=\"mt-64-96 mb-64-120 pb-16 text text-1129-left-to-first-line\">\n            <ol>\n<li>Somos <strong>Bank of Nassau 1982 Limited<\/strong> (el \u00ab<strong>Banco<\/strong>\u00bb), una sociedad de responsabilidad limitada incorporada como la compa\u00f1\u00eda n.\u00ba 28107 conforme a las leyes de la Mancomunidad de las Bahamas, y somos propietarios y operadores de este sitio web (el \u00abSitio\u00bb).<\/li>\n<li><strong>T\u00e9rminos vinculantes<\/strong>: Su uso del Sitio est\u00e1 sujeto a estos T\u00e9rminos de Uso. Al utilizar el Sitio, se considerar\u00e1 que usted ha aceptado y acordado estar sujeto a estos T\u00e9rminos de Uso, y deber\u00e1 cumplir con todas las leyes y regulaciones aplicables. Si no est\u00e1 de acuerdo con estos T\u00e9rminos de Uso, por favor no utilice este Sitio y suspenda inmediatamente su acceso.<\/li>\n<li><strong>Cambios<\/strong>: Podemos realizar cambios a estos T\u00e9rminos de Uso cuando se considere oportuno. Podemos notificarle dichos cambios por cualquier medio razonable, incluyendo la publicaci\u00f3n de la versi\u00f3n revisada de estos T\u00e9rminos de Uso en el Sitio o mediante la fecha de \u00daLTIMA ACTUALIZACI\u00d3N. Al utilizar el Sitio despu\u00e9s de que se realicen cambios a estos T\u00e9rminos de Uso, se considerar\u00e1 que usted ha aceptado dichos cambios.<\/li>\n<li><strong>Seguridad en Internet<\/strong>: Usted es responsable de todo acceso al Sitio utilizando su conexi\u00f3n a Internet, incluso si el acceso lo realiza otra persona. El Sitio es una aplicaci\u00f3n basada en Internet, y el Internet es una red p\u00fablica sobre la cual el Banco no tiene control. Cualquier acceso a Internet puede conllevar ciertos riesgos, como virus, riesgo de falsificaci\u00f3n o abuso. El Banco no se hace responsable ante usted ni ante ning\u00fan tercero por da\u00f1os incurridos como resultado de dichos riesgos y\/o como resultado de deficiencias t\u00e9cnicas (error de transmisi\u00f3n, sobrecarga de red, interferencias, mantenimiento, acceso no autorizado por terceros, etc.). El Banco no se hace responsable por ning\u00fan da\u00f1o causado o p\u00e9rdidas en su equipo, los datos almacenados en este, o cualquier componente de software o hardware utilizado para operar su equipo. Usted se compromete a tomar todas las medidas de seguridad necesarias y asume todos los riesgos relacionados con el uso no autorizado, incorrecto o fraudulento del Sitio. Usted utiliza el Sitio bajo su propio riesgo y asume toda responsabilidad por el cumplimiento de cualquier ley, norma y regulaci\u00f3n aplicable en su jurisdicci\u00f3n de residencia o domicilio.<\/li>\n<li><strong>Restricciones<\/strong>: Nos reservamos el derecho de restringir su acceso al Sitio o a parte de este. El acceso a \u00e1reas restringidas del Sitio puede estar sujeto a registro y otras condiciones. Si le otorgamos permiso para acceder a un \u00e1rea restringida, podremos retirar dicho permiso en cualquier momento (incluyendo cuando usted incumpla cualquiera de estos T\u00e9rminos de Uso). Realizaremos todos los esfuerzos razonables para asegurar que el Sitio est\u00e9 disponible en todo momento. Sin embargo, no podemos garantizar que el Sitio o cualquier funci\u00f3n o caracter\u00edstica individual del Sitio est\u00e9 siempre disponible y\/o libre de errores. En particular, el Sitio puede no estar disponible durante periodos en los que estemos implementando actualizaciones o realizando mantenimiento esencial en el Sitio.<\/li>\n<li><strong>Sin ofertas<\/strong>: El contenido del Sitio es \u00fanicamente para fines informativos. La informaci\u00f3n contenida en el Sitio no constituye ni pretende constituir una oferta de compra o una solicitud de oferta de venta, ni una distribuci\u00f3n o recomendaci\u00f3n de valores u otros productos o servicios en ninguna jurisdicci\u00f3n donde hacerlo est\u00e9 restringido o sea contrario a la ley aplicable.<\/li>\n<li><strong>Sin asesor\u00eda<\/strong>: El contenido del Sitio no pretende ser, ni est\u00e1 destinado a ser, asesor\u00eda de inversi\u00f3n ni asesor\u00eda fiscal. Cualquier informaci\u00f3n contenida y opiniones expresadas no sustituyen la asesor\u00eda de inversi\u00f3n independiente que el Usuario debe obtener. Se informa a los usuarios del Sitio que deben consultar a sus asesores profesionales independientes, consultores y abogados, contadores u otros profesionales financieros en relaci\u00f3n con inversiones. Los usuarios del Sitio deben consultar espec\u00edficamente a sus asesores profesionales sobre los requisitos legales en el pa\u00eds de su residencia y cualquier restricci\u00f3n cambiaria u otras restricciones, as\u00ed como las consecuencias fiscales que puedan ser relevantes para dicho Usuario antes de tomar decisiones de inversi\u00f3n.<\/li>\n<li>Sin garant\u00edas: Proporcionamos el Sitio \u00abtal cual\u00bb y no ofrecemos garant\u00edas respecto a la calidad, integridad o exactitud de ning\u00fan contenido disponible en el Sitio. En la m\u00e1xima medida permitida por la ley, excluimos expresamente:\n<ul>\n<li>\u00a0todas las condiciones, garant\u00edas y otros t\u00e9rminos que, de otro modo, podr\u00edan implicarse por ley en estos T\u00e9rminos de Uso; y<\/li>\n<li>toda y cualquier responsabilidad frente a usted, ya sea que surja bajo estos T\u00e9rminos de Uso o de otro modo en relaci\u00f3n con su uso del Sitio.<\/li>\n<\/ul>\n<\/li>\n<li><strong>Propiedad intelectual<\/strong>: El Banco y sus licenciantes son propietarios de los derechos de propiedad intelectual del contenido del Sitio y de todos los textos, im\u00e1genes, videos y dem\u00e1s contenido disponible en \u00e9l. Usted no puede imprimir ni realizar copias, reproducir ni distribuir ning\u00fan contenido de este Sitio sin el consentimiento previo y expreso por escrito del Banco. El Sitio puede proporcionar enlaces a otros sitios web y recursos en l\u00ednea, cuya propiedad intelectual el Banco no posee ni controla. No somos responsables de dichos sitios o recursos externos ni los respaldamos. El uso de sitios web y recursos de terceros a los que se acceda mediante un enlace en este Sitio es bajo su propio riesgo.<\/li>\n<li><strong>Obligaciones del usuario<\/strong>: Su permiso para utilizar el Sitio es personal e intransferible, y usted no puede utilizar el Sitio con fines comerciales. Su uso del Sitio est\u00e1 condicionado al cumplimiento de los requisitos establecidos en estos T\u00e9rminos de Uso y, al utilizar el Sitio, usted acepta que NO:\n<ul>\n<li>utilizar\u00e1 el Sitio con fines fraudulentos o il\u00edcitos;<\/li>\n<li>utilizar\u00e1 el Sitio para difamar, abusar, acosar, perseguir, amenazar o de cualquier otra forma violar los derechos de terceros, incluyendo, sin limitaci\u00f3n, los derechos de privacidad o de imagen de otros;<\/li>\n<li>suplantar\u00e1 a cualquier persona o entidad, declarar\u00e1 falsamente o tergiversar\u00e1 su afiliaci\u00f3n con cualquier persona o entidad en relaci\u00f3n con el Sitio; o expresar\u00e1;<\/li>\n<li>implicar\u00e1 que respaldamos cualquier declaraci\u00f3n que usted realice;<\/li>\n<li>interferir\u00e1 o interrumpir\u00e1 el funcionamiento del Sitio o de los servidores o redes utilizados para poner el Sitio a disposici\u00f3n; o violar\u00e1 cualquier requisito, procedimiento, pol\u00edtica o regulaci\u00f3n de dichas redes;<\/li>\n<li>transmitir\u00e1 o pondr\u00e1 a disposici\u00f3n en relaci\u00f3n con el Sitio cualquier virus, gusano, troyano u otro c\u00f3digo inform\u00e1tico da\u00f1ino o invasivo, o que pueda o tenga la intenci\u00f3n de da\u00f1ar el funcionamiento de cualquier hardware, software o equipo, o a monitorear su uso;<\/li>\n<li>\u00a0reproducir\u00e1, duplicar\u00e1, copiar\u00e1, vender\u00e1, revender\u00e1 o explotar\u00e1 con fines comerciales cualquier parte del Sitio, su uso o su acceso;<\/li>\n<li>modificar\u00e1, adaptar\u00e1, traducir\u00e1, realizar\u00e1 extracci\u00f3n de datos, ingenier\u00eda inversa, descompilar\u00e1 o desensamblar\u00e1 cualquier parte del Sitio, ni agregar\u00e1 datos del Sitio. Si desea realizar ingenier\u00eda inversa de cualquier parte del Sitio para crear un programa interoperable, debe contactarnos, y podremos proporcionar datos de interfaz sujetos a verificaci\u00f3n de su identidad y otra informaci\u00f3n;<\/li>\n<li>eliminar\u00e1 cualquier aviso de derechos de autor, marca registrada u otros avisos de derechos de propiedad del Sitio o de materiales originados en el Sitio;<\/li>\n<li>enmarcar o reflejar cualquier parte del Sitio sin nuestro consentimiento previo y expreso por escrito;<\/li>\n<li>crear\u00e1 una base de datos descargando y almacenando sistem\u00e1ticamente contenido del Sitio;<\/li>\n<li>utilizar\u00e1 cualquier dispositivo manual o autom\u00e1tico de cualquier manera para recopilar contenido del Sitio, reproducir o eludir la estructura de navegaci\u00f3n o la presentaci\u00f3n del Sitio sin nuestro consentimiento previo y expreso por escrito. No obstante lo anterior, otorgamos a los operadores de motores de b\u00fasqueda p\u00fablicos en l\u00ednea un permiso limitado para utilizar aplicaciones de recuperaci\u00f3n de b\u00fasqueda con el fin de reproducir materiales del Sitio, \u00fanicamente para el prop\u00f3sito y en la medida necesaria para crear \u00edndices de b\u00fasqueda p\u00fablicos disponibles de dichos materiales, \u00fanicamente en relaci\u00f3n con el servicio p\u00fablico de b\u00fasqueda en l\u00ednea de cada operador. Nos reservamos el derecho de alterar, modificar o revocar estas excepciones, ya sea de manera general o en casos espec\u00edficos.<\/li>\n<\/ul>\n<\/li>\n<li><strong>Protecci\u00f3n de datos<\/strong>: Los datos e informaci\u00f3n sobre usted que puedan recopilarse en virtud de su uso del Sitio est\u00e1n sujetos a las leyes de las Bahamas que regulan el uso de informaci\u00f3n personal y datos. Dichos datos que puedan ser recopilados por el Banco solo ser\u00e1n utilizados, procesados y comunicados de conformidad con las leyes aplicables de las Bahamas. Conforme a Ley de Protecci\u00f3n de Datos Personales (Privacy of Personal Information), de 2003 Ch324A y a la Ley de Regulaciones de Bancos y Compa\u00f1\u00edas Fiduciarias (Bank &amp; Trust Companies Regulations Act), de 2020, o seg\u00fan sea modificada de tiempo en tiempo, el Usuario, a cambio del uso de este Sitio, por la presente consiente el intercambio y suministro de sus datos e informaci\u00f3n a otros miembros del Banco o la transferencia de dichos datos a un tercero, con el prop\u00f3sito de asistir al Banco en la prestaci\u00f3n de servicios bancarios en su beneficio, de conformidad con las obligaciones legales, operativas y contractuales del Banco, as\u00ed como sus obligaciones de custodia bancaria o de valores que puedan surgir. El tratamiento y transferencia de datos no se considerar\u00e1 en ning\u00fan caso como una violaci\u00f3n del secreto bancario. Las personas naturales tienen derecho de acceso y rectificaci\u00f3n conforme a las leyes de las Bahamas; cualquier solicitud de acceso y rectificaci\u00f3n deber\u00e1 realizarse por escrito. El Banco tomar\u00e1 todas las medidas razonables para garantizar la confidencialidad de sus datos.<\/li>\n<li><strong>Confidencialidad<\/strong>: El Banco tratar\u00e1 toda su informaci\u00f3n personal como privada y confidencial, incluso si el Usuario deja de ser cliente. Sin embargo, los directores, funcionarios y\/o personal del Banco pueden estar obligados por la ley bahame\u00f1a a proporcionar evidencia e informaci\u00f3n, y el Banco solo divulgar\u00e1 dicha informaci\u00f3n sobre usted a terceros cuando se vea obligado a hacerlo por las leyes vigentes y en vigor en las Bahamas, por una orden o directiva de una autoridad regulatoria en las Bahamas o de un tribunal de la Mancomunidad de las Bahamas, y en cualquier circunstancia en la que exista evidencia de actividades que constituyan o que, de haber ocurrido en las Bahamas, constituir\u00edan un delito penal en las Bahamas.<\/li>\n<li><strong>Vigencia<\/strong>: Estos T\u00e9rminos de Uso estar\u00e1n vigentes hasta su rescisi\u00f3n. El Banco podr\u00e1, en cualquier momento y por cualquier motivo, terminar su acceso o uso del Sitio. Si terminamos su acceso al Sitio, usted no tendr\u00e1 derecho a presentar reclamaciones contra nosotros o nuestras afiliadas con respecto a dicha terminaci\u00f3n. Ni nosotros ni nuestras afiliadas seremos responsables por ninguna terminaci\u00f3n de su acceso al Sitio.<\/li>\n<li><strong>Ley aplicable<\/strong>: Las disposiciones de estos T\u00e9rminos de Uso se regir\u00e1n, interpretar\u00e1n y se entender\u00e1n de conformidad con las leyes de la Mancomunidad de las Bahamas. Al utilizar este Sitio, los Usuarios se someten a la jurisdicci\u00f3n de los tribunales de la Mancomunidad de las Bahamas y aceptan que dichos tribunales tendr\u00e1n jurisdicci\u00f3n exclusiva sobre cualquier reclamaci\u00f3n, disputa o asunto que surja en relaci\u00f3n con estos T\u00e9rminos de Uso.<\/li>\n<\/ol>\n\n        <\/div>\n    <\/div>\n","protected":false},"excerpt":{"rendered":"","protected":false},"author":1,"featured_media":0,"parent":0,"menu_order":0,"comment_status":"closed","ping_status":"closed","template":"","meta":{"_acf_changed":false,"inline_featured_image":false,"footnotes":""},"class_list":["post-3222","page","type-page","status-publish","hentry"],"acf":[],"yoast_head":"<!-- This site is optimized with the Yoast SEO plugin v27.4 - https:\/\/yoast.com\/product\/yoast-seo-wordpress\/ -->\n<title>T\u00e9rminos de Uso - Bank of Nassau<\/title>\n<meta name=\"robots\" content=\"index, follow, max-snippet:-1, max-image-preview:large, max-video-preview:-1\" \/>\n<link rel=\"canonical\" href=\"https:\/\/bankofnassau.com\/es\/terms-of-use\/\" \/>\n<meta property=\"og:locale\" content=\"es_ES\" \/>\n<meta property=\"og:type\" content=\"article\" \/>\n<meta property=\"og:title\" content=\"T\u00e9rminos de Uso - Bank of Nassau\" \/>\n<meta property=\"og:url\" content=\"https:\/\/bankofnassau.com\/es\/terms-of-use\/\" \/>\n<meta property=\"og:site_name\" content=\"Bank of Nassau\" \/>\n<meta property=\"article:modified_time\" content=\"2026-01-28T21:01:35+00:00\" \/>\n<meta name=\"twitter:card\" content=\"summary_large_image\" \/>\n<script type=\"application\/ld+json\" class=\"yoast-schema-graph\">{\"@context\":\"https:\\\/\\\/schema.org\",\"@graph\":[{\"@type\":\"WebPage\",\"@id\":\"https:\\\/\\\/bankofnassau.com\\\/es\\\/terms-of-use\\\/\",\"url\":\"https:\\\/\\\/bankofnassau.com\\\/es\\\/terms-of-use\\\/\",\"name\":\"T\u00e9rminos de Uso - Bank of Nassau\",\"isPartOf\":{\"@id\":\"https:\\\/\\\/bankofnassau.com\\\/es\\\/#website\"},\"datePublished\":\"2026-01-25T23:33:04+00:00\",\"dateModified\":\"2026-01-28T21:01:35+00:00\",\"breadcrumb\":{\"@id\":\"https:\\\/\\\/bankofnassau.com\\\/es\\\/terms-of-use\\\/#breadcrumb\"},\"inLanguage\":\"es\",\"potentialAction\":[{\"@type\":\"ReadAction\",\"target\":[\"https:\\\/\\\/bankofnassau.com\\\/es\\\/terms-of-use\\\/\"]}]},{\"@type\":\"BreadcrumbList\",\"@id\":\"https:\\\/\\\/bankofnassau.com\\\/es\\\/terms-of-use\\\/#breadcrumb\",\"itemListElement\":[{\"@type\":\"ListItem\",\"position\":1,\"name\":\"Home\",\"item\":\"https:\\\/\\\/bankofnassau.com\\\/es\\\/\"},{\"@type\":\"ListItem\",\"position\":2,\"name\":\"T\u00e9rminos de Uso\"}]},{\"@type\":\"WebSite\",\"@id\":\"https:\\\/\\\/bankofnassau.com\\\/es\\\/#website\",\"url\":\"https:\\\/\\\/bankofnassau.com\\\/es\\\/\",\"name\":\"Bank of Nassau\",\"description\":\"\",\"potentialAction\":[{\"@type\":\"SearchAction\",\"target\":{\"@type\":\"EntryPoint\",\"urlTemplate\":\"https:\\\/\\\/bankofnassau.com\\\/es\\\/?s={search_term_string}\"},\"query-input\":{\"@type\":\"PropertyValueSpecification\",\"valueRequired\":true,\"valueName\":\"search_term_string\"}}],\"inLanguage\":\"es\"}]}<\/script>\n<!-- \/ Yoast SEO plugin. -->","yoast_head_json":{"title":"T\u00e9rminos de Uso - Bank of Nassau","robots":{"index":"index","follow":"follow","max-snippet":"max-snippet:-1","max-image-preview":"max-image-preview:large","max-video-preview":"max-video-preview:-1"},"canonical":"https:\/\/bankofnassau.com\/es\/terms-of-use\/","og_locale":"es_ES","og_type":"article","og_title":"T\u00e9rminos de Uso - Bank of Nassau","og_url":"https:\/\/bankofnassau.com\/es\/terms-of-use\/","og_site_name":"Bank of Nassau","article_modified_time":"2026-01-28T21:01:35+00:00","twitter_card":"summary_large_image","schema":{"@context":"https:\/\/schema.org","@graph":[{"@type":"WebPage","@id":"https:\/\/bankofnassau.com\/es\/terms-of-use\/","url":"https:\/\/bankofnassau.com\/es\/terms-of-use\/","name":"T\u00e9rminos de Uso - Bank of Nassau","isPartOf":{"@id":"https:\/\/bankofnassau.com\/es\/#website"},"datePublished":"2026-01-25T23:33:04+00:00","dateModified":"2026-01-28T21:01:35+00:00","breadcrumb":{"@id":"https:\/\/bankofnassau.com\/es\/terms-of-use\/#breadcrumb"},"inLanguage":"es","potentialAction":[{"@type":"ReadAction","target":["https:\/\/bankofnassau.com\/es\/terms-of-use\/"]}]},{"@type":"BreadcrumbList","@id":"https:\/\/bankofnassau.com\/es\/terms-of-use\/#breadcrumb","itemListElement":[{"@type":"ListItem","position":1,"name":"Home","item":"https:\/\/bankofnassau.com\/es\/"},{"@type":"ListItem","position":2,"name":"T\u00e9rminos de Uso"}]},{"@type":"WebSite","@id":"https:\/\/bankofnassau.com\/es\/#website","url":"https:\/\/bankofnassau.com\/es\/","name":"Bank of Nassau","description":"","potentialAction":[{"@type":"SearchAction","target":{"@type":"EntryPoint","urlTemplate":"https:\/\/bankofnassau.com\/es\/?s={search_term_string}"},"query-input":{"@type":"PropertyValueSpecification","valueRequired":true,"valueName":"search_term_string"}}],"inLanguage":"es"}]}},"_links":{"self":[{"href":"https:\/\/bankofnassau.com\/es\/wp-json\/wp\/v2\/pages\/3222","targetHints":{"allow":["GET"]}}],"collection":[{"href":"https:\/\/bankofnassau.com\/es\/wp-json\/wp\/v2\/pages"}],"about":[{"href":"https:\/\/bankofnassau.com\/es\/wp-json\/wp\/v2\/types\/page"}],"author":[{"embeddable":true,"href":"https:\/\/bankofnassau.com\/es\/wp-json\/wp\/v2\/users\/1"}],"replies":[{"embeddable":true,"href":"https:\/\/bankofnassau.com\/es\/wp-json\/wp\/v2\/comments?post=3222"}],"version-history":[{"count":7,"href":"https:\/\/bankofnassau.com\/es\/wp-json\/wp\/v2\/pages\/3222\/revisions"}],"predecessor-version":[{"id":3861,"href":"https:\/\/bankofnassau.com\/es\/wp-json\/wp\/v2\/pages\/3222\/revisions\/3861"}],"wp:attachment":[{"href":"https:\/\/bankofnassau.com\/es\/wp-json\/wp\/v2\/media?parent=3222"}],"curies":[{"name":"wp","href":"https:\/\/api.w.org\/{rel}","templated":true}]}}