{"id":322,"date":"2025-12-16T16:44:47","date_gmt":"2025-12-16T16:44:47","guid":{"rendered":"https:\/\/bankofnassau.com\/contactenos\/"},"modified":"2026-01-27T19:18:30","modified_gmt":"2026-01-27T19:18:30","slug":"contactenos","status":"publish","type":"page","link":"https:\/\/bankofnassau.com\/es\/contactenos\/","title":{"rendered":"Cont\u00e1ctenos"},"content":{"rendered":"<section class=\"pagehead\" data-fls-pagehead=\"\" >\n    <div class=\"pagehead__picture\">\n            <picture class=\"el-picture\">\n        <source media=\"(max-width: 374.99px)\"\n                srcset=\"https:\/\/bankofnassau.com\/wp-content\/uploads\/2026\/01\/contact_us-1-375x106.webp, https:\/\/bankofnassau.com\/wp-content\/uploads\/2026\/01\/contact_us-1-750x211.webp 2x\">\n        <source media=\"(max-width: 767.99px)\"\n                srcset=\"https:\/\/bankofnassau.com\/wp-content\/uploads\/2026\/01\/contact_us-1-768x216.webp, https:\/\/bankofnassau.com\/wp-content\/uploads\/2026\/01\/contact_us-1-1536x433.webp 2x\">\n        <source media=\"(max-width: 1023.99px)\"\n                srcset=\"https:\/\/bankofnassau.com\/wp-content\/uploads\/2026\/01\/contact_us-1-1024x289.webp, https:\/\/bankofnassau.com\/wp-content\/uploads\/2026\/01\/contact_us-1-2048x577.webp 2x\">\n        <source media=\"(max-width: 1199.99px)\"\n                srcset=\"https:\/\/bankofnassau.com\/wp-content\/uploads\/2026\/01\/contact_us-1-1200x338.webp, https:\/\/bankofnassau.com\/wp-content\/uploads\/2026\/01\/contact_us-1-2400x677.webp 2x\">\n        <source media=\"(max-width: 1599.99px)\"\n                srcset=\"https:\/\/bankofnassau.com\/wp-content\/uploads\/2026\/01\/contact_us-1-1600x451.webp, https:\/\/bankofnassau.com\/wp-content\/uploads\/2026\/01\/contact_us-1-scaled.webp 2x\">\n        <source media=\"(min-width: 1600px)\"\n                srcset=\"https:\/\/bankofnassau.com\/wp-content\/uploads\/2026\/01\/contact_us-1-2000x564.webp, https:\/\/bankofnassau.com\/wp-content\/uploads\/2026\/01\/contact_us-1-scaled.webp 2x\">\n\n        <img class=\"pagehead__image el-image\"\n             src=\"https:\/\/bankofnassau.com\/wp-content\/uploads\/2026\/01\/contact_us-1-1200x338.webp\"\n             alt=\"contact_us\"\n             width=\"1200\"\n             height=\"338\"\n             loading=\"lazy\"\n             decoding=\"async\">\n    <\/picture>\n\n    <\/div>\n    <div class=\"pagehead__container\">\n        <div class=\"pagehead__body\">\n                            <section data-fls-breadcrumbs=\"\" class=\"breadcrumbs\">\n                    <ul class=\"breadcrumbs__list\">\n                                                    <li class=\"breadcrumbs__item\">\n                                                                <span class=\"--icon-arrow-left-thin left-icon\"><\/span>\n                                                                                                    <a href=\"\/es\/\" class=\"breadcrumbs__item-link\">Inicio<\/a>\n                                                                                                    <span class=\"--icon-arrow-right-thin right-icon\"><\/span>\n                                                            <\/li>\n                                                    <li class=\"breadcrumbs__item\">\n                                                                <span class=\"--icon-arrow-left-thin left-icon\"><\/span>\n                                                                                                    <span class=\"breadcrumbs__item-text\">Cont\u00e1ctenos<\/span>\n                                                                                            <\/li>\n                                            <\/ul>\n                <\/section>\n                        <h4 class=\"pagehead__title\">Cont\u00e1ctenos<\/h4>\n        <\/div>\n    <\/div>\n<\/section>\n\n\n<section data-fls-contactusform=\"\" class=\"contactusform mt-64-96 mb-64-120\">\n    <div class=\"contactusform__container\">\n        <form data-fls-form=\"ajax\" data-fls-form-gotoerr=\"\" method=\"POST\" action=\"\/wp-admin\/admin-ajax.php\"\n              class=\"contactusform__body\">\n            <input type=\"hidden\" name=\"action\" value=\"send_form\">\n            <input type=\"hidden\" name=\"_ajax_nonce\" value=\"6885b2401c\">\n                        <p class=\"contactusform__title\">\n                Cont\u00e1ctenos para explorar c\u00f3mo podemos ayudarle a alcanzar el m\u00e1ximo potencial de su patrimonio.\n            <\/p>\n                                    <p class=\"contactusform__required\">* Campos obligatorios<\/p>\n                        <div class=\"contactusform__fields\">\n                <div class=\"contactusform__line\">\n                    <div class=\"contactusform__field\">\n                        <label for=\"inquiry\">Tipo de consulta*<\/label>\n                        <select id=\"inquiry\" data-fls-dropdown=\"\"\n                                data-fls-dropdown-pseudo-label=\"Tipo de consulta*\" name=\"inquiry\" required\n                                data-fls-form-errtext=\"Este campo es obligatorio.\">\n                            <option value=\"\" disabled selected>Seleccione&#8230;<\/option>\n                                                            <option value=\"Gesti\u00f3n patrimonial\">Gesti\u00f3n patrimonial<\/option>\n                                                            <option value=\"Servicios de banca privada\">Servicios de banca privada<\/option>\n                                                            <option value=\"Acceso a mercados globales\">Acceso a mercados globales<\/option>\n                                                            <option value=\"Otro\">Otro<\/option>\n                                                    <\/select>\n                    <\/div>\n                <\/div>\n                <div class=\"contactusform__line\">\n                    <div class=\"contactusform__field\">\n                        <label for=\"name\">Nombre*<\/label>\n                        <input data-fls-form-errtext=\"Este campo es obligatorio.\" id=\"name\" data-fls-input=\"\" required\n                               type=\"text\" name=\"firstName\" class=\"contactusform__input input\">\n                    <\/div>\n                    <div class=\"contactusform__field\">\n                        <label for=\"lastName\">Apellido*<\/label>\n                        <input data-fls-form-errtext=\"Este campo es obligatorio.\" id=\"lastName\" data-fls-input=\"\" required\n                               type=\"text\" name=\"lastName\" class=\"contactusform__input input\">\n                    <\/div>\n                <\/div>\n                <div class=\"contactusform__line\">\n                    <div class=\"contactusform__field\">\n                        <label for=\"email\">Correo electr\u00f3nico*<\/label>\n                        <input data-fls-form-errtext=\"Por favor, ingrese una direcci\u00f3n de correo electr\u00f3nico v\u00e1lida.\" data-fls-input=\"\" required type=\"email\"\n                               name=\"email\" class=\"contactusform__input input\">\n                    <\/div>\n                    <div class=\"contactusform__field\">\n                        <label for=\"phone\">N\u00famero de tel\u00e9fono*<\/label>\n                        <input data-fls-form-errtext=\"Por favor, ingrese un n\u00famero de tel\u00e9fono v\u00e1lido.\" data-fls-input=\"\" required type=\"tel\" id=\"phone\"\n                               name=\"phone\" class=\"contactusform__input input\">\n                    <\/div>\n                <\/div>\n                <div class=\"contactusform__line\">\n                    <div class=\"contactusform__field\">\n                        <label for=\"country\">Pa\u00eds*<\/label>\n                        <select id=\"country\" data-fls-dropdown=\"\" name=\"country\"\n                                data-fls-placeholder=\"Seleccione...\" required\n                                data-fls-form-errtext=\"Este campo es obligatorio.\"><\/select>\n                    <\/div>\n                <\/div>\n                <div class=\"contactusform__line\">\n                    <div class=\"contactusform__field\">\n                        <label for=\"message\">Su mensaje*<\/label>\n                        <textarea data-fls-input-autoheight=\"\" data-fls-input=\"\" autocomplete=\"off\" required\n                                  id=\"message\" name=\"message\" data-fls-form-errtext=\"Este campo es obligatorio.\"\n                                  class=\"contactusform__input input\"><\/textarea>\n                    <\/div>\n                <\/div>\n                <div class=\"contactusform__line\">\n                    <label data-fls-checkbox=\"\" class=\"checkbox contactusform__agree\">\n                        <input data-error=\"\u041f\u043e\u043c\u0438\u043b\u043a\u0430\" class=\"checkbox__input\" type=\"checkbox\" value=\"1\" id=\"agree\"\n                               name=\"agree\">\n                        <span class=\"checkbox__text\">\n                            <span class=\"checkbox__text-text\"><p>* Acepto las <a href=\"https:\/\/bankofnassau.com\/es\/data-privacy\/\">Pol\u00edticas de Privacidad de Datos<\/a> y <a href=\"https:\/\/bankofnassau.com\/es\/cookie-policy\/\">Cookies<\/a>.<\/p>\n<\/span>\n                        <\/span>\n                    <\/label>\n                <\/div>\n            <\/div>\n            <div class=\"popup__form-line\">\n                <div class=\"cf-turnstile\" data-sitekey=\"0x4AAAAAACYic6oRbRfgD1eI\"><\/div>\n            <\/div>\n            <button type=\"submit\" id=\"send\" disabled class=\"contactusform__button button button--lite\">Enviar<\/button>\n        <\/form>\n        <div class=\"contactusform__response\" style=\"display: none;\">\n            <p class=\"contactusform__title\">\n                Gracias por contactarnos.\n            <\/p>\n            <p>\n                Un miembro de nuestro equipo se comunicar\u00e1 con usted en breve.\n            <\/p>\n        <\/div>\n    <\/div>\n<\/section>\n\n        <section data-fls-contacts class=\"contacts mt-64-96\">\n        <div class=\"contacts__container\">\n            <div class=\"contacts__items\">\n                                    <div class=\"contacts__item\">\n                        <div class=\"contacts__office\">\n                                                            <h3 class=\"contacts__office-title\">Nassau<\/h3>\n                                                                                <\/div>\n                        <div class=\"contacts__address\">\n                                                            <div class=\"contacts__address-text\"><p>Bank of Nassau 1982 Limited<br \/>\nOffices at Old Fort Bay<br \/>\nNo. 8 Pineapple House, Western Rd.<br \/>\nNassau, The Bahamas<\/p>\n<\/div>\n                                                                                        <div class=\"contacts__address-contact\"><p><a href=\"tel:12426766200\">T: +1 242 676 6200<\/a><a href=\"mailto:contact@bankofnassau.com\">E: contact@bankofnassau.com<\/a><\/p>\n<\/div>\n                                                    <\/div>\n                                                                        <div class=\"contacts__socials\">\n                                                            <span class=\"contacts__socials-title\">S\u00edganos:<\/span>\n                                                                                    <ul class=\"contacts__socials-list\">\n                                                                                                        <li>\n                                        <a target=\"_blank\" href=\"https:\/\/www.linkedin.com\/company\/bank-of-nassau\/\" class=\"--icon-linkedIn\"><\/a>\n                                    <\/li>\n                                                                                                                                            <li>\n                                        <a target=\"_blank\" href=\"https:\/\/www.youtube.com\/@BankofNassau\" class=\"--icon-youtube-filled\"><\/a>\n                                    <\/li>\n                                                                                                <\/ul>\n                                                    <\/div>\n                                            <\/div>\n                            <\/div>\n        <\/div>\n    <\/section>\n\n\n<section data-fls-mapblock=\"\" class=\"mapblock\">\n    <div data-fls-map class=\"map\">\n        <div data-fls-map-marker class=\"map__marker\" data-fls-map-icon=\"https:\/\/bankofnassau.com\/wp-content\/themes\/bankofnassau\/assets\/img\/pin.svg\" data-fls-map-lat=\"25.03701\" data-fls-map-lng=\"-77.508305\"><\/div>\n        <div data-fls-map-body class=\"map__body\" data-fls-map-lat=\"25.03701\" data-fls-map-lng=\"-77.508305\"><\/div>\n    <\/div>\n<\/section>","protected":false},"excerpt":{"rendered":"","protected":false},"author":1,"featured_media":0,"parent":0,"menu_order":0,"comment_status":"closed","ping_status":"closed","template":"","meta":{"_acf_changed":false,"inline_featured_image":false,"footnotes":""},"class_list":["post-322","page","type-page","status-publish","hentry"],"acf":[],"yoast_head":"<!-- This site is optimized with the Yoast SEO plugin v27.4 - https:\/\/yoast.com\/product\/yoast-seo-wordpress\/ -->\n<title>Cont\u00e1ctenos - Bank of Nassau<\/title>\n<meta name=\"robots\" content=\"index, follow, max-snippet:-1, max-image-preview:large, max-video-preview:-1\" \/>\n<link rel=\"canonical\" href=\"https:\/\/bankofnassau.com\/es\/contactenos\/\" \/>\n<meta property=\"og:locale\" content=\"es_ES\" \/>\n<meta property=\"og:type\" content=\"article\" \/>\n<meta property=\"og:title\" content=\"Cont\u00e1ctenos - Bank of Nassau\" \/>\n<meta property=\"og:url\" content=\"https:\/\/bankofnassau.com\/es\/contactenos\/\" \/>\n<meta property=\"og:site_name\" content=\"Bank of Nassau\" \/>\n<meta property=\"article:modified_time\" content=\"2026-01-27T19:18:30+00:00\" \/>\n<meta name=\"twitter:card\" content=\"summary_large_image\" \/>\n<script type=\"application\/ld+json\" class=\"yoast-schema-graph\">{\"@context\":\"https:\\\/\\\/schema.org\",\"@graph\":[{\"@type\":\"WebPage\",\"@id\":\"https:\\\/\\\/bankofnassau.com\\\/es\\\/contactenos\\\/\",\"url\":\"https:\\\/\\\/bankofnassau.com\\\/es\\\/contactenos\\\/\",\"name\":\"Cont\u00e1ctenos - Bank of Nassau\",\"isPartOf\":{\"@id\":\"https:\\\/\\\/bankofnassau.com\\\/es\\\/#website\"},\"datePublished\":\"2025-12-16T16:44:47+00:00\",\"dateModified\":\"2026-01-27T19:18:30+00:00\",\"breadcrumb\":{\"@id\":\"https:\\\/\\\/bankofnassau.com\\\/es\\\/contactenos\\\/#breadcrumb\"},\"inLanguage\":\"es\",\"potentialAction\":[{\"@type\":\"ReadAction\",\"target\":[\"https:\\\/\\\/bankofnassau.com\\\/es\\\/contactenos\\\/\"]}]},{\"@type\":\"BreadcrumbList\",\"@id\":\"https:\\\/\\\/bankofnassau.com\\\/es\\\/contactenos\\\/#breadcrumb\",\"itemListElement\":[{\"@type\":\"ListItem\",\"position\":1,\"name\":\"Home\",\"item\":\"https:\\\/\\\/bankofnassau.com\\\/es\\\/\"},{\"@type\":\"ListItem\",\"position\":2,\"name\":\"Cont\u00e1ctenos\"}]},{\"@type\":\"WebSite\",\"@id\":\"https:\\\/\\\/bankofnassau.com\\\/es\\\/#website\",\"url\":\"https:\\\/\\\/bankofnassau.com\\\/es\\\/\",\"name\":\"Bank of Nassau\",\"description\":\"\",\"potentialAction\":[{\"@type\":\"SearchAction\",\"target\":{\"@type\":\"EntryPoint\",\"urlTemplate\":\"https:\\\/\\\/bankofnassau.com\\\/es\\\/?s={search_term_string}\"},\"query-input\":{\"@type\":\"PropertyValueSpecification\",\"valueRequired\":true,\"valueName\":\"search_term_string\"}}],\"inLanguage\":\"es\"}]}<\/script>\n<!-- \/ Yoast SEO plugin. -->","yoast_head_json":{"title":"Cont\u00e1ctenos - Bank of Nassau","robots":{"index":"index","follow":"follow","max-snippet":"max-snippet:-1","max-image-preview":"max-image-preview:large","max-video-preview":"max-video-preview:-1"},"canonical":"https:\/\/bankofnassau.com\/es\/contactenos\/","og_locale":"es_ES","og_type":"article","og_title":"Cont\u00e1ctenos - Bank of Nassau","og_url":"https:\/\/bankofnassau.com\/es\/contactenos\/","og_site_name":"Bank of Nassau","article_modified_time":"2026-01-27T19:18:30+00:00","twitter_card":"summary_large_image","schema":{"@context":"https:\/\/schema.org","@graph":[{"@type":"WebPage","@id":"https:\/\/bankofnassau.com\/es\/contactenos\/","url":"https:\/\/bankofnassau.com\/es\/contactenos\/","name":"Cont\u00e1ctenos - Bank of Nassau","isPartOf":{"@id":"https:\/\/bankofnassau.com\/es\/#website"},"datePublished":"2025-12-16T16:44:47+00:00","dateModified":"2026-01-27T19:18:30+00:00","breadcrumb":{"@id":"https:\/\/bankofnassau.com\/es\/contactenos\/#breadcrumb"},"inLanguage":"es","potentialAction":[{"@type":"ReadAction","target":["https:\/\/bankofnassau.com\/es\/contactenos\/"]}]},{"@type":"BreadcrumbList","@id":"https:\/\/bankofnassau.com\/es\/contactenos\/#breadcrumb","itemListElement":[{"@type":"ListItem","position":1,"name":"Home","item":"https:\/\/bankofnassau.com\/es\/"},{"@type":"ListItem","position":2,"name":"Cont\u00e1ctenos"}]},{"@type":"WebSite","@id":"https:\/\/bankofnassau.com\/es\/#website","url":"https:\/\/bankofnassau.com\/es\/","name":"Bank of Nassau","description":"","potentialAction":[{"@type":"SearchAction","target":{"@type":"EntryPoint","urlTemplate":"https:\/\/bankofnassau.com\/es\/?s={search_term_string}"},"query-input":{"@type":"PropertyValueSpecification","valueRequired":true,"valueName":"search_term_string"}}],"inLanguage":"es"}]}},"_links":{"self":[{"href":"https:\/\/bankofnassau.com\/es\/wp-json\/wp\/v2\/pages\/322","targetHints":{"allow":["GET"]}}],"collection":[{"href":"https:\/\/bankofnassau.com\/es\/wp-json\/wp\/v2\/pages"}],"about":[{"href":"https:\/\/bankofnassau.com\/es\/wp-json\/wp\/v2\/types\/page"}],"author":[{"embeddable":true,"href":"https:\/\/bankofnassau.com\/es\/wp-json\/wp\/v2\/users\/1"}],"replies":[{"embeddable":true,"href":"https:\/\/bankofnassau.com\/es\/wp-json\/wp\/v2\/comments?post=322"}],"version-history":[{"count":8,"href":"https:\/\/bankofnassau.com\/es\/wp-json\/wp\/v2\/pages\/322\/revisions"}],"predecessor-version":[{"id":3813,"href":"https:\/\/bankofnassau.com\/es\/wp-json\/wp\/v2\/pages\/322\/revisions\/3813"}],"wp:attachment":[{"href":"https:\/\/bankofnassau.com\/es\/wp-json\/wp\/v2\/media?parent=322"}],"curies":[{"name":"wp","href":"https:\/\/api.w.org\/{rel}","templated":true}]}}