{"id":313,"date":"2025-12-16T16:42:00","date_gmt":"2025-12-16T16:42:00","guid":{"rendered":"https:\/\/bankofnassau.com\/history\/"},"modified":"2026-01-29T21:20:09","modified_gmt":"2026-01-29T21:20:09","slug":"about","status":"publish","type":"page","link":"https:\/\/bankofnassau.com\/es\/about\/","title":{"rendered":"Sobre nosotros"},"content":{"rendered":"<section class=\"pagehead\" data-fls-pagehead=\"\" >\n    <div class=\"pagehead__picture\">\n            <picture class=\"el-picture\">\n        <source media=\"(max-width: 374.99px)\"\n                srcset=\"https:\/\/bankofnassau.com\/wp-content\/uploads\/2026\/01\/about_us_history_banner-375x106.webp, https:\/\/bankofnassau.com\/wp-content\/uploads\/2026\/01\/about_us_history_banner-750x211.webp 2x\">\n        <source media=\"(max-width: 767.99px)\"\n                srcset=\"https:\/\/bankofnassau.com\/wp-content\/uploads\/2026\/01\/about_us_history_banner-768x216.webp, https:\/\/bankofnassau.com\/wp-content\/uploads\/2026\/01\/about_us_history_banner-1536x433.webp 2x\">\n        <source media=\"(max-width: 1023.99px)\"\n                srcset=\"https:\/\/bankofnassau.com\/wp-content\/uploads\/2026\/01\/about_us_history_banner-1024x289.webp, https:\/\/bankofnassau.com\/wp-content\/uploads\/2026\/01\/about_us_history_banner-2048x577.webp 2x\">\n        <source media=\"(max-width: 1199.99px)\"\n                srcset=\"https:\/\/bankofnassau.com\/wp-content\/uploads\/2026\/01\/about_us_history_banner-1200x338.webp, https:\/\/bankofnassau.com\/wp-content\/uploads\/2026\/01\/about_us_history_banner-2400x677.webp 2x\">\n        <source media=\"(max-width: 1599.99px)\"\n                srcset=\"https:\/\/bankofnassau.com\/wp-content\/uploads\/2026\/01\/about_us_history_banner-1600x451.webp, https:\/\/bankofnassau.com\/wp-content\/uploads\/2026\/01\/about_us_history_banner-scaled.webp 2x\">\n        <source media=\"(min-width: 1600px)\"\n                srcset=\"https:\/\/bankofnassau.com\/wp-content\/uploads\/2026\/01\/about_us_history_banner-2000x564.webp, https:\/\/bankofnassau.com\/wp-content\/uploads\/2026\/01\/about_us_history_banner-scaled.webp 2x\">\n\n        <img class=\"pagehead__image el-image\"\n             src=\"https:\/\/bankofnassau.com\/wp-content\/uploads\/2026\/01\/about_us_history_banner-1200x338.webp\"\n             alt=\"about_us_history_banner\"\n             width=\"1200\"\n             height=\"338\"\n             loading=\"lazy\"\n             decoding=\"async\">\n    <\/picture>\n\n    <\/div>\n    <div class=\"pagehead__container\">\n        <div class=\"pagehead__body\">\n                            <section data-fls-breadcrumbs=\"\" class=\"breadcrumbs\">\n                    <ul class=\"breadcrumbs__list\">\n                                                    <li class=\"breadcrumbs__item\">\n                                                                <span class=\"--icon-arrow-left-thin left-icon\"><\/span>\n                                                                                                    <a href=\"\/es\/\" class=\"breadcrumbs__item-link\">Inicio<\/a>\n                                                                                                    <span class=\"--icon-arrow-right-thin right-icon\"><\/span>\n                                                            <\/li>\n                                                    <li class=\"breadcrumbs__item\">\n                                                                <span class=\"--icon-arrow-left-thin left-icon\"><\/span>\n                                                                                                    <span class=\"breadcrumbs__item-text\">Sobre nosotros<\/span>\n                                                                                            <\/li>\n                                            <\/ul>\n                <\/section>\n                        <h4 class=\"pagehead__title\">Sobre nosotros<\/h4>\n        <\/div>\n    <\/div>\n<\/section>\n\n\n<section data-fls-tabsnavigation=\"\" class=\"tabsnavigation\">\n\t<div class=\"tabsnavigation__container\">\n\t\t<div class=\"tabsnavigation__body\">\n\t\t\t<ul class=\"tabsnavigation__list\">\n\t\t\t\t\t\t\t\t\t<li class=\"tabsnavigation__item \">\n\t\t\t\t\t\t<a href=\"https:\/\/bankofnassau.com\/about\/\" class=\"tabsnavigation__item-link\">About Us<\/a>\n\t\t\t\t\t<\/li>\n\t\t\t\t\t\t\t\t\t<li class=\"tabsnavigation__item \">\n\t\t\t\t\t\t<a href=\"https:\/\/bankofnassau.com\/the-bahamas\/\" class=\"tabsnavigation__item-link\">The Bahamas<\/a>\n\t\t\t\t\t<\/li>\n\t\t\t\t\t\t\t\t\t<li class=\"tabsnavigation__item \">\n\t\t\t\t\t\t<a href=\"https:\/\/bankofnassau.com\/management\/\" class=\"tabsnavigation__item-link\">Management<\/a>\n\t\t\t\t\t<\/li>\n\t\t\t\t\t\t\t\t\t<li class=\"tabsnavigation__item \">\n\t\t\t\t\t\t<a href=\"https:\/\/bankofnassau.com\/compliance-and-regulations\/\" class=\"tabsnavigation__item-link\">Compliance and Regulations<\/a>\n\t\t\t\t\t<\/li>\n\t\t\t\t\t\t\t<\/ul>\n\t\t<\/div>\n\t<\/div>\n<\/section>\n\n\n                                    \n    <div class=\"page__container\">\n        <div class=\"mt-64-96 pb-28-64 text text--medium text-899-left-to-first-line\">\n            <h2><span data-sheets-root=\"1\">Bank of Nassau es una piedra angular del legado financiero bahame\u00f1o, con una trayectoria que se remonta a finales del siglo XIX hasta su papel en la actualidad como un banco privado de primer nivel.<\/span><\/h2>\n\n        <\/div>\n    <\/div>\n\n\n                        \n    <div class=\"page__container\">\n        <div class=\"pb-32 text text-899-left-to-first-line\">\n            <p>Bank of Nassau, constituido originalmente en 1888, fue el primer banco comercial en emitir moneda en las Bahamas, entonces una colonia brit\u00e1nica. Fue fundado para estabilizar la econom\u00eda bahame\u00f1a al abordar un sistema monetario fragmentado que depend\u00eda de libras esterlinas brit\u00e1nicas, d\u00f3lares espa\u00f1oles y monedas estadounidenses. Sus billetes, emitidos en 1890 en denominaciones de \u00a31, \u00a35 y \u00a310, presentaban dise\u00f1os elegantes de la reina Victoria y motivos bahame\u00f1os, respaldados por reservas en libras esterlinas. Anclados al d\u00f3lar estadounidense con una paridad de 1:1, estos billetes estabilizaron el comercio durante la crisis de la plata de la d\u00e9cada de 1890, consolidando el papel del banco en la formalizaci\u00f3n de la libra bahame\u00f1a.<\/p>\n\n        <\/div>\n    <\/div>\n\n\n                        \n    <div class=\"page__container\">\n        <div class=\"pb-32 text text-899-left-to-first-line\">\n            <p>Gonet Bank &amp; Trust Limited (\u00abGonet Bank\u00bb), originalmente establecido en 1982, fue un banco bahame\u00f1o que operaba bajo el banco suizo Gonet &amp; Cie SA, fundado en 1845. Con m\u00e1s de 180 a\u00f1os de operaci\u00f3n global, m\u00e1s de 40 a\u00f1os en las Bahamas y con licencia del Banco Central de las Bahamas, Gonet Bank ofrec\u00eda servicios personalizados de gesti\u00f3n patrimonial y fiduciarios para clientes de alto patrimonio y oficinas familiares, alcanzando los 2 mil millones de d\u00f3lares en activos bajo gesti\u00f3n para 2015. Tras atravesar la crisis de deuda latinoamericana de los a\u00f1os 80, la recesi\u00f3n global de 2008 y la constante reconfiguraci\u00f3n del panorama fiscal mundial, Gonet Bank continu\u00f3 innovando dentro de su grupo suizo gracias a su enfoque discreto y vanguardista, incluyendo portafolios de inversi\u00f3n sostenible, logrando as\u00ed obtener el premio WealthBriefing Swiss Awards a la \u00abMejor plataforma de gesti\u00f3n de inversiones\u00bb en 2022.<\/p>\n\n        <\/div>\n    <\/div>\n\n\n                        \n    <div class=\"page__container\">\n        <div class=\"mb-64-120 text text-899-left-to-first-line\">\n            <p>En 2025, LBT Holdings Limited, una asociaci\u00f3n entre Levant Advisors y el l\u00edder en tecnolog\u00eda financiera Quantfury, adquiri\u00f3 Gonet Bank. Renombrado como \u00abBank of Nassau 1982 Limited\u00bb, el banco honra sus ra\u00edces hist\u00f3ricas al tiempo que promueve una visi\u00f3n de servicios financieros innovadores y centrados en el cliente. Con su compromiso con la gesti\u00f3n patrimonial personalizada y la excelencia fiduciaria, la instituci\u00f3n est\u00e1 preparada para dar forma al futuro de la banca privada global.<\/p>\n\n        <\/div>\n    <\/div>\n","protected":false},"excerpt":{"rendered":"","protected":false},"author":1,"featured_media":0,"parent":0,"menu_order":0,"comment_status":"closed","ping_status":"closed","template":"","meta":{"_acf_changed":false,"inline_featured_image":false,"footnotes":""},"class_list":["post-313","page","type-page","status-publish","hentry"],"acf":[],"yoast_head":"<!-- This site is optimized with the Yoast SEO plugin v27.4 - https:\/\/yoast.com\/product\/yoast-seo-wordpress\/ -->\n<title>Sobre nosotros - Bank of Nassau<\/title>\n<meta name=\"robots\" content=\"index, follow, max-snippet:-1, max-image-preview:large, max-video-preview:-1\" \/>\n<link rel=\"canonical\" href=\"https:\/\/bankofnassau.com\/es\/about\/\" \/>\n<meta property=\"og:locale\" content=\"es_ES\" \/>\n<meta property=\"og:type\" content=\"article\" \/>\n<meta property=\"og:title\" content=\"Sobre nosotros - Bank of Nassau\" \/>\n<meta property=\"og:url\" content=\"https:\/\/bankofnassau.com\/es\/about\/\" \/>\n<meta property=\"og:site_name\" content=\"Bank of Nassau\" \/>\n<meta property=\"article:modified_time\" content=\"2026-01-29T21:20:09+00:00\" \/>\n<meta name=\"twitter:card\" content=\"summary_large_image\" \/>\n<script type=\"application\/ld+json\" class=\"yoast-schema-graph\">{\"@context\":\"https:\\\/\\\/schema.org\",\"@graph\":[{\"@type\":\"WebPage\",\"@id\":\"https:\\\/\\\/bankofnassau.com\\\/es\\\/about\\\/\",\"url\":\"https:\\\/\\\/bankofnassau.com\\\/es\\\/about\\\/\",\"name\":\"Sobre nosotros - Bank of Nassau\",\"isPartOf\":{\"@id\":\"https:\\\/\\\/bankofnassau.com\\\/es\\\/#website\"},\"datePublished\":\"2025-12-16T16:42:00+00:00\",\"dateModified\":\"2026-01-29T21:20:09+00:00\",\"breadcrumb\":{\"@id\":\"https:\\\/\\\/bankofnassau.com\\\/es\\\/about\\\/#breadcrumb\"},\"inLanguage\":\"es\",\"potentialAction\":[{\"@type\":\"ReadAction\",\"target\":[\"https:\\\/\\\/bankofnassau.com\\\/es\\\/about\\\/\"]}]},{\"@type\":\"BreadcrumbList\",\"@id\":\"https:\\\/\\\/bankofnassau.com\\\/es\\\/about\\\/#breadcrumb\",\"itemListElement\":[{\"@type\":\"ListItem\",\"position\":1,\"name\":\"Home\",\"item\":\"https:\\\/\\\/bankofnassau.com\\\/es\\\/\"},{\"@type\":\"ListItem\",\"position\":2,\"name\":\"Sobre nosotros\"}]},{\"@type\":\"WebSite\",\"@id\":\"https:\\\/\\\/bankofnassau.com\\\/es\\\/#website\",\"url\":\"https:\\\/\\\/bankofnassau.com\\\/es\\\/\",\"name\":\"Bank of Nassau\",\"description\":\"\",\"potentialAction\":[{\"@type\":\"SearchAction\",\"target\":{\"@type\":\"EntryPoint\",\"urlTemplate\":\"https:\\\/\\\/bankofnassau.com\\\/es\\\/?s={search_term_string}\"},\"query-input\":{\"@type\":\"PropertyValueSpecification\",\"valueRequired\":true,\"valueName\":\"search_term_string\"}}],\"inLanguage\":\"es\"}]}<\/script>\n<!-- \/ Yoast SEO plugin. -->","yoast_head_json":{"title":"Sobre nosotros - Bank of Nassau","robots":{"index":"index","follow":"follow","max-snippet":"max-snippet:-1","max-image-preview":"max-image-preview:large","max-video-preview":"max-video-preview:-1"},"canonical":"https:\/\/bankofnassau.com\/es\/about\/","og_locale":"es_ES","og_type":"article","og_title":"Sobre nosotros - Bank of Nassau","og_url":"https:\/\/bankofnassau.com\/es\/about\/","og_site_name":"Bank of Nassau","article_modified_time":"2026-01-29T21:20:09+00:00","twitter_card":"summary_large_image","schema":{"@context":"https:\/\/schema.org","@graph":[{"@type":"WebPage","@id":"https:\/\/bankofnassau.com\/es\/about\/","url":"https:\/\/bankofnassau.com\/es\/about\/","name":"Sobre nosotros - Bank of Nassau","isPartOf":{"@id":"https:\/\/bankofnassau.com\/es\/#website"},"datePublished":"2025-12-16T16:42:00+00:00","dateModified":"2026-01-29T21:20:09+00:00","breadcrumb":{"@id":"https:\/\/bankofnassau.com\/es\/about\/#breadcrumb"},"inLanguage":"es","potentialAction":[{"@type":"ReadAction","target":["https:\/\/bankofnassau.com\/es\/about\/"]}]},{"@type":"BreadcrumbList","@id":"https:\/\/bankofnassau.com\/es\/about\/#breadcrumb","itemListElement":[{"@type":"ListItem","position":1,"name":"Home","item":"https:\/\/bankofnassau.com\/es\/"},{"@type":"ListItem","position":2,"name":"Sobre nosotros"}]},{"@type":"WebSite","@id":"https:\/\/bankofnassau.com\/es\/#website","url":"https:\/\/bankofnassau.com\/es\/","name":"Bank of Nassau","description":"","potentialAction":[{"@type":"SearchAction","target":{"@type":"EntryPoint","urlTemplate":"https:\/\/bankofnassau.com\/es\/?s={search_term_string}"},"query-input":{"@type":"PropertyValueSpecification","valueRequired":true,"valueName":"search_term_string"}}],"inLanguage":"es"}]}},"_links":{"self":[{"href":"https:\/\/bankofnassau.com\/es\/wp-json\/wp\/v2\/pages\/313","targetHints":{"allow":["GET"]}}],"collection":[{"href":"https:\/\/bankofnassau.com\/es\/wp-json\/wp\/v2\/pages"}],"about":[{"href":"https:\/\/bankofnassau.com\/es\/wp-json\/wp\/v2\/types\/page"}],"author":[{"embeddable":true,"href":"https:\/\/bankofnassau.com\/es\/wp-json\/wp\/v2\/users\/1"}],"replies":[{"embeddable":true,"href":"https:\/\/bankofnassau.com\/es\/wp-json\/wp\/v2\/comments?post=313"}],"version-history":[{"count":10,"href":"https:\/\/bankofnassau.com\/es\/wp-json\/wp\/v2\/pages\/313\/revisions"}],"predecessor-version":[{"id":3885,"href":"https:\/\/bankofnassau.com\/es\/wp-json\/wp\/v2\/pages\/313\/revisions\/3885"}],"wp:attachment":[{"href":"https:\/\/bankofnassau.com\/es\/wp-json\/wp\/v2\/media?parent=313"}],"curies":[{"name":"wp","href":"https:\/\/api.w.org\/{rel}","templated":true}]}}