{"id":268,"date":"2025-12-16T16:36:56","date_gmt":"2025-12-16T16:36:56","guid":{"rendered":"https:\/\/bankofnassau.com\/what-we-do\/"},"modified":"2026-01-28T18:25:32","modified_gmt":"2026-01-28T18:25:32","slug":"what-we-do","status":"publish","type":"page","link":"https:\/\/bankofnassau.com\/es\/what-we-do\/","title":{"rendered":"Lo que hacemos"},"content":{"rendered":"<section class=\"pagehead\" data-fls-pagehead=\"\" >\n    <div class=\"pagehead__picture\">\n            <picture class=\"el-picture\">\n        <source media=\"(max-width: 374.99px)\"\n                srcset=\"https:\/\/bankofnassau.com\/wp-content\/uploads\/2026\/01\/whatwedo-375x106.webp, https:\/\/bankofnassau.com\/wp-content\/uploads\/2026\/01\/whatwedo-750x212.webp 2x\">\n        <source media=\"(max-width: 767.99px)\"\n                srcset=\"https:\/\/bankofnassau.com\/wp-content\/uploads\/2026\/01\/whatwedo-768x217.webp, https:\/\/bankofnassau.com\/wp-content\/uploads\/2026\/01\/whatwedo-1536x434.webp 2x\">\n        <source media=\"(max-width: 1023.99px)\"\n                srcset=\"https:\/\/bankofnassau.com\/wp-content\/uploads\/2026\/01\/whatwedo-1024x289.webp, https:\/\/bankofnassau.com\/wp-content\/uploads\/2026\/01\/whatwedo-2048x579.webp 2x\">\n        <source media=\"(max-width: 1199.99px)\"\n                srcset=\"https:\/\/bankofnassau.com\/wp-content\/uploads\/2026\/01\/whatwedo-1200x339.webp, https:\/\/bankofnassau.com\/wp-content\/uploads\/2026\/01\/whatwedo-2400x678.webp 2x\">\n        <source media=\"(max-width: 1599.99px)\"\n                srcset=\"https:\/\/bankofnassau.com\/wp-content\/uploads\/2026\/01\/whatwedo-1600x452.webp, https:\/\/bankofnassau.com\/wp-content\/uploads\/2026\/01\/whatwedo-scaled.webp 2x\">\n        <source media=\"(min-width: 1600px)\"\n                srcset=\"https:\/\/bankofnassau.com\/wp-content\/uploads\/2026\/01\/whatwedo-2000x565.webp, https:\/\/bankofnassau.com\/wp-content\/uploads\/2026\/01\/whatwedo-scaled.webp 2x\">\n\n        <img class=\"pagehead__image el-image\"\n             src=\"https:\/\/bankofnassau.com\/wp-content\/uploads\/2026\/01\/whatwedo-1200x339.webp\"\n             alt=\"whatwedo\"\n             width=\"1200\"\n             height=\"339\"\n             loading=\"lazy\"\n             decoding=\"async\">\n    <\/picture>\n\n    <\/div>\n    <div class=\"pagehead__container\">\n        <div class=\"pagehead__body\">\n                            <section data-fls-breadcrumbs=\"\" class=\"breadcrumbs\">\n                    <ul class=\"breadcrumbs__list\">\n                                                    <li class=\"breadcrumbs__item\">\n                                                                <span class=\"--icon-arrow-left-thin left-icon\"><\/span>\n                                                                                                    <a href=\"\/es\/\" class=\"breadcrumbs__item-link\">Inicio<\/a>\n                                                                                                    <span class=\"--icon-arrow-right-thin right-icon\"><\/span>\n                                                            <\/li>\n                                                    <li class=\"breadcrumbs__item\">\n                                                                <span class=\"--icon-arrow-left-thin left-icon\"><\/span>\n                                                                                                    <span class=\"breadcrumbs__item-text\">Lo que hacemos<\/span>\n                                                                                            <\/li>\n                                            <\/ul>\n                <\/section>\n                        <h4 class=\"pagehead__title\">Lo que hacemos<\/h4>\n        <\/div>\n    <\/div>\n<\/section>\n\n\n                        \n    <div class=\"page__container\">\n        <div class=\"mt-64-96 pb-32 text text-899-left-to-first-line\">\n            <h2>Banca privada de precisi\u00f3n y gesti\u00f3n patrimonial alineadas con los objetivos del cliente<\/h2>\n\n        <\/div>\n    <\/div>\n\n\n                        \n    <div class=\"page__container\">\n        <div class=\"pb-32 text text-899-left-to-first-line\">\n            <p>Bank of Nassau ofrece servicios globales de banca privada y gesti\u00f3n patrimonial dise\u00f1ados para preservar, optimizar y posicionar estrat\u00e9gicamente el capital de los clientes. Combinamos una ejecuci\u00f3n meticulosa, aprovechando nuestra profunda perspicacia para atravesar terrenos financieros complejos, proporcionando un acceso eficiente a los mercados financieros globales, precios competitivos e informaci\u00f3n oportuna que respalda la toma de decisiones fundamentadas.<\/p>\n\n        <\/div>\n    <\/div>\n\n\n                        \n    <div class=\"page__container\">\n        <div class=\"pb-32 text text-899-left-to-first-line\">\n            <p>Nuestro enfoque de gesti\u00f3n patrimonial prioriza las necesidades de los clientes: abordamos requerimientos financieros complejos mediante estrategias y estructuras de inversi\u00f3n personalizadas, acceso selectivo al mercado y an\u00e1lisis rigurosos alineados con objetivos individuales y metas a largo plazo.<\/p>\n\n        <\/div>\n    <\/div>\n\n\n                        \n    <div class=\"page__container\">\n        <div class=\"mb-64-120 text text-899-left-to-first-line\">\n            <p>Bank of Nassau se centra en particulares de alto patrimonio neto y oficinas familiares, ofreciendo soluciones a la medida en asignaci\u00f3n de activos, gesti\u00f3n de riesgos y apreciaci\u00f3n de capital a largo plazo. Desde una ejecuci\u00f3n precisa de operaciones, hasta la creaci\u00f3n de veh\u00edculos de inversi\u00f3n individualizados y una asesor\u00eda prospectiva basada en orientaci\u00f3n macroecon\u00f3mica, cada relacionamiento refleja nuestro compromiso con la discreci\u00f3n, la precisi\u00f3n y la excelencia.<\/p>\n\n        <\/div>\n    <\/div>\n\n\n        <div class=\"page__container\">\n        <div class=\"page__services services mb-64-120\">\n                            <section data-fls-service=\"\" class=\"service\">\n                    <div class=\"service__body\">\n                                                    \n    <img class=\"service__image el-image\"\n         src=\"https:\/\/bankofnassau.com\/wp-content\/uploads\/2025\/12\/bank.svg\"\n         alt=\"bank\"\n                              loading=\"lazy\"\n         decoding=\"async\">\n\n                                                                            <h3 class=\"service__title\">Servicios de banca privada<\/h3>\n                                                                            <p class=\"service__text\">Sin importar cu\u00e1n complejo sea su desaf\u00edo financiero, usted cuenta con un equipo con el conocimiento y la experiencia necesarios para resolverlo y ejecutar la soluci\u00f3n de manera oportuna y con la precisi\u00f3n adecuada.<\/p>\n                                            <\/div>\n                                            <div class=\"service__bottom\">\n                            <a data-fls-link=\"\" href=\"\/es\/private-banking-services\" class=\"link link--icon-right\">\n                                <span class=\"--icon-arrow-left link__icon link__icon-left\"><\/span>\n                                <span class=\"link__text\">Saber m\u00e1s<\/span>\n                                <span class=\"--icon-arrow-right link__icon link__icon-right\"><\/span>\n                                <span class=\"--icon-download link__icon link__icon-fdownload\"><\/span>\n                            <\/a>\n                        <\/div>\n                                    <\/section>\n                            <section data-fls-service=\"\" class=\"service\">\n                    <div class=\"service__body\">\n                                                    \n    <img class=\"service__image el-image\"\n         src=\"https:\/\/bankofnassau.com\/wp-content\/uploads\/2025\/12\/global.svg\"\n         alt=\"global\"\n                              loading=\"lazy\"\n         decoding=\"async\">\n\n                                                                            <h3 class=\"service__title\">Acceso a mercados globales<\/h3>\n                                                                            <p class=\"service__text\">Navegue los mercados financieros para invertir a precios en tiempo real con tarifas competitivas y transparentes, servicios de notificaciones personalizadas, garantizando una ejecuci\u00f3n pr\u00e9mium.<\/p>\n                                            <\/div>\n                                            <div class=\"service__bottom\">\n                            <a data-fls-link=\"\" href=\"\/es\/global-markets-access\" class=\"link link--icon-right\">\n                                <span class=\"--icon-arrow-left link__icon link__icon-left\"><\/span>\n                                <span class=\"link__text\">Saber m\u00e1s<\/span>\n                                <span class=\"--icon-arrow-right link__icon link__icon-right\"><\/span>\n                                <span class=\"--icon-download link__icon link__icon-fdownload\"><\/span>\n                            <\/a>\n                        <\/div>\n                                    <\/section>\n                            <section data-fls-service=\"\" class=\"service\">\n                    <div class=\"service__body\">\n                                                    \n    <img class=\"service__image el-image\"\n         src=\"https:\/\/bankofnassau.com\/wp-content\/uploads\/2025\/12\/chart.svg\"\n         alt=\"chart\"\n                              loading=\"lazy\"\n         decoding=\"async\">\n\n                                                                            <h3 class=\"service__title\">Gesti\u00f3n patrimonial<\/h3>\n                                                                            <p class=\"service__text\">Ofrecemos asesor\u00eda personalizada y oportunidades \u00fanicas de inversi\u00f3n para potenciar su estrategia de inversi\u00f3n y su situaci\u00f3n financiera.<\/p>\n                                            <\/div>\n                                            <div class=\"service__bottom\">\n                            <a data-fls-link=\"\" href=\"\/es\/wealth-management\" class=\"link link--icon-right\">\n                                <span class=\"--icon-arrow-left link__icon link__icon-left\"><\/span>\n                                <span class=\"link__text\">Saber m\u00e1s<\/span>\n                                <span class=\"--icon-arrow-right link__icon link__icon-right\"><\/span>\n                                <span class=\"--icon-download link__icon link__icon-fdownload\"><\/span>\n                            <\/a>\n                        <\/div>\n                                    <\/section>\n                    <\/div>\n    <\/div>\n","protected":false},"excerpt":{"rendered":"","protected":false},"author":1,"featured_media":0,"parent":0,"menu_order":0,"comment_status":"closed","ping_status":"closed","template":"","meta":{"_acf_changed":false,"inline_featured_image":false,"footnotes":""},"class_list":["post-268","page","type-page","status-publish","hentry"],"acf":[],"yoast_head":"<!-- This site is optimized with the Yoast SEO plugin v27.4 - https:\/\/yoast.com\/product\/yoast-seo-wordpress\/ -->\n<title>Lo que hacemos - Bank of Nassau<\/title>\n<meta name=\"robots\" content=\"index, follow, max-snippet:-1, max-image-preview:large, max-video-preview:-1\" \/>\n<link rel=\"canonical\" href=\"https:\/\/bankofnassau.com\/es\/what-we-do\/\" \/>\n<meta property=\"og:locale\" content=\"es_ES\" \/>\n<meta property=\"og:type\" content=\"article\" \/>\n<meta property=\"og:title\" content=\"Lo que hacemos - Bank of Nassau\" \/>\n<meta property=\"og:url\" content=\"https:\/\/bankofnassau.com\/es\/what-we-do\/\" \/>\n<meta property=\"og:site_name\" content=\"Bank of Nassau\" \/>\n<meta property=\"article:modified_time\" content=\"2026-01-28T18:25:32+00:00\" \/>\n<meta name=\"twitter:card\" content=\"summary_large_image\" \/>\n<script type=\"application\/ld+json\" class=\"yoast-schema-graph\">{\"@context\":\"https:\\\/\\\/schema.org\",\"@graph\":[{\"@type\":\"WebPage\",\"@id\":\"https:\\\/\\\/bankofnassau.com\\\/es\\\/what-we-do\\\/\",\"url\":\"https:\\\/\\\/bankofnassau.com\\\/es\\\/what-we-do\\\/\",\"name\":\"Lo que hacemos - Bank of Nassau\",\"isPartOf\":{\"@id\":\"https:\\\/\\\/bankofnassau.com\\\/es\\\/#website\"},\"datePublished\":\"2025-12-16T16:36:56+00:00\",\"dateModified\":\"2026-01-28T18:25:32+00:00\",\"breadcrumb\":{\"@id\":\"https:\\\/\\\/bankofnassau.com\\\/es\\\/what-we-do\\\/#breadcrumb\"},\"inLanguage\":\"es\",\"potentialAction\":[{\"@type\":\"ReadAction\",\"target\":[\"https:\\\/\\\/bankofnassau.com\\\/es\\\/what-we-do\\\/\"]}]},{\"@type\":\"BreadcrumbList\",\"@id\":\"https:\\\/\\\/bankofnassau.com\\\/es\\\/what-we-do\\\/#breadcrumb\",\"itemListElement\":[{\"@type\":\"ListItem\",\"position\":1,\"name\":\"Home\",\"item\":\"https:\\\/\\\/bankofnassau.com\\\/es\\\/\"},{\"@type\":\"ListItem\",\"position\":2,\"name\":\"Lo que hacemos\"}]},{\"@type\":\"WebSite\",\"@id\":\"https:\\\/\\\/bankofnassau.com\\\/es\\\/#website\",\"url\":\"https:\\\/\\\/bankofnassau.com\\\/es\\\/\",\"name\":\"Bank of Nassau\",\"description\":\"\",\"potentialAction\":[{\"@type\":\"SearchAction\",\"target\":{\"@type\":\"EntryPoint\",\"urlTemplate\":\"https:\\\/\\\/bankofnassau.com\\\/es\\\/?s={search_term_string}\"},\"query-input\":{\"@type\":\"PropertyValueSpecification\",\"valueRequired\":true,\"valueName\":\"search_term_string\"}}],\"inLanguage\":\"es\"}]}<\/script>\n<!-- \/ Yoast SEO plugin. -->","yoast_head_json":{"title":"Lo que hacemos - Bank of Nassau","robots":{"index":"index","follow":"follow","max-snippet":"max-snippet:-1","max-image-preview":"max-image-preview:large","max-video-preview":"max-video-preview:-1"},"canonical":"https:\/\/bankofnassau.com\/es\/what-we-do\/","og_locale":"es_ES","og_type":"article","og_title":"Lo que hacemos - Bank of Nassau","og_url":"https:\/\/bankofnassau.com\/es\/what-we-do\/","og_site_name":"Bank of Nassau","article_modified_time":"2026-01-28T18:25:32+00:00","twitter_card":"summary_large_image","schema":{"@context":"https:\/\/schema.org","@graph":[{"@type":"WebPage","@id":"https:\/\/bankofnassau.com\/es\/what-we-do\/","url":"https:\/\/bankofnassau.com\/es\/what-we-do\/","name":"Lo que hacemos - Bank of Nassau","isPartOf":{"@id":"https:\/\/bankofnassau.com\/es\/#website"},"datePublished":"2025-12-16T16:36:56+00:00","dateModified":"2026-01-28T18:25:32+00:00","breadcrumb":{"@id":"https:\/\/bankofnassau.com\/es\/what-we-do\/#breadcrumb"},"inLanguage":"es","potentialAction":[{"@type":"ReadAction","target":["https:\/\/bankofnassau.com\/es\/what-we-do\/"]}]},{"@type":"BreadcrumbList","@id":"https:\/\/bankofnassau.com\/es\/what-we-do\/#breadcrumb","itemListElement":[{"@type":"ListItem","position":1,"name":"Home","item":"https:\/\/bankofnassau.com\/es\/"},{"@type":"ListItem","position":2,"name":"Lo que hacemos"}]},{"@type":"WebSite","@id":"https:\/\/bankofnassau.com\/es\/#website","url":"https:\/\/bankofnassau.com\/es\/","name":"Bank of Nassau","description":"","potentialAction":[{"@type":"SearchAction","target":{"@type":"EntryPoint","urlTemplate":"https:\/\/bankofnassau.com\/es\/?s={search_term_string}"},"query-input":{"@type":"PropertyValueSpecification","valueRequired":true,"valueName":"search_term_string"}}],"inLanguage":"es"}]}},"_links":{"self":[{"href":"https:\/\/bankofnassau.com\/es\/wp-json\/wp\/v2\/pages\/268","targetHints":{"allow":["GET"]}}],"collection":[{"href":"https:\/\/bankofnassau.com\/es\/wp-json\/wp\/v2\/pages"}],"about":[{"href":"https:\/\/bankofnassau.com\/es\/wp-json\/wp\/v2\/types\/page"}],"author":[{"embeddable":true,"href":"https:\/\/bankofnassau.com\/es\/wp-json\/wp\/v2\/users\/1"}],"replies":[{"embeddable":true,"href":"https:\/\/bankofnassau.com\/es\/wp-json\/wp\/v2\/comments?post=268"}],"version-history":[{"count":11,"href":"https:\/\/bankofnassau.com\/es\/wp-json\/wp\/v2\/pages\/268\/revisions"}],"predecessor-version":[{"id":3854,"href":"https:\/\/bankofnassau.com\/es\/wp-json\/wp\/v2\/pages\/268\/revisions\/3854"}],"wp:attachment":[{"href":"https:\/\/bankofnassau.com\/es\/wp-json\/wp\/v2\/media?parent=268"}],"curies":[{"name":"wp","href":"https:\/\/api.w.org\/{rel}","templated":true}]}}