{"id":2605,"date":"2025-12-31T10:53:51","date_gmt":"2025-12-31T10:53:51","guid":{"rendered":"https:\/\/bankofnassau.com\/global-markets-access\/"},"modified":"2026-01-28T15:45:20","modified_gmt":"2026-01-28T15:45:20","slug":"global-markets-access","status":"publish","type":"page","link":"https:\/\/bankofnassau.com\/es\/global-markets-access\/","title":{"rendered":"Acceso a mercados globales"},"content":{"rendered":"<section class=\"pagehead\" data-fls-pagehead=\"\" style=\"background: #a68e78;\">\n    <div class=\"pagehead__picture\">\n            <picture class=\"el-picture\">\n        <source media=\"(max-width: 374.99px)\"\n                srcset=\"https:\/\/bankofnassau.com\/wp-content\/uploads\/2026\/01\/data_privacy-375x106.webp, https:\/\/bankofnassau.com\/wp-content\/uploads\/2026\/01\/data_privacy-750x212.webp 2x\">\n        <source media=\"(max-width: 767.99px)\"\n                srcset=\"https:\/\/bankofnassau.com\/wp-content\/uploads\/2026\/01\/data_privacy-768x217.webp, https:\/\/bankofnassau.com\/wp-content\/uploads\/2026\/01\/data_privacy-1536x434.webp 2x\">\n        <source media=\"(max-width: 1023.99px)\"\n                srcset=\"https:\/\/bankofnassau.com\/wp-content\/uploads\/2026\/01\/data_privacy-1024x289.webp, https:\/\/bankofnassau.com\/wp-content\/uploads\/2026\/01\/data_privacy-2048x579.webp 2x\">\n        <source media=\"(max-width: 1199.99px)\"\n                srcset=\"https:\/\/bankofnassau.com\/wp-content\/uploads\/2026\/01\/data_privacy-1200x339.webp, https:\/\/bankofnassau.com\/wp-content\/uploads\/2026\/01\/data_privacy-2400x678.webp 2x\">\n        <source media=\"(max-width: 1599.99px)\"\n                srcset=\"https:\/\/bankofnassau.com\/wp-content\/uploads\/2026\/01\/data_privacy-1600x452.webp, https:\/\/bankofnassau.com\/wp-content\/uploads\/2026\/01\/data_privacy-scaled.webp 2x\">\n        <source media=\"(min-width: 1600px)\"\n                srcset=\"https:\/\/bankofnassau.com\/wp-content\/uploads\/2026\/01\/data_privacy-2000x565.webp, https:\/\/bankofnassau.com\/wp-content\/uploads\/2026\/01\/data_privacy-scaled.webp 2x\">\n\n        <img class=\"pagehead__image el-image\"\n             src=\"https:\/\/bankofnassau.com\/wp-content\/uploads\/2026\/01\/data_privacy-1200x339.webp\"\n             alt=\"data_privacy\"\n             width=\"1200\"\n             height=\"339\"\n             loading=\"lazy\"\n             decoding=\"async\">\n    <\/picture>\n\n    <\/div>\n    <div class=\"pagehead__container\">\n        <div class=\"pagehead__body\">\n                            <section data-fls-breadcrumbs=\"\" class=\"breadcrumbs\">\n                    <ul class=\"breadcrumbs__list\">\n                                                    <li class=\"breadcrumbs__item\">\n                                                                <span class=\"--icon-arrow-left-thin left-icon\"><\/span>\n                                                                                                    <a href=\"\/es\/\" class=\"breadcrumbs__item-link\">Inicio<\/a>\n                                                                                                    <span class=\"--icon-arrow-right-thin right-icon\"><\/span>\n                                                            <\/li>\n                                                    <li class=\"breadcrumbs__item\">\n                                                                <span class=\"--icon-arrow-left-thin left-icon\"><\/span>\n                                                                                                    <span class=\"breadcrumbs__item-text\">Acceso a mercados globales<\/span>\n                                                                                            <\/li>\n                                            <\/ul>\n                <\/section>\n                        <h4 class=\"pagehead__title\">Acceso a mercados globales<\/h4>\n        <\/div>\n    <\/div>\n<\/section>\n\n\n                        \n    <div class=\"page__container\">\n        <div class=\"mt-64-96 pb-32 text text-899-left-to-first-line\">\n            <h2><span data-sheets-root=\"1\">Acceso rentable a los mercados globales para clientes privados<\/span><\/h2>\n\n        <\/div>\n    <\/div>\n\n\n                        \n    <div class=\"page__container\">\n        <div class=\"mb-40 text text-899-left-to-first-line\">\n            <p>Ofrecemos a nuestros clientes de banca privada un acceso confiable a los mercados financieros globales, respaldando una ejecuci\u00f3n eficiente de las inversiones a precios en tiempo real con bajas comisiones.<\/p>\n\n        <\/div>\n    <\/div>\n\n\n                        \n    <div class=\"page__container\">\n        <div class=\"mb-24 text text-899-left-to-first-line\">\n            <p>Las caracter\u00edsticas clave incluyen:<\/p>\n\n        <\/div>\n    <\/div>\n\n\n                        \n    <div class=\"page__container\">\n        <div class=\"mb-24 text text-899-left-to-first-line\">\n            <h3>Trading con bajas comisiones<\/h3>\n<p>Costos de ejecuci\u00f3n competitivos en una amplia gama de clases de activos, incluyendo renta variable, renta fija, ETFs y derivados seleccionados, ayudando a mantener un posicionamiento de portafolio rentable y eficiente.<\/p>\n\n        <\/div>\n    <\/div>\n\n\n                        \n    <div class=\"page__container\">\n        <div class=\"mb-24 text text-899-left-to-first-line\">\n            <h3>Precios y ejecuci\u00f3n en tiempo real<\/h3>\n<p>Datos de mercado en vivo y r\u00e1pida ejecuci\u00f3n de \u00f3rdenes a trav\u00e9s de plataformas de trading consolidadas, proporcionando una calidad de ejecuci\u00f3n alineada con est\u00e1ndares institucionales.<\/p>\n\n        <\/div>\n    <\/div>\n\n\n                        \n    <div class=\"page__container\">\n        <div class=\"mb-24 text text-899-left-to-first-line\">\n            <h3>Notificaciones de mercado personalizadas<\/h3>\n<p>Alertas y perspectivas a la medida basadas en las tenencias de su portafolio, listas de seguimiento y criterios de inversi\u00f3n, proporcionando actualizaciones oportunas sobre movimientos de precios, acciones corporativas y eventos de mercado para apoyar una toma de decisiones informada.<\/p>\n\n        <\/div>\n    <\/div>\n\n\n                        \n    <div class=\"page__container\">\n        <div class=\"mb-40 text text-899-left-to-first-line\">\n            <h3>Amplia cobertura de mercado<\/h3>\n<p>Acceso a las principales bolsas internacionales y mercados extraburs\u00e1tiles, permitiendo una exposici\u00f3n diversificada por geograf\u00edas y tipos de activos a trav\u00e9s de una \u00fanica estructura de cuenta consolidada.<\/p>\n\n        <\/div>\n    <\/div>\n\n\n                        \n    <div class=\"page__container\">\n        <div class=\"mb-48-96 text text-899-left-to-first-line\">\n            <p>Este servicio est\u00e1 dise\u00f1ado para clientes sofisticados que buscan un acceso pr\u00e1ctico, transparente y \u00e1gil a los mercados globales de capital dentro de una relaci\u00f3n de banca privada de confianza.<\/p>\n\n        <\/div>\n    <\/div>\n\n\n<section data-fls-calltoaction=\"\" class=\"calltoaction mb-64-120\">\n    <div class=\"calltoaction__container\">\n        <div class=\"calltoaction__content\">\n                            <h3 class=\"announcement__text\">Converse sobre sus necesidades de inversi\u00f3n con un miembro de nuestro equipo<\/h3>\n                                                            <a data-fls-button=\"\" href=\"\/es\/contactenos\/\" class=\"announcement__button button\">Cont\u00e1ctenos<\/a>\n                                    <\/div>\n    <\/div>\n<\/section>","protected":false},"excerpt":{"rendered":"","protected":false},"author":1,"featured_media":0,"parent":0,"menu_order":0,"comment_status":"closed","ping_status":"closed","template":"","meta":{"_acf_changed":false,"inline_featured_image":false,"footnotes":""},"class_list":["post-2605","page","type-page","status-publish","hentry"],"acf":[],"yoast_head":"<!-- This site is optimized with the Yoast SEO plugin v27.4 - https:\/\/yoast.com\/product\/yoast-seo-wordpress\/ -->\n<title>Acceso a mercados globales - Bank of Nassau<\/title>\n<meta name=\"robots\" content=\"index, follow, max-snippet:-1, max-image-preview:large, max-video-preview:-1\" \/>\n<link rel=\"canonical\" href=\"https:\/\/bankofnassau.com\/es\/global-markets-access\/\" \/>\n<meta property=\"og:locale\" content=\"es_ES\" \/>\n<meta property=\"og:type\" content=\"article\" \/>\n<meta property=\"og:title\" content=\"Acceso a mercados globales - Bank of Nassau\" \/>\n<meta property=\"og:url\" content=\"https:\/\/bankofnassau.com\/es\/global-markets-access\/\" \/>\n<meta property=\"og:site_name\" content=\"Bank of Nassau\" \/>\n<meta property=\"article:modified_time\" content=\"2026-01-28T15:45:20+00:00\" \/>\n<meta name=\"twitter:card\" content=\"summary_large_image\" \/>\n<script type=\"application\/ld+json\" class=\"yoast-schema-graph\">{\"@context\":\"https:\\\/\\\/schema.org\",\"@graph\":[{\"@type\":\"WebPage\",\"@id\":\"https:\\\/\\\/bankofnassau.com\\\/es\\\/global-markets-access\\\/\",\"url\":\"https:\\\/\\\/bankofnassau.com\\\/es\\\/global-markets-access\\\/\",\"name\":\"Acceso a mercados globales - Bank of Nassau\",\"isPartOf\":{\"@id\":\"https:\\\/\\\/bankofnassau.com\\\/es\\\/#website\"},\"datePublished\":\"2025-12-31T10:53:51+00:00\",\"dateModified\":\"2026-01-28T15:45:20+00:00\",\"breadcrumb\":{\"@id\":\"https:\\\/\\\/bankofnassau.com\\\/es\\\/global-markets-access\\\/#breadcrumb\"},\"inLanguage\":\"es\",\"potentialAction\":[{\"@type\":\"ReadAction\",\"target\":[\"https:\\\/\\\/bankofnassau.com\\\/es\\\/global-markets-access\\\/\"]}]},{\"@type\":\"BreadcrumbList\",\"@id\":\"https:\\\/\\\/bankofnassau.com\\\/es\\\/global-markets-access\\\/#breadcrumb\",\"itemListElement\":[{\"@type\":\"ListItem\",\"position\":1,\"name\":\"Home\",\"item\":\"https:\\\/\\\/bankofnassau.com\\\/es\\\/\"},{\"@type\":\"ListItem\",\"position\":2,\"name\":\"Global Markets Access\"}]},{\"@type\":\"WebSite\",\"@id\":\"https:\\\/\\\/bankofnassau.com\\\/es\\\/#website\",\"url\":\"https:\\\/\\\/bankofnassau.com\\\/es\\\/\",\"name\":\"Bank of Nassau\",\"description\":\"\",\"potentialAction\":[{\"@type\":\"SearchAction\",\"target\":{\"@type\":\"EntryPoint\",\"urlTemplate\":\"https:\\\/\\\/bankofnassau.com\\\/es\\\/?s={search_term_string}\"},\"query-input\":{\"@type\":\"PropertyValueSpecification\",\"valueRequired\":true,\"valueName\":\"search_term_string\"}}],\"inLanguage\":\"es\"}]}<\/script>\n<!-- \/ Yoast SEO plugin. -->","yoast_head_json":{"title":"Acceso a mercados globales - Bank of Nassau","robots":{"index":"index","follow":"follow","max-snippet":"max-snippet:-1","max-image-preview":"max-image-preview:large","max-video-preview":"max-video-preview:-1"},"canonical":"https:\/\/bankofnassau.com\/es\/global-markets-access\/","og_locale":"es_ES","og_type":"article","og_title":"Acceso a mercados globales - Bank of Nassau","og_url":"https:\/\/bankofnassau.com\/es\/global-markets-access\/","og_site_name":"Bank of Nassau","article_modified_time":"2026-01-28T15:45:20+00:00","twitter_card":"summary_large_image","schema":{"@context":"https:\/\/schema.org","@graph":[{"@type":"WebPage","@id":"https:\/\/bankofnassau.com\/es\/global-markets-access\/","url":"https:\/\/bankofnassau.com\/es\/global-markets-access\/","name":"Acceso a mercados globales - Bank of Nassau","isPartOf":{"@id":"https:\/\/bankofnassau.com\/es\/#website"},"datePublished":"2025-12-31T10:53:51+00:00","dateModified":"2026-01-28T15:45:20+00:00","breadcrumb":{"@id":"https:\/\/bankofnassau.com\/es\/global-markets-access\/#breadcrumb"},"inLanguage":"es","potentialAction":[{"@type":"ReadAction","target":["https:\/\/bankofnassau.com\/es\/global-markets-access\/"]}]},{"@type":"BreadcrumbList","@id":"https:\/\/bankofnassau.com\/es\/global-markets-access\/#breadcrumb","itemListElement":[{"@type":"ListItem","position":1,"name":"Home","item":"https:\/\/bankofnassau.com\/es\/"},{"@type":"ListItem","position":2,"name":"Global Markets Access"}]},{"@type":"WebSite","@id":"https:\/\/bankofnassau.com\/es\/#website","url":"https:\/\/bankofnassau.com\/es\/","name":"Bank of Nassau","description":"","potentialAction":[{"@type":"SearchAction","target":{"@type":"EntryPoint","urlTemplate":"https:\/\/bankofnassau.com\/es\/?s={search_term_string}"},"query-input":{"@type":"PropertyValueSpecification","valueRequired":true,"valueName":"search_term_string"}}],"inLanguage":"es"}]}},"_links":{"self":[{"href":"https:\/\/bankofnassau.com\/es\/wp-json\/wp\/v2\/pages\/2605","targetHints":{"allow":["GET"]}}],"collection":[{"href":"https:\/\/bankofnassau.com\/es\/wp-json\/wp\/v2\/pages"}],"about":[{"href":"https:\/\/bankofnassau.com\/es\/wp-json\/wp\/v2\/types\/page"}],"author":[{"embeddable":true,"href":"https:\/\/bankofnassau.com\/es\/wp-json\/wp\/v2\/users\/1"}],"replies":[{"embeddable":true,"href":"https:\/\/bankofnassau.com\/es\/wp-json\/wp\/v2\/comments?post=2605"}],"version-history":[{"count":5,"href":"https:\/\/bankofnassau.com\/es\/wp-json\/wp\/v2\/pages\/2605\/revisions"}],"predecessor-version":[{"id":3820,"href":"https:\/\/bankofnassau.com\/es\/wp-json\/wp\/v2\/pages\/2605\/revisions\/3820"}],"wp:attachment":[{"href":"https:\/\/bankofnassau.com\/es\/wp-json\/wp\/v2\/media?parent=2605"}],"curies":[{"name":"wp","href":"https:\/\/api.w.org\/{rel}","templated":true}]}}