{"id":2593,"date":"2025-12-31T10:50:55","date_gmt":"2025-12-31T10:50:55","guid":{"rendered":"https:\/\/bankofnassau.com\/wealth-management\/"},"modified":"2026-01-29T21:21:50","modified_gmt":"2026-01-29T21:21:50","slug":"wealth-management","status":"publish","type":"page","link":"https:\/\/bankofnassau.com\/es\/wealth-management\/","title":{"rendered":"Gesti\u00f3n patrimonial"},"content":{"rendered":"<section class=\"pagehead\" data-fls-pagehead=\"\" style=\"background: #a68e78;\">\n    <div class=\"pagehead__picture\">\n            <picture class=\"el-picture\">\n        <source media=\"(max-width: 374.99px)\"\n                srcset=\"https:\/\/bankofnassau.com\/wp-content\/uploads\/2026\/01\/data_privacy-375x106.webp, https:\/\/bankofnassau.com\/wp-content\/uploads\/2026\/01\/data_privacy-750x212.webp 2x\">\n        <source media=\"(max-width: 767.99px)\"\n                srcset=\"https:\/\/bankofnassau.com\/wp-content\/uploads\/2026\/01\/data_privacy-768x217.webp, https:\/\/bankofnassau.com\/wp-content\/uploads\/2026\/01\/data_privacy-1536x434.webp 2x\">\n        <source media=\"(max-width: 1023.99px)\"\n                srcset=\"https:\/\/bankofnassau.com\/wp-content\/uploads\/2026\/01\/data_privacy-1024x289.webp, https:\/\/bankofnassau.com\/wp-content\/uploads\/2026\/01\/data_privacy-2048x579.webp 2x\">\n        <source media=\"(max-width: 1199.99px)\"\n                srcset=\"https:\/\/bankofnassau.com\/wp-content\/uploads\/2026\/01\/data_privacy-1200x339.webp, https:\/\/bankofnassau.com\/wp-content\/uploads\/2026\/01\/data_privacy-2400x678.webp 2x\">\n        <source media=\"(max-width: 1599.99px)\"\n                srcset=\"https:\/\/bankofnassau.com\/wp-content\/uploads\/2026\/01\/data_privacy-1600x452.webp, https:\/\/bankofnassau.com\/wp-content\/uploads\/2026\/01\/data_privacy-scaled.webp 2x\">\n        <source media=\"(min-width: 1600px)\"\n                srcset=\"https:\/\/bankofnassau.com\/wp-content\/uploads\/2026\/01\/data_privacy-2000x565.webp, https:\/\/bankofnassau.com\/wp-content\/uploads\/2026\/01\/data_privacy-scaled.webp 2x\">\n\n        <img class=\"pagehead__image el-image\"\n             src=\"https:\/\/bankofnassau.com\/wp-content\/uploads\/2026\/01\/data_privacy-1200x339.webp\"\n             alt=\"data_privacy\"\n             width=\"1200\"\n             height=\"339\"\n             loading=\"lazy\"\n             decoding=\"async\">\n    <\/picture>\n\n    <\/div>\n    <div class=\"pagehead__container\">\n        <div class=\"pagehead__body\">\n                            <section data-fls-breadcrumbs=\"\" class=\"breadcrumbs\">\n                    <ul class=\"breadcrumbs__list\">\n                                                    <li class=\"breadcrumbs__item\">\n                                                                <span class=\"--icon-arrow-left-thin left-icon\"><\/span>\n                                                                                                    <a href=\"\/es\/\" class=\"breadcrumbs__item-link\">Inicio<\/a>\n                                                                                                    <span class=\"--icon-arrow-right-thin right-icon\"><\/span>\n                                                            <\/li>\n                                                    <li class=\"breadcrumbs__item\">\n                                                                <span class=\"--icon-arrow-left-thin left-icon\"><\/span>\n                                                                                                    <span class=\"breadcrumbs__item-text\">Gesti\u00f3n patrimonial<\/span>\n                                                                                            <\/li>\n                                            <\/ul>\n                <\/section>\n                        <h4 class=\"pagehead__title\">Gesti\u00f3n patrimonial<\/h4>\n        <\/div>\n    <\/div>\n<\/section>\n\n\n                        \n    <div class=\"page__container\">\n        <div class=\"mt-64-96 pb-32 text text-899-left-to-first-line\">\n            <h2><span data-sheets-root=\"1\">Gesti\u00f3n patrimonial informada para clientes independientes<\/span><\/h2>\n\n        <\/div>\n    <\/div>\n\n\n                        \n    <div class=\"page__container\">\n        <div class=\"mb-40 text text-899-left-to-first-line\">\n            <p>Apoyamos a clientes sofisticados que valoran la autonom\u00eda con investigaciones de inversi\u00f3n propias y de alta calidad, proporcionadas de manera constante, ayudando a tomar decisiones seguras y autogestionadas, alineadas con sus objetivos patrimoniales personales.<\/p>\n\n        <\/div>\n    <\/div>\n\n\n                        \n    <div class=\"page__container\">\n        <div class=\"mb-40 text text-899-left-to-first-line\">\n            <h3>Investigaci\u00f3n propia semanal<\/h3>\n<p>An\u00e1lisis regular e interno de los mercados financieros y econom\u00edas globales, desempe\u00f1o de la renta variable, tendencias sectoriales y oportunidades de inversi\u00f3n espec\u00edficas, seleccionado para complementar su estrategia de portafolio y perfil de riesgo.<\/p>\n\n        <\/div>\n    <\/div>\n\n\n                        \n    <div class=\"page__container\">\n        <div class=\"mb-40 text text-899-left-to-first-line\">\n            <h3>Ejecuci\u00f3n dirigida por el cliente<\/h3>\n<p>Usted revisa las perspectivas e ideas de inversi\u00f3n proporcionadas y selecciona e instruye al Banco de manera independiente sobre las transacciones, manteniendo el control total sobre sus inversiones.<\/p>\n\n        <\/div>\n    <\/div>\n\n\n                        \n    <div class=\"page__container\">\n        <div class=\"mb-40 text text-899-left-to-first-line\">\n            <h3>Dedicado a gestores de activos externos<\/h3>\n<p>Los intermediarios financieros independientes comprenden la profunda responsabilidad que conlleva la gesti\u00f3n de patrimonio. En Bank of Nassau, estamos dedicados a apoyarle a usted y a sus clientes con acceso directo a nuestro equipo de especialistas con amplia experiencia.<\/p>\n<p>Estamos comprometidos a proporcionar soluciones a la medida que permitan que su negocio prospere. Nuestra tecnolog\u00eda de \u00faltima generaci\u00f3n garantiza conectividad fluida y ejecuci\u00f3n dirigida, mientras que nuestro enfoque proactivo de cumplimiento regulatorio le permite anticiparse a los cambios. Esto le permite dedicar su tiempo y recursos a lo que m\u00e1s importa: servir a sus clientes y hacer crecer su actividad.<\/p>\n\n        <\/div>\n    <\/div>\n\n\n                        \n    <div class=\"page__container\">\n        <div class=\"mb-40 text text-899-left-to-first-line\">\n            <h3>Entrega exclusiva y oportuna dedicada a gestores de activos externos<\/h3>\n<p>Investigaci\u00f3n distribuida de manera r\u00e1pida y exclusiva a nuestros clientes, brind\u00e1ndole una ventaja informativa significativa en condiciones de mercado din\u00e1micas.<\/p>\n\n        <\/div>\n    <\/div>\n\n\n                        \n    <div class=\"page__container\">\n        <div class=\"mb-48-96 text text-899-left-to-first-line\">\n            <p>Los servicios de gesti\u00f3n patrimonial est\u00e1n dise\u00f1ados para inversionistas experimentados que valoran la investigaci\u00f3n de nivel institucional, manteniendo plena autoridad de decisi\u00f3n sobre su patrimonio.<\/p>\n\n        <\/div>\n    <\/div>\n\n\n<section data-fls-calltoaction=\"\" class=\"calltoaction mb-64-120\">\n    <div class=\"calltoaction__container\">\n        <div class=\"calltoaction__content\">\n                            <h3 class=\"announcement__text\">Converse sobre sus necesidades de gesti\u00f3n patrimonial con un miembro de nuestro equipo<\/h3>\n                                                            <a data-fls-button=\"\" href=\"\/es\/contactenos\/\" class=\"announcement__button button\">Cont\u00e1ctenos<\/a>\n                                    <\/div>\n    <\/div>\n<\/section>","protected":false},"excerpt":{"rendered":"","protected":false},"author":1,"featured_media":0,"parent":0,"menu_order":0,"comment_status":"closed","ping_status":"closed","template":"","meta":{"_acf_changed":false,"inline_featured_image":false,"footnotes":""},"class_list":["post-2593","page","type-page","status-publish","hentry"],"acf":[],"yoast_head":"<!-- This site is optimized with the Yoast SEO plugin v27.4 - https:\/\/yoast.com\/product\/yoast-seo-wordpress\/ -->\n<title>Gesti\u00f3n patrimonial - Bank of Nassau<\/title>\n<meta name=\"robots\" content=\"index, follow, max-snippet:-1, max-image-preview:large, max-video-preview:-1\" \/>\n<link rel=\"canonical\" href=\"https:\/\/bankofnassau.com\/es\/wealth-management\/\" \/>\n<meta property=\"og:locale\" content=\"es_ES\" \/>\n<meta property=\"og:type\" content=\"article\" \/>\n<meta property=\"og:title\" content=\"Gesti\u00f3n patrimonial - Bank of Nassau\" \/>\n<meta property=\"og:url\" content=\"https:\/\/bankofnassau.com\/es\/wealth-management\/\" \/>\n<meta property=\"og:site_name\" content=\"Bank of Nassau\" \/>\n<meta property=\"article:modified_time\" content=\"2026-01-29T21:21:50+00:00\" \/>\n<meta name=\"twitter:card\" content=\"summary_large_image\" \/>\n<script type=\"application\/ld+json\" class=\"yoast-schema-graph\">{\"@context\":\"https:\\\/\\\/schema.org\",\"@graph\":[{\"@type\":\"WebPage\",\"@id\":\"https:\\\/\\\/bankofnassau.com\\\/es\\\/wealth-management\\\/\",\"url\":\"https:\\\/\\\/bankofnassau.com\\\/es\\\/wealth-management\\\/\",\"name\":\"Gesti\u00f3n patrimonial - Bank of Nassau\",\"isPartOf\":{\"@id\":\"https:\\\/\\\/bankofnassau.com\\\/es\\\/#website\"},\"datePublished\":\"2025-12-31T10:50:55+00:00\",\"dateModified\":\"2026-01-29T21:21:50+00:00\",\"breadcrumb\":{\"@id\":\"https:\\\/\\\/bankofnassau.com\\\/es\\\/wealth-management\\\/#breadcrumb\"},\"inLanguage\":\"es\",\"potentialAction\":[{\"@type\":\"ReadAction\",\"target\":[\"https:\\\/\\\/bankofnassau.com\\\/es\\\/wealth-management\\\/\"]}]},{\"@type\":\"BreadcrumbList\",\"@id\":\"https:\\\/\\\/bankofnassau.com\\\/es\\\/wealth-management\\\/#breadcrumb\",\"itemListElement\":[{\"@type\":\"ListItem\",\"position\":1,\"name\":\"Home\",\"item\":\"https:\\\/\\\/bankofnassau.com\\\/es\\\/\"},{\"@type\":\"ListItem\",\"position\":2,\"name\":\"Gesti\u00f3n patrimonial\"}]},{\"@type\":\"WebSite\",\"@id\":\"https:\\\/\\\/bankofnassau.com\\\/es\\\/#website\",\"url\":\"https:\\\/\\\/bankofnassau.com\\\/es\\\/\",\"name\":\"Bank of Nassau\",\"description\":\"\",\"potentialAction\":[{\"@type\":\"SearchAction\",\"target\":{\"@type\":\"EntryPoint\",\"urlTemplate\":\"https:\\\/\\\/bankofnassau.com\\\/es\\\/?s={search_term_string}\"},\"query-input\":{\"@type\":\"PropertyValueSpecification\",\"valueRequired\":true,\"valueName\":\"search_term_string\"}}],\"inLanguage\":\"es\"}]}<\/script>\n<!-- \/ Yoast SEO plugin. -->","yoast_head_json":{"title":"Gesti\u00f3n patrimonial - Bank of Nassau","robots":{"index":"index","follow":"follow","max-snippet":"max-snippet:-1","max-image-preview":"max-image-preview:large","max-video-preview":"max-video-preview:-1"},"canonical":"https:\/\/bankofnassau.com\/es\/wealth-management\/","og_locale":"es_ES","og_type":"article","og_title":"Gesti\u00f3n patrimonial - Bank of Nassau","og_url":"https:\/\/bankofnassau.com\/es\/wealth-management\/","og_site_name":"Bank of Nassau","article_modified_time":"2026-01-29T21:21:50+00:00","twitter_card":"summary_large_image","schema":{"@context":"https:\/\/schema.org","@graph":[{"@type":"WebPage","@id":"https:\/\/bankofnassau.com\/es\/wealth-management\/","url":"https:\/\/bankofnassau.com\/es\/wealth-management\/","name":"Gesti\u00f3n patrimonial - Bank of Nassau","isPartOf":{"@id":"https:\/\/bankofnassau.com\/es\/#website"},"datePublished":"2025-12-31T10:50:55+00:00","dateModified":"2026-01-29T21:21:50+00:00","breadcrumb":{"@id":"https:\/\/bankofnassau.com\/es\/wealth-management\/#breadcrumb"},"inLanguage":"es","potentialAction":[{"@type":"ReadAction","target":["https:\/\/bankofnassau.com\/es\/wealth-management\/"]}]},{"@type":"BreadcrumbList","@id":"https:\/\/bankofnassau.com\/es\/wealth-management\/#breadcrumb","itemListElement":[{"@type":"ListItem","position":1,"name":"Home","item":"https:\/\/bankofnassau.com\/es\/"},{"@type":"ListItem","position":2,"name":"Gesti\u00f3n patrimonial"}]},{"@type":"WebSite","@id":"https:\/\/bankofnassau.com\/es\/#website","url":"https:\/\/bankofnassau.com\/es\/","name":"Bank of Nassau","description":"","potentialAction":[{"@type":"SearchAction","target":{"@type":"EntryPoint","urlTemplate":"https:\/\/bankofnassau.com\/es\/?s={search_term_string}"},"query-input":{"@type":"PropertyValueSpecification","valueRequired":true,"valueName":"search_term_string"}}],"inLanguage":"es"}]}},"_links":{"self":[{"href":"https:\/\/bankofnassau.com\/es\/wp-json\/wp\/v2\/pages\/2593","targetHints":{"allow":["GET"]}}],"collection":[{"href":"https:\/\/bankofnassau.com\/es\/wp-json\/wp\/v2\/pages"}],"about":[{"href":"https:\/\/bankofnassau.com\/es\/wp-json\/wp\/v2\/types\/page"}],"author":[{"embeddable":true,"href":"https:\/\/bankofnassau.com\/es\/wp-json\/wp\/v2\/users\/1"}],"replies":[{"embeddable":true,"href":"https:\/\/bankofnassau.com\/es\/wp-json\/wp\/v2\/comments?post=2593"}],"version-history":[{"count":7,"href":"https:\/\/bankofnassau.com\/es\/wp-json\/wp\/v2\/pages\/2593\/revisions"}],"predecessor-version":[{"id":3887,"href":"https:\/\/bankofnassau.com\/es\/wp-json\/wp\/v2\/pages\/2593\/revisions\/3887"}],"wp:attachment":[{"href":"https:\/\/bankofnassau.com\/es\/wp-json\/wp\/v2\/media?parent=2593"}],"curies":[{"name":"wp","href":"https:\/\/api.w.org\/{rel}","templated":true}]}}