{"id":253,"date":"2025-12-16T16:31:52","date_gmt":"2025-12-16T16:31:52","guid":{"rendered":"https:\/\/bankofnassau.com\/administracion\/"},"modified":"2026-01-28T19:57:30","modified_gmt":"2026-01-28T19:57:30","slug":"management","status":"publish","type":"page","link":"https:\/\/bankofnassau.com\/es\/management\/","title":{"rendered":"Direcci\u00f3n"},"content":{"rendered":"<section class=\"pagehead\" data-fls-pagehead=\"\" >\n    <div class=\"pagehead__picture\">\n            <picture class=\"el-picture\">\n        <source media=\"(max-width: 374.99px)\"\n                srcset=\"https:\/\/bankofnassau.com\/wp-content\/uploads\/2026\/01\/about_us_history_management-1-375x106.webp, https:\/\/bankofnassau.com\/wp-content\/uploads\/2026\/01\/about_us_history_management-1-750x211.webp 2x\">\n        <source media=\"(max-width: 767.99px)\"\n                srcset=\"https:\/\/bankofnassau.com\/wp-content\/uploads\/2026\/01\/about_us_history_management-1-768x216.webp, https:\/\/bankofnassau.com\/wp-content\/uploads\/2026\/01\/about_us_history_management-1-1536x433.webp 2x\">\n        <source media=\"(max-width: 1023.99px)\"\n                srcset=\"https:\/\/bankofnassau.com\/wp-content\/uploads\/2026\/01\/about_us_history_management-1-1024x289.webp, https:\/\/bankofnassau.com\/wp-content\/uploads\/2026\/01\/about_us_history_management-1-2048x577.webp 2x\">\n        <source media=\"(max-width: 1199.99px)\"\n                srcset=\"https:\/\/bankofnassau.com\/wp-content\/uploads\/2026\/01\/about_us_history_management-1-1200x338.webp, https:\/\/bankofnassau.com\/wp-content\/uploads\/2026\/01\/about_us_history_management-1-2400x677.webp 2x\">\n        <source media=\"(max-width: 1599.99px)\"\n                srcset=\"https:\/\/bankofnassau.com\/wp-content\/uploads\/2026\/01\/about_us_history_management-1-1600x451.webp, https:\/\/bankofnassau.com\/wp-content\/uploads\/2026\/01\/about_us_history_management-1-scaled.webp 2x\">\n        <source media=\"(min-width: 1600px)\"\n                srcset=\"https:\/\/bankofnassau.com\/wp-content\/uploads\/2026\/01\/about_us_history_management-1-2000x564.webp, https:\/\/bankofnassau.com\/wp-content\/uploads\/2026\/01\/about_us_history_management-1-scaled.webp 2x\">\n\n        <img class=\"pagehead__image el-image\"\n             src=\"https:\/\/bankofnassau.com\/wp-content\/uploads\/2026\/01\/about_us_history_management-1-1200x338.webp\"\n             alt=\"about_us_history_management\"\n             width=\"1200\"\n             height=\"338\"\n             loading=\"lazy\"\n             decoding=\"async\">\n    <\/picture>\n\n    <\/div>\n    <div class=\"pagehead__container\">\n        <div class=\"pagehead__body\">\n                            <section data-fls-breadcrumbs=\"\" class=\"breadcrumbs\">\n                    <ul class=\"breadcrumbs__list\">\n                                                    <li class=\"breadcrumbs__item\">\n                                                                <span class=\"--icon-arrow-left-thin left-icon\"><\/span>\n                                                                                                    <a href=\"\/es\/\" class=\"breadcrumbs__item-link\">Inicio<\/a>\n                                                                                                    <span class=\"--icon-arrow-right-thin right-icon\"><\/span>\n                                                            <\/li>\n                                                    <li class=\"breadcrumbs__item\">\n                                                                <span class=\"--icon-arrow-left-thin left-icon\"><\/span>\n                                                                                                    <span class=\"breadcrumbs__item-text\">Sobre nosotros<\/span>\n                                                                                            <\/li>\n                                            <\/ul>\n                <\/section>\n                        <h4 class=\"pagehead__title\">Direcci\u00f3n<\/h4>\n        <\/div>\n    <\/div>\n<\/section>\n\n\n<section data-fls-tabsnavigation=\"\" class=\"tabsnavigation\">\n\t<div class=\"tabsnavigation__container\">\n\t\t<div class=\"tabsnavigation__body\">\n\t\t\t<ul class=\"tabsnavigation__list\">\n\t\t\t\t\t\t\t\t\t<li class=\"tabsnavigation__item \">\n\t\t\t\t\t\t<a href=\"https:\/\/bankofnassau.com\/about\/\" class=\"tabsnavigation__item-link\">About Us<\/a>\n\t\t\t\t\t<\/li>\n\t\t\t\t\t\t\t\t\t<li class=\"tabsnavigation__item \">\n\t\t\t\t\t\t<a href=\"https:\/\/bankofnassau.com\/the-bahamas\/\" class=\"tabsnavigation__item-link\">The Bahamas<\/a>\n\t\t\t\t\t<\/li>\n\t\t\t\t\t\t\t\t\t<li class=\"tabsnavigation__item \">\n\t\t\t\t\t\t<a href=\"https:\/\/bankofnassau.com\/management\/\" class=\"tabsnavigation__item-link\">Management<\/a>\n\t\t\t\t\t<\/li>\n\t\t\t\t\t\t\t\t\t<li class=\"tabsnavigation__item \">\n\t\t\t\t\t\t<a href=\"https:\/\/bankofnassau.com\/compliance-and-regulations\/\" class=\"tabsnavigation__item-link\">Compliance and Regulations<\/a>\n\t\t\t\t\t<\/li>\n\t\t\t\t\t\t\t<\/ul>\n\t\t<\/div>\n\t<\/div>\n<\/section>\n\n\n                                    \n    <div class=\"page__container\">\n        <div class=\"mt-64-96 mb-48-80 text text--medium text-899-left-to-first-line\">\n            <h2><span data-sheets-root=\"1\">El equipo directivo de Bank of Nassau define la visi\u00f3n de Bank of Nassau y gu\u00eda a un equipo excepcional para ejecutar la direcci\u00f3n estrat\u00e9gica del banco.<\/span><\/h2>\n\n        <\/div>\n    <\/div>\n\n\n    <div class=\"page__container relative\">\n        <div class=\"page__teammembers teammembers mb-62-120\">\n                                            <a data-fls-teamcard=\"\" href=\"https:\/\/bankofnassau.com\/es\/management\/jonathan-cartwright\/\" class=\"teamcard\" >\n                        <picture class=\"el-picture\">\n        <source media=\"(max-width: 374.99px)\"\n                srcset=\"https:\/\/bankofnassau.com\/wp-content\/uploads\/2025\/12\/Jonathan-Cartwright-2-375x277.png, https:\/\/bankofnassau.com\/wp-content\/uploads\/2025\/12\/Jonathan-Cartwright-2-scaled.png 2x\">\n        <source media=\"(max-width: 767.99px)\"\n                srcset=\"https:\/\/bankofnassau.com\/wp-content\/uploads\/2025\/12\/Jonathan-Cartwright-2-768x568.png, https:\/\/bankofnassau.com\/wp-content\/uploads\/2025\/12\/Jonathan-Cartwright-2-scaled.png 2x\">\n        <source media=\"(max-width: 1023.99px)\"\n                srcset=\"https:\/\/bankofnassau.com\/wp-content\/uploads\/2025\/12\/Jonathan-Cartwright-2-1024x757.png, https:\/\/bankofnassau.com\/wp-content\/uploads\/2025\/12\/Jonathan-Cartwright-2-scaled.png 2x\">\n        <source media=\"(max-width: 1199.99px)\"\n                srcset=\"https:\/\/bankofnassau.com\/wp-content\/uploads\/2025\/12\/Jonathan-Cartwright-2-1200x887.png, https:\/\/bankofnassau.com\/wp-content\/uploads\/2025\/12\/Jonathan-Cartwright-2-scaled.png 2x\">\n        <source media=\"(max-width: 1599.99px)\"\n                srcset=\"https:\/\/bankofnassau.com\/wp-content\/uploads\/2025\/12\/Jonathan-Cartwright-2-scaled.png, https:\/\/bankofnassau.com\/wp-content\/uploads\/2025\/12\/Jonathan-Cartwright-2-scaled.png 2x\">\n        <source media=\"(min-width: 1600px)\"\n                srcset=\"https:\/\/bankofnassau.com\/wp-content\/uploads\/2025\/12\/Jonathan-Cartwright-2-scaled.png, https:\/\/bankofnassau.com\/wp-content\/uploads\/2025\/12\/Jonathan-Cartwright-2-scaled.png 2x\">\n\n        <img class=\"teamcard__image el-image\"\n             src=\"https:\/\/bankofnassau.com\/wp-content\/uploads\/2025\/12\/Jonathan-Cartwright-2-1200x887.png\"\n             alt=\"Jonathan Cartwright\"\n             width=\"1200\"\n             height=\"887\"\n             loading=\"lazy\"\n             decoding=\"async\">\n    <\/picture>\n\n                    <span class=\"teamcard__name\">Jonathan Cartwright<\/span>\n                    <p class=\"teamcard__position\">Director Ejecutivo<\/p>\n                <\/a>\n                                            <a data-fls-teamcard=\"\" href=\"https:\/\/bankofnassau.com\/es\/management\/anthony-ferguson\/\" class=\"teamcard\" >\n                        <picture class=\"el-picture\">\n        <source media=\"(max-width: 374.99px)\"\n                srcset=\"https:\/\/bankofnassau.com\/wp-content\/uploads\/2025\/12\/Anthony-Ferguson-2-375x277.png, https:\/\/bankofnassau.com\/wp-content\/uploads\/2025\/12\/Anthony-Ferguson-2-scaled.png 2x\">\n        <source media=\"(max-width: 767.99px)\"\n                srcset=\"https:\/\/bankofnassau.com\/wp-content\/uploads\/2025\/12\/Anthony-Ferguson-2-768x566.png, https:\/\/bankofnassau.com\/wp-content\/uploads\/2025\/12\/Anthony-Ferguson-2-scaled.png 2x\">\n        <source media=\"(max-width: 1023.99px)\"\n                srcset=\"https:\/\/bankofnassau.com\/wp-content\/uploads\/2025\/12\/Anthony-Ferguson-2-1024x755.png, https:\/\/bankofnassau.com\/wp-content\/uploads\/2025\/12\/Anthony-Ferguson-2-scaled.png 2x\">\n        <source media=\"(max-width: 1199.99px)\"\n                srcset=\"https:\/\/bankofnassau.com\/wp-content\/uploads\/2025\/12\/Anthony-Ferguson-2-1200x885.png, https:\/\/bankofnassau.com\/wp-content\/uploads\/2025\/12\/Anthony-Ferguson-2-scaled.png 2x\">\n        <source media=\"(max-width: 1599.99px)\"\n                srcset=\"https:\/\/bankofnassau.com\/wp-content\/uploads\/2025\/12\/Anthony-Ferguson-2-scaled.png, https:\/\/bankofnassau.com\/wp-content\/uploads\/2025\/12\/Anthony-Ferguson-2-scaled.png 2x\">\n        <source media=\"(min-width: 1600px)\"\n                srcset=\"https:\/\/bankofnassau.com\/wp-content\/uploads\/2025\/12\/Anthony-Ferguson-2-scaled.png, https:\/\/bankofnassau.com\/wp-content\/uploads\/2025\/12\/Anthony-Ferguson-2-scaled.png 2x\">\n\n        <img class=\"teamcard__image el-image\"\n             src=\"https:\/\/bankofnassau.com\/wp-content\/uploads\/2025\/12\/Anthony-Ferguson-2-1200x885.png\"\n             alt=\"Anthony Ferguson\"\n             width=\"1200\"\n             height=\"885\"\n             loading=\"lazy\"\n             decoding=\"async\">\n    <\/picture>\n\n                    <span class=\"teamcard__name\">Anthony Ferguson<\/span>\n                    <p class=\"teamcard__position\">Director de Inversiones<\/p>\n                <\/a>\n                                            <a data-fls-teamcard=\"\" href=\"https:\/\/bankofnassau.com\/es\/management\/win-thin\/\" class=\"teamcard\" >\n                        <picture class=\"el-picture\">\n        <source media=\"(max-width: 374.99px)\"\n                srcset=\"https:\/\/bankofnassau.com\/wp-content\/uploads\/2025\/12\/Win-Thin-2-375x278.png, https:\/\/bankofnassau.com\/wp-content\/uploads\/2025\/12\/Win-Thin-2-scaled.png 2x\">\n        <source media=\"(max-width: 767.99px)\"\n                srcset=\"https:\/\/bankofnassau.com\/wp-content\/uploads\/2025\/12\/Win-Thin-2-768x569.png, https:\/\/bankofnassau.com\/wp-content\/uploads\/2025\/12\/Win-Thin-2-scaled.png 2x\">\n        <source media=\"(max-width: 1023.99px)\"\n                srcset=\"https:\/\/bankofnassau.com\/wp-content\/uploads\/2025\/12\/Win-Thin-2-1024x759.png, https:\/\/bankofnassau.com\/wp-content\/uploads\/2025\/12\/Win-Thin-2-scaled.png 2x\">\n        <source media=\"(max-width: 1199.99px)\"\n                srcset=\"https:\/\/bankofnassau.com\/wp-content\/uploads\/2025\/12\/Win-Thin-2-1200x889.png, https:\/\/bankofnassau.com\/wp-content\/uploads\/2025\/12\/Win-Thin-2-scaled.png 2x\">\n        <source media=\"(max-width: 1599.99px)\"\n                srcset=\"https:\/\/bankofnassau.com\/wp-content\/uploads\/2025\/12\/Win-Thin-2-scaled.png, https:\/\/bankofnassau.com\/wp-content\/uploads\/2025\/12\/Win-Thin-2-scaled.png 2x\">\n        <source media=\"(min-width: 1600px)\"\n                srcset=\"https:\/\/bankofnassau.com\/wp-content\/uploads\/2025\/12\/Win-Thin-2-scaled.png, https:\/\/bankofnassau.com\/wp-content\/uploads\/2025\/12\/Win-Thin-2-scaled.png 2x\">\n\n        <img class=\"teamcard__image el-image\"\n             src=\"https:\/\/bankofnassau.com\/wp-content\/uploads\/2025\/12\/Win-Thin-2-1200x889.png\"\n             alt=\"Win Thin\"\n             width=\"1200\"\n             height=\"889\"\n             loading=\"lazy\"\n             decoding=\"async\">\n    <\/picture>\n\n                    <span class=\"teamcard__name\">Win Thin<\/span>\n                    <p class=\"teamcard__position\">Economista Jefe<\/p>\n                <\/a>\n                                            <a data-fls-teamcard=\"\" href=\"https:\/\/bankofnassau.com\/es\/management\/patrick-guye-bergeret\/\" class=\"teamcard\" >\n                        <picture class=\"el-picture\">\n        <source media=\"(max-width: 374.99px)\"\n                srcset=\"https:\/\/bankofnassau.com\/wp-content\/uploads\/2025\/12\/Valentin-Sevilla-2-375x277.png, https:\/\/bankofnassau.com\/wp-content\/uploads\/2025\/12\/Valentin-Sevilla-2-scaled.png 2x\">\n        <source media=\"(max-width: 767.99px)\"\n                srcset=\"https:\/\/bankofnassau.com\/wp-content\/uploads\/2025\/12\/Valentin-Sevilla-2-768x566.png, https:\/\/bankofnassau.com\/wp-content\/uploads\/2025\/12\/Valentin-Sevilla-2-scaled.png 2x\">\n        <source media=\"(max-width: 1023.99px)\"\n                srcset=\"https:\/\/bankofnassau.com\/wp-content\/uploads\/2025\/12\/Valentin-Sevilla-2-1024x755.png, https:\/\/bankofnassau.com\/wp-content\/uploads\/2025\/12\/Valentin-Sevilla-2-scaled.png 2x\">\n        <source media=\"(max-width: 1199.99px)\"\n                srcset=\"https:\/\/bankofnassau.com\/wp-content\/uploads\/2025\/12\/Valentin-Sevilla-2-1200x885.png, https:\/\/bankofnassau.com\/wp-content\/uploads\/2025\/12\/Valentin-Sevilla-2-scaled.png 2x\">\n        <source media=\"(max-width: 1599.99px)\"\n                srcset=\"https:\/\/bankofnassau.com\/wp-content\/uploads\/2025\/12\/Valentin-Sevilla-2-scaled.png, https:\/\/bankofnassau.com\/wp-content\/uploads\/2025\/12\/Valentin-Sevilla-2-scaled.png 2x\">\n        <source media=\"(min-width: 1600px)\"\n                srcset=\"https:\/\/bankofnassau.com\/wp-content\/uploads\/2025\/12\/Valentin-Sevilla-2-scaled.png, https:\/\/bankofnassau.com\/wp-content\/uploads\/2025\/12\/Valentin-Sevilla-2-scaled.png 2x\">\n\n        <img class=\"teamcard__image el-image\"\n             src=\"https:\/\/bankofnassau.com\/wp-content\/uploads\/2025\/12\/Valentin-Sevilla-2-1200x885.png\"\n             alt=\"Valentin Sevilla\"\n             width=\"1200\"\n             height=\"885\"\n             loading=\"lazy\"\n             decoding=\"async\">\n    <\/picture>\n\n                    <span class=\"teamcard__name\">Patrick Guye-Bergeret<\/span>\n                    <p class=\"teamcard__position\">Director de Banca Privada<\/p>\n                <\/a>\n                                            <a data-fls-teamcard=\"\" href=\"https:\/\/bankofnassau.com\/es\/management\/valentin-sevilla\/\" class=\"teamcard\" >\n                        <picture class=\"el-picture\">\n        <source media=\"(max-width: 374.99px)\"\n                srcset=\"https:\/\/bankofnassau.com\/wp-content\/uploads\/2025\/12\/Patrick-Guye-Bergeret-2-375x277.png, https:\/\/bankofnassau.com\/wp-content\/uploads\/2025\/12\/Patrick-Guye-Bergeret-2-scaled.png 2x\">\n        <source media=\"(max-width: 767.99px)\"\n                srcset=\"https:\/\/bankofnassau.com\/wp-content\/uploads\/2025\/12\/Patrick-Guye-Bergeret-2-768x568.png, https:\/\/bankofnassau.com\/wp-content\/uploads\/2025\/12\/Patrick-Guye-Bergeret-2-scaled.png 2x\">\n        <source media=\"(max-width: 1023.99px)\"\n                srcset=\"https:\/\/bankofnassau.com\/wp-content\/uploads\/2025\/12\/Patrick-Guye-Bergeret-2-1024x757.png, https:\/\/bankofnassau.com\/wp-content\/uploads\/2025\/12\/Patrick-Guye-Bergeret-2-scaled.png 2x\">\n        <source media=\"(max-width: 1199.99px)\"\n                srcset=\"https:\/\/bankofnassau.com\/wp-content\/uploads\/2025\/12\/Patrick-Guye-Bergeret-2-1200x887.png, https:\/\/bankofnassau.com\/wp-content\/uploads\/2025\/12\/Patrick-Guye-Bergeret-2-scaled.png 2x\">\n        <source media=\"(max-width: 1599.99px)\"\n                srcset=\"https:\/\/bankofnassau.com\/wp-content\/uploads\/2025\/12\/Patrick-Guye-Bergeret-2-scaled.png, https:\/\/bankofnassau.com\/wp-content\/uploads\/2025\/12\/Patrick-Guye-Bergeret-2-scaled.png 2x\">\n        <source media=\"(min-width: 1600px)\"\n                srcset=\"https:\/\/bankofnassau.com\/wp-content\/uploads\/2025\/12\/Patrick-Guye-Bergeret-2-scaled.png, https:\/\/bankofnassau.com\/wp-content\/uploads\/2025\/12\/Patrick-Guye-Bergeret-2-scaled.png 2x\">\n\n        <img class=\"teamcard__image el-image\"\n             src=\"https:\/\/bankofnassau.com\/wp-content\/uploads\/2025\/12\/Patrick-Guye-Bergeret-2-1200x887.png\"\n             alt=\"Patrick Guye-Bergeret\"\n             width=\"1200\"\n             height=\"887\"\n             loading=\"lazy\"\n             decoding=\"async\">\n    <\/picture>\n\n                    <span class=\"teamcard__name\">Valentin Sevilla<\/span>\n                    <p class=\"teamcard__position\">Director de Inversiones<\/p>\n                <\/a>\n                                            <a data-fls-teamcard=\"\" href=\"https:\/\/bankofnassau.com\/es\/management\/michelle-deveaux\/\" class=\"teamcard\" >\n                        <picture class=\"el-picture\">\n        <source media=\"(max-width: 374.99px)\"\n                srcset=\"https:\/\/bankofnassau.com\/wp-content\/uploads\/2025\/12\/Michelle-Deveaux-2-375x278.png, https:\/\/bankofnassau.com\/wp-content\/uploads\/2025\/12\/Michelle-Deveaux-2-scaled.png 2x\">\n        <source media=\"(max-width: 767.99px)\"\n                srcset=\"https:\/\/bankofnassau.com\/wp-content\/uploads\/2025\/12\/Michelle-Deveaux-2-768x569.png, https:\/\/bankofnassau.com\/wp-content\/uploads\/2025\/12\/Michelle-Deveaux-2-scaled.png 2x\">\n        <source media=\"(max-width: 1023.99px)\"\n                srcset=\"https:\/\/bankofnassau.com\/wp-content\/uploads\/2025\/12\/Michelle-Deveaux-2-1024x759.png, https:\/\/bankofnassau.com\/wp-content\/uploads\/2025\/12\/Michelle-Deveaux-2-scaled.png 2x\">\n        <source media=\"(max-width: 1199.99px)\"\n                srcset=\"https:\/\/bankofnassau.com\/wp-content\/uploads\/2025\/12\/Michelle-Deveaux-2-1200x889.png, https:\/\/bankofnassau.com\/wp-content\/uploads\/2025\/12\/Michelle-Deveaux-2-scaled.png 2x\">\n        <source media=\"(max-width: 1599.99px)\"\n                srcset=\"https:\/\/bankofnassau.com\/wp-content\/uploads\/2025\/12\/Michelle-Deveaux-2-scaled.png, https:\/\/bankofnassau.com\/wp-content\/uploads\/2025\/12\/Michelle-Deveaux-2-scaled.png 2x\">\n        <source media=\"(min-width: 1600px)\"\n                srcset=\"https:\/\/bankofnassau.com\/wp-content\/uploads\/2025\/12\/Michelle-Deveaux-2-scaled.png, https:\/\/bankofnassau.com\/wp-content\/uploads\/2025\/12\/Michelle-Deveaux-2-scaled.png 2x\">\n\n        <img class=\"teamcard__image el-image\"\n             src=\"https:\/\/bankofnassau.com\/wp-content\/uploads\/2025\/12\/Michelle-Deveaux-2-1200x889.png\"\n             alt=\"Michelle Deveaux\"\n             width=\"1200\"\n             height=\"889\"\n             loading=\"lazy\"\n             decoding=\"async\">\n    <\/picture>\n\n                    <span class=\"teamcard__name\">Michelle Deveaux<\/span>\n                    <p class=\"teamcard__position\">Directora de Planificaci\u00f3n Patrimonial<\/p>\n                <\/a>\n                    <\/div>\n    <\/div>\n\n\n\n<p><\/p>\n","protected":false},"excerpt":{"rendered":"","protected":false},"author":1,"featured_media":0,"parent":0,"menu_order":0,"comment_status":"closed","ping_status":"closed","template":"","meta":{"_acf_changed":false,"inline_featured_image":false,"footnotes":""},"class_list":["post-253","page","type-page","status-publish","hentry"],"acf":[],"yoast_head":"<!-- This site is optimized with the Yoast SEO plugin v27.4 - https:\/\/yoast.com\/product\/yoast-seo-wordpress\/ -->\n<title>Direcci\u00f3n - Bank of Nassau<\/title>\n<meta name=\"robots\" content=\"index, follow, max-snippet:-1, max-image-preview:large, max-video-preview:-1\" \/>\n<link rel=\"canonical\" href=\"https:\/\/bankofnassau.com\/es\/management\/\" \/>\n<meta property=\"og:locale\" content=\"es_ES\" \/>\n<meta property=\"og:type\" content=\"article\" \/>\n<meta property=\"og:title\" content=\"Direcci\u00f3n - Bank of Nassau\" \/>\n<meta property=\"og:url\" content=\"https:\/\/bankofnassau.com\/es\/management\/\" \/>\n<meta property=\"og:site_name\" content=\"Bank of Nassau\" \/>\n<meta property=\"article:modified_time\" content=\"2026-01-28T19:57:30+00:00\" \/>\n<meta name=\"twitter:card\" content=\"summary_large_image\" \/>\n<script type=\"application\/ld+json\" class=\"yoast-schema-graph\">{\"@context\":\"https:\\\/\\\/schema.org\",\"@graph\":[{\"@type\":\"WebPage\",\"@id\":\"https:\\\/\\\/bankofnassau.com\\\/es\\\/management\\\/\",\"url\":\"https:\\\/\\\/bankofnassau.com\\\/es\\\/management\\\/\",\"name\":\"Direcci\u00f3n - Bank of Nassau\",\"isPartOf\":{\"@id\":\"https:\\\/\\\/bankofnassau.com\\\/es\\\/#website\"},\"datePublished\":\"2025-12-16T16:31:52+00:00\",\"dateModified\":\"2026-01-28T19:57:30+00:00\",\"breadcrumb\":{\"@id\":\"https:\\\/\\\/bankofnassau.com\\\/es\\\/management\\\/#breadcrumb\"},\"inLanguage\":\"es\",\"potentialAction\":[{\"@type\":\"ReadAction\",\"target\":[\"https:\\\/\\\/bankofnassau.com\\\/es\\\/management\\\/\"]}]},{\"@type\":\"BreadcrumbList\",\"@id\":\"https:\\\/\\\/bankofnassau.com\\\/es\\\/management\\\/#breadcrumb\",\"itemListElement\":[{\"@type\":\"ListItem\",\"position\":1,\"name\":\"Home\",\"item\":\"https:\\\/\\\/bankofnassau.com\\\/es\\\/\"},{\"@type\":\"ListItem\",\"position\":2,\"name\":\"Administraci\u00f3n\"}]},{\"@type\":\"WebSite\",\"@id\":\"https:\\\/\\\/bankofnassau.com\\\/es\\\/#website\",\"url\":\"https:\\\/\\\/bankofnassau.com\\\/es\\\/\",\"name\":\"Bank of Nassau\",\"description\":\"\",\"potentialAction\":[{\"@type\":\"SearchAction\",\"target\":{\"@type\":\"EntryPoint\",\"urlTemplate\":\"https:\\\/\\\/bankofnassau.com\\\/es\\\/?s={search_term_string}\"},\"query-input\":{\"@type\":\"PropertyValueSpecification\",\"valueRequired\":true,\"valueName\":\"search_term_string\"}}],\"inLanguage\":\"es\"}]}<\/script>\n<!-- \/ Yoast SEO plugin. -->","yoast_head_json":{"title":"Direcci\u00f3n - Bank of Nassau","robots":{"index":"index","follow":"follow","max-snippet":"max-snippet:-1","max-image-preview":"max-image-preview:large","max-video-preview":"max-video-preview:-1"},"canonical":"https:\/\/bankofnassau.com\/es\/management\/","og_locale":"es_ES","og_type":"article","og_title":"Direcci\u00f3n - Bank of Nassau","og_url":"https:\/\/bankofnassau.com\/es\/management\/","og_site_name":"Bank of Nassau","article_modified_time":"2026-01-28T19:57:30+00:00","twitter_card":"summary_large_image","schema":{"@context":"https:\/\/schema.org","@graph":[{"@type":"WebPage","@id":"https:\/\/bankofnassau.com\/es\/management\/","url":"https:\/\/bankofnassau.com\/es\/management\/","name":"Direcci\u00f3n - Bank of Nassau","isPartOf":{"@id":"https:\/\/bankofnassau.com\/es\/#website"},"datePublished":"2025-12-16T16:31:52+00:00","dateModified":"2026-01-28T19:57:30+00:00","breadcrumb":{"@id":"https:\/\/bankofnassau.com\/es\/management\/#breadcrumb"},"inLanguage":"es","potentialAction":[{"@type":"ReadAction","target":["https:\/\/bankofnassau.com\/es\/management\/"]}]},{"@type":"BreadcrumbList","@id":"https:\/\/bankofnassau.com\/es\/management\/#breadcrumb","itemListElement":[{"@type":"ListItem","position":1,"name":"Home","item":"https:\/\/bankofnassau.com\/es\/"},{"@type":"ListItem","position":2,"name":"Administraci\u00f3n"}]},{"@type":"WebSite","@id":"https:\/\/bankofnassau.com\/es\/#website","url":"https:\/\/bankofnassau.com\/es\/","name":"Bank of Nassau","description":"","potentialAction":[{"@type":"SearchAction","target":{"@type":"EntryPoint","urlTemplate":"https:\/\/bankofnassau.com\/es\/?s={search_term_string}"},"query-input":{"@type":"PropertyValueSpecification","valueRequired":true,"valueName":"search_term_string"}}],"inLanguage":"es"}]}},"_links":{"self":[{"href":"https:\/\/bankofnassau.com\/es\/wp-json\/wp\/v2\/pages\/253","targetHints":{"allow":["GET"]}}],"collection":[{"href":"https:\/\/bankofnassau.com\/es\/wp-json\/wp\/v2\/pages"}],"about":[{"href":"https:\/\/bankofnassau.com\/es\/wp-json\/wp\/v2\/types\/page"}],"author":[{"embeddable":true,"href":"https:\/\/bankofnassau.com\/es\/wp-json\/wp\/v2\/users\/1"}],"replies":[{"embeddable":true,"href":"https:\/\/bankofnassau.com\/es\/wp-json\/wp\/v2\/comments?post=253"}],"version-history":[{"count":12,"href":"https:\/\/bankofnassau.com\/es\/wp-json\/wp\/v2\/pages\/253\/revisions"}],"predecessor-version":[{"id":3858,"href":"https:\/\/bankofnassau.com\/es\/wp-json\/wp\/v2\/pages\/253\/revisions\/3858"}],"wp:attachment":[{"href":"https:\/\/bankofnassau.com\/es\/wp-json\/wp\/v2\/media?parent=253"}],"curies":[{"name":"wp","href":"https:\/\/api.w.org\/{rel}","templated":true}]}}